{"id":11046,"date":"2025-09-03T09:14:59","date_gmt":"2025-09-03T07:14:59","guid":{"rendered":"https:\/\/rutana.webdemo.lt\/?post_type=product&#038;p=11046"},"modified":"2025-10-13T15:38:16","modified_gmt":"2025-10-13T13:38:16","slug":"saldainiai-nuts-1kg-vilniaus-pergale","status":"publish","type":"product","link":"https:\/\/rutana.lt\/en\/product\/saldainiai-nuts-1kg-vilniaus-pergale\/","title":{"rendered":"Saldainiai NUTS 1kg Vilniaus Pergal\u0117"},"content":{"rendered":"<p><span style=\"text-align: justify;\">Saldainiai NUTS &#8211; kakavinis \u012fdaras su skaldytais \u017eem\u0117s rie\u0161utais, glaistytas pieniniu \u0161okoladu.<\/span><\/p>\n<dt class=\"b-product-info--info-3-title\" style=\"line-height: 1.42857; margin-top: 15px;\"><span style=\"font-weight: normal;\">Sudedamosios dalys:<\/span><\/dt>\n<dd style=\"line-height: 1.42857; margin-bottom: 10px;\">Cukrus, visi\u0161kai hidrinti palmi\u0173 branduoli\u0173, palmi\u0173 riebalai, smulkinti kepinti \u017dEM\u0116S rie\u0161utai (21 %), liesi kakavos milteliai, PIENO i\u0161r\u016bg\u0173 permeatas, vafli\u0173 trupiniai (KVIETINIAI miltai, vanduo, raps\u0173 aliejus, te\u0161los kildymo med\u017eiagos: natrio karbonatai, amonio karbonatai; valgomoji druska, emulsiklis SOJ\u0172 lecitinai ), smulkintos d\u017eiovintos spanguol\u0117s (spanguol\u0117s, cukrus, saul\u0117gr\u0105\u017e\u0173 aliejus, ry\u017ei\u0173 miltai), emulsiklis SOJ\u0172 lecitinai, smulkinti apelsininiai gabaliukai (obuoli\u0173 tyr\u0117, apelsin\u0173 sultys, dr\u0117gm\u0119 i\u0161laikanti med\u017eiaga glicerolis, fruktoz\u0117s \u2013 gliukoz\u0117s sirupas, gliukoz\u0117s sirupas, KVIE\u010cI\u0172 skaidulos, cukrus, ry\u017ei\u0173 krakmolas, palmi\u0173 riebalai, tir\u0161tiklis pektinai, r\u016bg\u0161tingum\u0105 reguliuojanti med\u017eiaga citrin\u0173 r\u016bg\u0161tis, nat\u016brali apelsin\u0173 kvapioji med\u017eiaga, antioksidantas askorbo r\u016bg\u0161tis, da\u017eiklis kurkuminas), smulkintos d\u017eiovintos dumpl\u016bn\u0117s (dumpl\u016bn\u0117s, ry\u017ei\u0173 miltai), smulkintos karamelizuotos moli\u016bg\u0173 s\u0117klos (moli\u016bg\u0173 s\u0117klos, cukrus), smulkinti LAZDYN\u0172 rie\u0161utai (0,15 %), smulkinti MIGDOLAI (0,15 %), sald\u017eiavaisio pupmed\u017eio vaisi\u0173 milteliai, kvapiosios med\u017eiagos, citrininiai tra\u0161ku\u010diai (gliukoz\u0117s sirupas, koncentruotos citrin\u0173 sultys, abrikos\u0173 mas\u0117: abrikosai, cukrus; modifikuotas bulvi\u0173 krakmolas, tir\u0161tiklis natrio alginatas, kvapioji med\u017eiaga), \u0161altyje d\u017eiovinti avie\u010di\u0173 ir ananas\u0173 gabal\u0117liai. Gali b\u016bti ANAKARD\u017dI\u0172 ir j\u0173 produkt\u0173.<\/dd>\n<p>Kiekis: 1 kg<\/p>\n<p>Kilm\u0117s \u0161alis: Lietuva<\/p>","protected":false},"excerpt":{"rendered":"<p>Saldainiai NUTS &#8211; kakavinis \u012fdaras su skaldytais \u017eem\u0117s rie\u0161utais, glaistytas pieniniu \u0161okoladu. Sudedamosios dalys: Cukrus, visi\u0161kai hidrinti palmi\u0173 branduoli\u0173, palmi\u0173 riebalai, smulkinti kepinti \u017dEM\u0116S rie\u0161utai (21 %), liesi kakavos milteliai, PIENO i\u0161r\u016bg\u0173 permeatas, vafli\u0173 trupiniai (KVIETINIAI miltai, vanduo, raps\u0173 aliejus, te\u0161los kildymo med\u017eiagos: natrio karbonatai, amonio karbonatai; valgomoji druska, emulsiklis SOJ\u0172 lecitinai ), smulkintos d\u017eiovintos [&hellip;]<\/p>","protected":false},"featured_media":27353,"comment_status":"open","ping_status":"closed","template":"","meta":{"_season_start":"","_season_end":"","_season_days":"","_season_months":"","_season_auto_visibility":""},"product_brand":[754],"product_cat":[1879,1880],"product_tag":[],"class_list":{"0":"post-11046","1":"product","2":"type-product","3":"status-publish","4":"has-post-thumbnail","6":"product_brand-vilniaus-pergale","7":"product_cat-saldainiai","8":"product_cat-sokolodai","10":"first","11":"instock","12":"taxable","13":"shipping-taxable","14":"purchasable","15":"product-type-simple"},"yoast_head":"<!-- This site is optimized with the Yoast SEO plugin v27.4 - https:\/\/yoast.com\/product\/yoast-seo-wordpress\/ -->\n<title>Saldainiai NUTS 1kg Vilniaus Pergal\u0117 - Rutana - Ra\u0161tin\u0117s reikmenys<\/title>\n<meta name=\"robots\" content=\"index, follow, max-snippet:-1, max-image-preview:large, max-video-preview:-1\" \/>\n<link rel=\"canonical\" href=\"https:\/\/rutana.lt\/en\/product\/saldainiai-nuts-1kg-vilniaus-pergale\/\" \/>\n<meta property=\"og:locale\" content=\"en_US\" \/>\n<meta property=\"og:type\" content=\"article\" \/>\n<meta property=\"og:title\" content=\"Saldainiai NUTS 1kg Vilniaus Pergal\u0117 - Rutana - Ra\u0161tin\u0117s reikmenys\" \/>\n<meta property=\"og:description\" content=\"Saldainiai NUTS &#8211; kakavinis \u012fdaras su skaldytais \u017eem\u0117s rie\u0161utais, glaistytas pieniniu \u0161okoladu. Sudedamosios dalys: Cukrus, visi\u0161kai hidrinti palmi\u0173 branduoli\u0173, palmi\u0173 riebalai, smulkinti kepinti \u017dEM\u0116S rie\u0161utai (21 %), liesi kakavos milteliai, PIENO i\u0161r\u016bg\u0173 permeatas, vafli\u0173 trupiniai (KVIETINIAI miltai, vanduo, raps\u0173 aliejus, te\u0161los kildymo med\u017eiagos: natrio karbonatai, amonio karbonatai; valgomoji druska, emulsiklis SOJ\u0172 lecitinai ), smulkintos d\u017eiovintos [&hellip;]\" \/>\n<meta property=\"og:url\" content=\"https:\/\/rutana.lt\/en\/product\/saldainiai-nuts-1kg-vilniaus-pergale\/\" \/>\n<meta property=\"og:site_name\" content=\"Rutana - Ra\u0161tin\u0117s reikmenys\" \/>\n<meta property=\"article:publisher\" content=\"https:\/\/www.facebook.com\/RutanaKanceliarinesPrekes\/\" \/>\n<meta property=\"article:modified_time\" content=\"2025-10-13T13:38:16+00:00\" \/>\n<meta property=\"og:image\" content=\"https:\/\/rutana.lt\/wp-content\/uploads\/2025\/09\/B091-500.jpg\" \/>\n\t<meta property=\"og:image:width\" content=\"500\" \/>\n\t<meta property=\"og:image:height\" content=\"500\" \/>\n\t<meta property=\"og:image:type\" content=\"image\/jpeg\" \/>\n<meta name=\"twitter:card\" content=\"summary_large_image\" \/>\n<meta name=\"twitter:label1\" content=\"Est. reading time\" \/>\n\t<meta name=\"twitter:data1\" content=\"1 minute\" \/>\n<script type=\"application\/ld+json\" class=\"yoast-schema-graph\">{\"@context\":\"https:\\\/\\\/schema.org\",\"@graph\":[{\"@type\":\"WebPage\",\"@id\":\"https:\\\/\\\/rutana.lt\\\/produktas\\\/saldainiai-nuts-1kg-vilniaus-pergale\\\/\",\"url\":\"https:\\\/\\\/rutana.lt\\\/produktas\\\/saldainiai-nuts-1kg-vilniaus-pergale\\\/\",\"name\":\"Saldainiai NUTS 1kg Vilniaus Pergal\u0117 - Rutana - Ra\u0161tin\u0117s reikmenys\",\"isPartOf\":{\"@id\":\"https:\\\/\\\/rutana.lt\\\/#website\"},\"primaryImageOfPage\":{\"@id\":\"https:\\\/\\\/rutana.lt\\\/produktas\\\/saldainiai-nuts-1kg-vilniaus-pergale\\\/#primaryimage\"},\"image\":{\"@id\":\"https:\\\/\\\/rutana.lt\\\/produktas\\\/saldainiai-nuts-1kg-vilniaus-pergale\\\/#primaryimage\"},\"thumbnailUrl\":\"https:\\\/\\\/rutana.lt\\\/wp-content\\\/uploads\\\/2025\\\/09\\\/B091-500-1.jpg?v=1763620083\",\"datePublished\":\"2025-09-03T07:14:59+00:00\",\"dateModified\":\"2025-10-13T13:38:16+00:00\",\"breadcrumb\":{\"@id\":\"https:\\\/\\\/rutana.lt\\\/produktas\\\/saldainiai-nuts-1kg-vilniaus-pergale\\\/#breadcrumb\"},\"inLanguage\":\"en-US\",\"potentialAction\":[{\"@type\":\"ReadAction\",\"target\":[\"https:\\\/\\\/rutana.lt\\\/produktas\\\/saldainiai-nuts-1kg-vilniaus-pergale\\\/\"]}]},{\"@type\":\"ImageObject\",\"inLanguage\":\"en-US\",\"@id\":\"https:\\\/\\\/rutana.lt\\\/produktas\\\/saldainiai-nuts-1kg-vilniaus-pergale\\\/#primaryimage\",\"url\":\"https:\\\/\\\/rutana.lt\\\/wp-content\\\/uploads\\\/2025\\\/09\\\/B091-500-1.jpg?v=1763620083\",\"contentUrl\":\"https:\\\/\\\/rutana.lt\\\/wp-content\\\/uploads\\\/2025\\\/09\\\/B091-500-1.jpg?v=1763620083\",\"width\":500,\"height\":500},{\"@type\":\"BreadcrumbList\",\"@id\":\"https:\\\/\\\/rutana.lt\\\/produktas\\\/saldainiai-nuts-1kg-vilniaus-pergale\\\/#breadcrumb\",\"itemListElement\":[{\"@type\":\"ListItem\",\"position\":1,\"name\":\"Home\",\"item\":\"https:\\\/\\\/rutana.lt\\\/\"},{\"@type\":\"ListItem\",\"position\":2,\"name\":\"Parduotuv\u0117\",\"item\":\"https:\\\/\\\/rutana.lt\\\/parduotuve\\\/\"},{\"@type\":\"ListItem\",\"position\":3,\"name\":\"Saldainiai NUTS 1kg Vilniaus Pergal\u0117\"}]},{\"@type\":\"WebSite\",\"@id\":\"https:\\\/\\\/rutana.lt\\\/#website\",\"url\":\"https:\\\/\\\/rutana.lt\\\/\",\"name\":\"Rutana - Ra\u0161tin\u0117s reikmenys\",\"description\":\"Prekiaujame pasaulin\u0117je rinkoje pripa\u017eintomis, kokybi\u0161komis biuro prek\u0117mis toki\u0173  gamintoj\u0173 kaip: Schneider, Esselte, Novus, 3M, Faber-Castell, Citizen, Milan, Leitz, Colop, Zebra, Staedtler, Durable, Tork, Parker, Waterman ir kt.\",\"publisher\":{\"@id\":\"https:\\\/\\\/rutana.lt\\\/#organization\"},\"potentialAction\":[{\"@type\":\"SearchAction\",\"target\":{\"@type\":\"EntryPoint\",\"urlTemplate\":\"https:\\\/\\\/rutana.lt\\\/?s={search_term_string}\"},\"query-input\":{\"@type\":\"PropertyValueSpecification\",\"valueRequired\":true,\"valueName\":\"search_term_string\"}}],\"inLanguage\":\"en-US\"},{\"@type\":\"Organization\",\"@id\":\"https:\\\/\\\/rutana.lt\\\/#organization\",\"name\":\"Rutana - Ra\u0161tin\u0117s reikmenys\",\"url\":\"https:\\\/\\\/rutana.lt\\\/\",\"logo\":{\"@type\":\"ImageObject\",\"inLanguage\":\"en-US\",\"@id\":\"https:\\\/\\\/rutana.lt\\\/#\\\/schema\\\/logo\\\/image\\\/\",\"url\":\"https:\\\/\\\/rutana.lt\\\/wp-content\\\/uploads\\\/2025\\\/10\\\/Asset-32.png\",\"contentUrl\":\"https:\\\/\\\/rutana.lt\\\/wp-content\\\/uploads\\\/2025\\\/10\\\/Asset-32.png\",\"width\":433,\"height\":119,\"caption\":\"Rutana - Ra\u0161tin\u0117s reikmenys\"},\"image\":{\"@id\":\"https:\\\/\\\/rutana.lt\\\/#\\\/schema\\\/logo\\\/image\\\/\"},\"sameAs\":[\"https:\\\/\\\/www.facebook.com\\\/RutanaKanceliarinesPrekes\\\/\"]}]}<\/script>\n<!-- \/ Yoast SEO plugin. -->","yoast_head_json":{"title":"Saldainiai NUTS 1kg Vilniaus Pergal\u0117 - Rutana - Ra\u0161tin\u0117s reikmenys","robots":{"index":"index","follow":"follow","max-snippet":"max-snippet:-1","max-image-preview":"max-image-preview:large","max-video-preview":"max-video-preview:-1"},"canonical":"https:\/\/rutana.lt\/en\/product\/saldainiai-nuts-1kg-vilniaus-pergale\/","og_locale":"en_US","og_type":"article","og_title":"Saldainiai NUTS 1kg Vilniaus Pergal\u0117 - Rutana - Ra\u0161tin\u0117s reikmenys","og_description":"Saldainiai NUTS &#8211; kakavinis \u012fdaras su skaldytais \u017eem\u0117s rie\u0161utais, glaistytas pieniniu \u0161okoladu. Sudedamosios dalys: Cukrus, visi\u0161kai hidrinti palmi\u0173 branduoli\u0173, palmi\u0173 riebalai, smulkinti kepinti \u017dEM\u0116S rie\u0161utai (21 %), liesi kakavos milteliai, PIENO i\u0161r\u016bg\u0173 permeatas, vafli\u0173 trupiniai (KVIETINIAI miltai, vanduo, raps\u0173 aliejus, te\u0161los kildymo med\u017eiagos: natrio karbonatai, amonio karbonatai; valgomoji druska, emulsiklis SOJ\u0172 lecitinai ), smulkintos d\u017eiovintos [&hellip;]","og_url":"https:\/\/rutana.lt\/en\/product\/saldainiai-nuts-1kg-vilniaus-pergale\/","og_site_name":"Rutana - Ra\u0161tin\u0117s reikmenys","article_publisher":"https:\/\/www.facebook.com\/RutanaKanceliarinesPrekes\/","article_modified_time":"2025-10-13T13:38:16+00:00","og_image":[{"width":500,"height":500,"url":"https:\/\/rutana.lt\/wp-content\/uploads\/2025\/09\/B091-500.jpg","type":"image\/jpeg"}],"twitter_card":"summary_large_image","twitter_misc":{"Est. reading time":"1 minute"},"schema":{"@context":"https:\/\/schema.org","@graph":[{"@type":"WebPage","@id":"https:\/\/rutana.lt\/produktas\/saldainiai-nuts-1kg-vilniaus-pergale\/","url":"https:\/\/rutana.lt\/produktas\/saldainiai-nuts-1kg-vilniaus-pergale\/","name":"Saldainiai NUTS 1kg Vilniaus Pergal\u0117 - Rutana - Ra\u0161tin\u0117s reikmenys","isPartOf":{"@id":"https:\/\/rutana.lt\/#website"},"primaryImageOfPage":{"@id":"https:\/\/rutana.lt\/produktas\/saldainiai-nuts-1kg-vilniaus-pergale\/#primaryimage"},"image":{"@id":"https:\/\/rutana.lt\/produktas\/saldainiai-nuts-1kg-vilniaus-pergale\/#primaryimage"},"thumbnailUrl":"https:\/\/rutana.lt\/wp-content\/uploads\/2025\/09\/B091-500-1.jpg?v=1763620083","datePublished":"2025-09-03T07:14:59+00:00","dateModified":"2025-10-13T13:38:16+00:00","breadcrumb":{"@id":"https:\/\/rutana.lt\/produktas\/saldainiai-nuts-1kg-vilniaus-pergale\/#breadcrumb"},"inLanguage":"en-US","potentialAction":[{"@type":"ReadAction","target":["https:\/\/rutana.lt\/produktas\/saldainiai-nuts-1kg-vilniaus-pergale\/"]}]},{"@type":"ImageObject","inLanguage":"en-US","@id":"https:\/\/rutana.lt\/produktas\/saldainiai-nuts-1kg-vilniaus-pergale\/#primaryimage","url":"https:\/\/rutana.lt\/wp-content\/uploads\/2025\/09\/B091-500-1.jpg?v=1763620083","contentUrl":"https:\/\/rutana.lt\/wp-content\/uploads\/2025\/09\/B091-500-1.jpg?v=1763620083","width":500,"height":500},{"@type":"BreadcrumbList","@id":"https:\/\/rutana.lt\/produktas\/saldainiai-nuts-1kg-vilniaus-pergale\/#breadcrumb","itemListElement":[{"@type":"ListItem","position":1,"name":"Home","item":"https:\/\/rutana.lt\/"},{"@type":"ListItem","position":2,"name":"Parduotuv\u0117","item":"https:\/\/rutana.lt\/parduotuve\/"},{"@type":"ListItem","position":3,"name":"Saldainiai NUTS 1kg Vilniaus Pergal\u0117"}]},{"@type":"WebSite","@id":"https:\/\/rutana.lt\/#website","url":"https:\/\/rutana.lt\/","name":"Rutana - Ra\u0161tin\u0117s reikmenys","description":"Prekiaujame pasaulin\u0117je rinkoje pripa\u017eintomis, kokybi\u0161komis biuro prek\u0117mis toki\u0173  gamintoj\u0173 kaip: Schneider, Esselte, Novus, 3M, Faber-Castell, Citizen, Milan, Leitz, Colop, Zebra, Staedtler, Durable, Tork, Parker, Waterman ir kt.","publisher":{"@id":"https:\/\/rutana.lt\/#organization"},"potentialAction":[{"@type":"SearchAction","target":{"@type":"EntryPoint","urlTemplate":"https:\/\/rutana.lt\/?s={search_term_string}"},"query-input":{"@type":"PropertyValueSpecification","valueRequired":true,"valueName":"search_term_string"}}],"inLanguage":"en-US"},{"@type":"Organization","@id":"https:\/\/rutana.lt\/#organization","name":"Rutana - Ra\u0161tin\u0117s reikmenys","url":"https:\/\/rutana.lt\/","logo":{"@type":"ImageObject","inLanguage":"en-US","@id":"https:\/\/rutana.lt\/#\/schema\/logo\/image\/","url":"https:\/\/rutana.lt\/wp-content\/uploads\/2025\/10\/Asset-32.png","contentUrl":"https:\/\/rutana.lt\/wp-content\/uploads\/2025\/10\/Asset-32.png","width":433,"height":119,"caption":"Rutana - Ra\u0161tin\u0117s reikmenys"},"image":{"@id":"https:\/\/rutana.lt\/#\/schema\/logo\/image\/"},"sameAs":["https:\/\/www.facebook.com\/RutanaKanceliarinesPrekes\/"]}]}},"_links":{"self":[{"href":"https:\/\/rutana.lt\/en\/wp-json\/wp\/v2\/product\/11046","targetHints":{"allow":["GET"]}}],"collection":[{"href":"https:\/\/rutana.lt\/en\/wp-json\/wp\/v2\/product"}],"about":[{"href":"https:\/\/rutana.lt\/en\/wp-json\/wp\/v2\/types\/product"}],"replies":[{"embeddable":true,"href":"https:\/\/rutana.lt\/en\/wp-json\/wp\/v2\/comments?post=11046"}],"version-history":[{"count":1,"href":"https:\/\/rutana.lt\/en\/wp-json\/wp\/v2\/product\/11046\/revisions"}],"predecessor-version":[{"id":11130,"href":"https:\/\/rutana.lt\/en\/wp-json\/wp\/v2\/product\/11046\/revisions\/11130"}],"wp:featuredmedia":[{"embeddable":true,"href":"https:\/\/rutana.lt\/en\/wp-json\/wp\/v2\/media\/27353"}],"wp:attachment":[{"href":"https:\/\/rutana.lt\/en\/wp-json\/wp\/v2\/media?parent=11046"}],"wp:term":[{"taxonomy":"product_brand","embeddable":true,"href":"https:\/\/rutana.lt\/en\/wp-json\/wp\/v2\/product_brand?post=11046"},{"taxonomy":"product_cat","embeddable":true,"href":"https:\/\/rutana.lt\/en\/wp-json\/wp\/v2\/product_cat?post=11046"},{"taxonomy":"product_tag","embeddable":true,"href":"https:\/\/rutana.lt\/en\/wp-json\/wp\/v2\/product_tag?post=11046"}],"curies":[{"name":"wp","href":"https:\/\/api.w.org\/{rel}","templated":true}]}}