{"id":11045,"date":"2025-09-03T09:14:59","date_gmt":"2025-09-03T07:14:59","guid":{"rendered":"https:\/\/rutana.webdemo.lt\/?post_type=product&#038;p=11045"},"modified":"2025-10-13T15:38:15","modified_gmt":"2025-10-13T13:38:15","slug":"saldainiai-nomeda-1kg-vilniaus-pergale","status":"publish","type":"product","link":"https:\/\/rutana.lt\/en\/product\/saldainiai-nomeda-1kg-vilniaus-pergale\/","title":{"rendered":"Saldainiai NOMEDA 1kg Vilniaus Pergal\u0117"},"content":{"rendered":"<p><span style=\"text-align: justify;\">NOMEDA &#8211; glaistyti du vafli\u0173 sluoksniai, pertepti vaisine mase su rie\u0161ut\u0173 trupiniais.<\/span><\/p>\n<dt class=\"b-product-info--info-3-title\" style=\"line-height: 1.42857; margin-top: 15px;\"><span style=\"font-weight: normal;\">Sudedamosios dalys:<\/span><\/dt>\n<dd style=\"line-height: 1.42857; margin-bottom: 10px;\">Cukrus, obuoli\u0173 tyr\u0117 (trinti obuoliai, konservantas kalio sorbatas), \u0161okoladas ((cukrus, trinta kakava, augaliniai riebalai (\u012fvairiomis dalimis: \u0161or\u0117j\u0173, alyvpalmi\u0173, sviestmed\u017ei\u0173), kakavos sviestas, emulsikliai: SOJ\u0172 lecitinai, poliglicerolio poliricinoleatas; kvapioji med\u017eiaga)), smulkinti vafliai ir vafli\u0173 lak\u0161tai (KVIETINIAI miltai, raps\u0173 aliejus, te\u0161los kildymo med\u017eiagos: natrio karbonatai, amonio karbonatai; valgomoji druska,emulsiklis SOJ\u0172 lecitinai), smulkinti MIGDOLAI, smulkinti \u017dEM\u0116S RIE\u0160UTAI, r\u016bg\u0161tingum\u0105 reguliuojan\u010dios med\u017eiagos: citrin\u0173 r\u016bg\u0161tis ir trinatrio citratai; stingdiklis pektinai, kvapioji med\u017eiaga. Gali b\u016bti ANAKARD\u017dI\u0172, LAZDYN\u0172, PIENO (\u012fskaitant LAKTOZ\u0118) ir j\u0173 produkt\u0173 p\u0117dsak\u0173. \u0160okolado mas\u0117je kakavos saus\u0173j\u0173 med\u017eiag\u0173 ne ma\u017eiau kaip 43%.<\/dd>\n<p>Kiekis: 1 kg<\/p>\n<p>Kilm\u0117s \u0161alis: Lietuva<\/p>","protected":false},"excerpt":{"rendered":"<p>NOMEDA &#8211; glaistyti du vafli\u0173 sluoksniai, pertepti vaisine mase su rie\u0161ut\u0173 trupiniais. Sudedamosios dalys: Cukrus, obuoli\u0173 tyr\u0117 (trinti obuoliai, konservantas kalio sorbatas), \u0161okoladas ((cukrus, trinta kakava, augaliniai riebalai (\u012fvairiomis dalimis: \u0161or\u0117j\u0173, alyvpalmi\u0173, sviestmed\u017ei\u0173), kakavos sviestas, emulsikliai: SOJ\u0172 lecitinai, poliglicerolio poliricinoleatas; kvapioji med\u017eiaga)), smulkinti vafliai ir vafli\u0173 lak\u0161tai (KVIETINIAI miltai, raps\u0173 aliejus, te\u0161los kildymo med\u017eiagos: natrio [&hellip;]<\/p>","protected":false},"featured_media":27352,"comment_status":"open","ping_status":"closed","template":"","meta":{"_season_start":"","_season_end":"","_season_days":"","_season_months":"","_season_auto_visibility":""},"product_brand":[754],"product_cat":[1879,1880],"product_tag":[],"class_list":{"0":"post-11045","1":"product","2":"type-product","3":"status-publish","4":"has-post-thumbnail","6":"product_brand-vilniaus-pergale","7":"product_cat-saldainiai","8":"product_cat-sokolodai","10":"first","11":"instock","12":"taxable","13":"shipping-taxable","14":"purchasable","15":"product-type-simple"},"yoast_head":"<!-- This site is optimized with the Yoast SEO plugin v27.4 - https:\/\/yoast.com\/product\/yoast-seo-wordpress\/ -->\n<title>Saldainiai NOMEDA 1kg Vilniaus Pergal\u0117 - Rutana - Ra\u0161tin\u0117s reikmenys<\/title>\n<meta name=\"robots\" content=\"index, follow, max-snippet:-1, max-image-preview:large, max-video-preview:-1\" \/>\n<link rel=\"canonical\" href=\"https:\/\/rutana.lt\/en\/product\/saldainiai-nomeda-1kg-vilniaus-pergale\/\" \/>\n<meta property=\"og:locale\" content=\"en_US\" \/>\n<meta property=\"og:type\" content=\"article\" \/>\n<meta property=\"og:title\" content=\"Saldainiai NOMEDA 1kg Vilniaus Pergal\u0117 - Rutana - Ra\u0161tin\u0117s reikmenys\" \/>\n<meta property=\"og:description\" content=\"NOMEDA &#8211; glaistyti du vafli\u0173 sluoksniai, pertepti vaisine mase su rie\u0161ut\u0173 trupiniais. Sudedamosios dalys: Cukrus, obuoli\u0173 tyr\u0117 (trinti obuoliai, konservantas kalio sorbatas), \u0161okoladas ((cukrus, trinta kakava, augaliniai riebalai (\u012fvairiomis dalimis: \u0161or\u0117j\u0173, alyvpalmi\u0173, sviestmed\u017ei\u0173), kakavos sviestas, emulsikliai: SOJ\u0172 lecitinai, poliglicerolio poliricinoleatas; kvapioji med\u017eiaga)), smulkinti vafliai ir vafli\u0173 lak\u0161tai (KVIETINIAI miltai, raps\u0173 aliejus, te\u0161los kildymo med\u017eiagos: natrio [&hellip;]\" \/>\n<meta property=\"og:url\" content=\"https:\/\/rutana.lt\/en\/product\/saldainiai-nomeda-1kg-vilniaus-pergale\/\" \/>\n<meta property=\"og:site_name\" content=\"Rutana - Ra\u0161tin\u0117s reikmenys\" \/>\n<meta property=\"article:publisher\" content=\"https:\/\/www.facebook.com\/RutanaKanceliarinesPrekes\/\" \/>\n<meta property=\"article:modified_time\" content=\"2025-10-13T13:38:15+00:00\" \/>\n<meta property=\"og:image\" content=\"https:\/\/rutana.lt\/wp-content\/uploads\/2025\/09\/B090-013.jpg\" \/>\n\t<meta property=\"og:image:width\" content=\"500\" \/>\n\t<meta property=\"og:image:height\" content=\"375\" \/>\n\t<meta property=\"og:image:type\" content=\"image\/jpeg\" \/>\n<meta name=\"twitter:card\" content=\"summary_large_image\" \/>\n<meta name=\"twitter:label1\" content=\"Est. reading time\" \/>\n\t<meta name=\"twitter:data1\" content=\"1 minute\" \/>\n<script type=\"application\/ld+json\" class=\"yoast-schema-graph\">{\"@context\":\"https:\\\/\\\/schema.org\",\"@graph\":[{\"@type\":\"WebPage\",\"@id\":\"https:\\\/\\\/rutana.lt\\\/produktas\\\/saldainiai-nomeda-1kg-vilniaus-pergale\\\/\",\"url\":\"https:\\\/\\\/rutana.lt\\\/produktas\\\/saldainiai-nomeda-1kg-vilniaus-pergale\\\/\",\"name\":\"Saldainiai NOMEDA 1kg Vilniaus Pergal\u0117 - Rutana - Ra\u0161tin\u0117s reikmenys\",\"isPartOf\":{\"@id\":\"https:\\\/\\\/rutana.lt\\\/#website\"},\"primaryImageOfPage\":{\"@id\":\"https:\\\/\\\/rutana.lt\\\/produktas\\\/saldainiai-nomeda-1kg-vilniaus-pergale\\\/#primaryimage\"},\"image\":{\"@id\":\"https:\\\/\\\/rutana.lt\\\/produktas\\\/saldainiai-nomeda-1kg-vilniaus-pergale\\\/#primaryimage\"},\"thumbnailUrl\":\"https:\\\/\\\/rutana.lt\\\/wp-content\\\/uploads\\\/2025\\\/09\\\/B090-013-1.jpg?v=1763620081\",\"datePublished\":\"2025-09-03T07:14:59+00:00\",\"dateModified\":\"2025-10-13T13:38:15+00:00\",\"breadcrumb\":{\"@id\":\"https:\\\/\\\/rutana.lt\\\/produktas\\\/saldainiai-nomeda-1kg-vilniaus-pergale\\\/#breadcrumb\"},\"inLanguage\":\"en-US\",\"potentialAction\":[{\"@type\":\"ReadAction\",\"target\":[\"https:\\\/\\\/rutana.lt\\\/produktas\\\/saldainiai-nomeda-1kg-vilniaus-pergale\\\/\"]}]},{\"@type\":\"ImageObject\",\"inLanguage\":\"en-US\",\"@id\":\"https:\\\/\\\/rutana.lt\\\/produktas\\\/saldainiai-nomeda-1kg-vilniaus-pergale\\\/#primaryimage\",\"url\":\"https:\\\/\\\/rutana.lt\\\/wp-content\\\/uploads\\\/2025\\\/09\\\/B090-013-1.jpg?v=1763620081\",\"contentUrl\":\"https:\\\/\\\/rutana.lt\\\/wp-content\\\/uploads\\\/2025\\\/09\\\/B090-013-1.jpg?v=1763620081\",\"width\":500,\"height\":375},{\"@type\":\"BreadcrumbList\",\"@id\":\"https:\\\/\\\/rutana.lt\\\/produktas\\\/saldainiai-nomeda-1kg-vilniaus-pergale\\\/#breadcrumb\",\"itemListElement\":[{\"@type\":\"ListItem\",\"position\":1,\"name\":\"Home\",\"item\":\"https:\\\/\\\/rutana.lt\\\/\"},{\"@type\":\"ListItem\",\"position\":2,\"name\":\"Parduotuv\u0117\",\"item\":\"https:\\\/\\\/rutana.lt\\\/parduotuve\\\/\"},{\"@type\":\"ListItem\",\"position\":3,\"name\":\"Saldainiai NOMEDA 1kg Vilniaus Pergal\u0117\"}]},{\"@type\":\"WebSite\",\"@id\":\"https:\\\/\\\/rutana.lt\\\/#website\",\"url\":\"https:\\\/\\\/rutana.lt\\\/\",\"name\":\"Rutana - Ra\u0161tin\u0117s reikmenys\",\"description\":\"Prekiaujame pasaulin\u0117je rinkoje pripa\u017eintomis, kokybi\u0161komis biuro prek\u0117mis toki\u0173  gamintoj\u0173 kaip: Schneider, Esselte, Novus, 3M, Faber-Castell, Citizen, Milan, Leitz, Colop, Zebra, Staedtler, Durable, Tork, Parker, Waterman ir kt.\",\"publisher\":{\"@id\":\"https:\\\/\\\/rutana.lt\\\/#organization\"},\"potentialAction\":[{\"@type\":\"SearchAction\",\"target\":{\"@type\":\"EntryPoint\",\"urlTemplate\":\"https:\\\/\\\/rutana.lt\\\/?s={search_term_string}\"},\"query-input\":{\"@type\":\"PropertyValueSpecification\",\"valueRequired\":true,\"valueName\":\"search_term_string\"}}],\"inLanguage\":\"en-US\"},{\"@type\":\"Organization\",\"@id\":\"https:\\\/\\\/rutana.lt\\\/#organization\",\"name\":\"Rutana - Ra\u0161tin\u0117s reikmenys\",\"url\":\"https:\\\/\\\/rutana.lt\\\/\",\"logo\":{\"@type\":\"ImageObject\",\"inLanguage\":\"en-US\",\"@id\":\"https:\\\/\\\/rutana.lt\\\/#\\\/schema\\\/logo\\\/image\\\/\",\"url\":\"https:\\\/\\\/rutana.lt\\\/wp-content\\\/uploads\\\/2025\\\/10\\\/Asset-32.png\",\"contentUrl\":\"https:\\\/\\\/rutana.lt\\\/wp-content\\\/uploads\\\/2025\\\/10\\\/Asset-32.png\",\"width\":433,\"height\":119,\"caption\":\"Rutana - Ra\u0161tin\u0117s reikmenys\"},\"image\":{\"@id\":\"https:\\\/\\\/rutana.lt\\\/#\\\/schema\\\/logo\\\/image\\\/\"},\"sameAs\":[\"https:\\\/\\\/www.facebook.com\\\/RutanaKanceliarinesPrekes\\\/\"]}]}<\/script>\n<!-- \/ Yoast SEO plugin. -->","yoast_head_json":{"title":"Saldainiai NOMEDA 1kg Vilniaus Pergal\u0117 - Rutana - Ra\u0161tin\u0117s reikmenys","robots":{"index":"index","follow":"follow","max-snippet":"max-snippet:-1","max-image-preview":"max-image-preview:large","max-video-preview":"max-video-preview:-1"},"canonical":"https:\/\/rutana.lt\/en\/product\/saldainiai-nomeda-1kg-vilniaus-pergale\/","og_locale":"en_US","og_type":"article","og_title":"Saldainiai NOMEDA 1kg Vilniaus Pergal\u0117 - Rutana - Ra\u0161tin\u0117s reikmenys","og_description":"NOMEDA &#8211; glaistyti du vafli\u0173 sluoksniai, pertepti vaisine mase su rie\u0161ut\u0173 trupiniais. Sudedamosios dalys: Cukrus, obuoli\u0173 tyr\u0117 (trinti obuoliai, konservantas kalio sorbatas), \u0161okoladas ((cukrus, trinta kakava, augaliniai riebalai (\u012fvairiomis dalimis: \u0161or\u0117j\u0173, alyvpalmi\u0173, sviestmed\u017ei\u0173), kakavos sviestas, emulsikliai: SOJ\u0172 lecitinai, poliglicerolio poliricinoleatas; kvapioji med\u017eiaga)), smulkinti vafliai ir vafli\u0173 lak\u0161tai (KVIETINIAI miltai, raps\u0173 aliejus, te\u0161los kildymo med\u017eiagos: natrio [&hellip;]","og_url":"https:\/\/rutana.lt\/en\/product\/saldainiai-nomeda-1kg-vilniaus-pergale\/","og_site_name":"Rutana - Ra\u0161tin\u0117s reikmenys","article_publisher":"https:\/\/www.facebook.com\/RutanaKanceliarinesPrekes\/","article_modified_time":"2025-10-13T13:38:15+00:00","og_image":[{"width":500,"height":375,"url":"https:\/\/rutana.lt\/wp-content\/uploads\/2025\/09\/B090-013.jpg","type":"image\/jpeg"}],"twitter_card":"summary_large_image","twitter_misc":{"Est. reading time":"1 minute"},"schema":{"@context":"https:\/\/schema.org","@graph":[{"@type":"WebPage","@id":"https:\/\/rutana.lt\/produktas\/saldainiai-nomeda-1kg-vilniaus-pergale\/","url":"https:\/\/rutana.lt\/produktas\/saldainiai-nomeda-1kg-vilniaus-pergale\/","name":"Saldainiai NOMEDA 1kg Vilniaus Pergal\u0117 - Rutana - Ra\u0161tin\u0117s reikmenys","isPartOf":{"@id":"https:\/\/rutana.lt\/#website"},"primaryImageOfPage":{"@id":"https:\/\/rutana.lt\/produktas\/saldainiai-nomeda-1kg-vilniaus-pergale\/#primaryimage"},"image":{"@id":"https:\/\/rutana.lt\/produktas\/saldainiai-nomeda-1kg-vilniaus-pergale\/#primaryimage"},"thumbnailUrl":"https:\/\/rutana.lt\/wp-content\/uploads\/2025\/09\/B090-013-1.jpg?v=1763620081","datePublished":"2025-09-03T07:14:59+00:00","dateModified":"2025-10-13T13:38:15+00:00","breadcrumb":{"@id":"https:\/\/rutana.lt\/produktas\/saldainiai-nomeda-1kg-vilniaus-pergale\/#breadcrumb"},"inLanguage":"en-US","potentialAction":[{"@type":"ReadAction","target":["https:\/\/rutana.lt\/produktas\/saldainiai-nomeda-1kg-vilniaus-pergale\/"]}]},{"@type":"ImageObject","inLanguage":"en-US","@id":"https:\/\/rutana.lt\/produktas\/saldainiai-nomeda-1kg-vilniaus-pergale\/#primaryimage","url":"https:\/\/rutana.lt\/wp-content\/uploads\/2025\/09\/B090-013-1.jpg?v=1763620081","contentUrl":"https:\/\/rutana.lt\/wp-content\/uploads\/2025\/09\/B090-013-1.jpg?v=1763620081","width":500,"height":375},{"@type":"BreadcrumbList","@id":"https:\/\/rutana.lt\/produktas\/saldainiai-nomeda-1kg-vilniaus-pergale\/#breadcrumb","itemListElement":[{"@type":"ListItem","position":1,"name":"Home","item":"https:\/\/rutana.lt\/"},{"@type":"ListItem","position":2,"name":"Parduotuv\u0117","item":"https:\/\/rutana.lt\/parduotuve\/"},{"@type":"ListItem","position":3,"name":"Saldainiai NOMEDA 1kg Vilniaus Pergal\u0117"}]},{"@type":"WebSite","@id":"https:\/\/rutana.lt\/#website","url":"https:\/\/rutana.lt\/","name":"Rutana - Ra\u0161tin\u0117s reikmenys","description":"Prekiaujame pasaulin\u0117je rinkoje pripa\u017eintomis, kokybi\u0161komis biuro prek\u0117mis toki\u0173  gamintoj\u0173 kaip: Schneider, Esselte, Novus, 3M, Faber-Castell, Citizen, Milan, Leitz, Colop, Zebra, Staedtler, Durable, Tork, Parker, Waterman ir kt.","publisher":{"@id":"https:\/\/rutana.lt\/#organization"},"potentialAction":[{"@type":"SearchAction","target":{"@type":"EntryPoint","urlTemplate":"https:\/\/rutana.lt\/?s={search_term_string}"},"query-input":{"@type":"PropertyValueSpecification","valueRequired":true,"valueName":"search_term_string"}}],"inLanguage":"en-US"},{"@type":"Organization","@id":"https:\/\/rutana.lt\/#organization","name":"Rutana - Ra\u0161tin\u0117s reikmenys","url":"https:\/\/rutana.lt\/","logo":{"@type":"ImageObject","inLanguage":"en-US","@id":"https:\/\/rutana.lt\/#\/schema\/logo\/image\/","url":"https:\/\/rutana.lt\/wp-content\/uploads\/2025\/10\/Asset-32.png","contentUrl":"https:\/\/rutana.lt\/wp-content\/uploads\/2025\/10\/Asset-32.png","width":433,"height":119,"caption":"Rutana - Ra\u0161tin\u0117s reikmenys"},"image":{"@id":"https:\/\/rutana.lt\/#\/schema\/logo\/image\/"},"sameAs":["https:\/\/www.facebook.com\/RutanaKanceliarinesPrekes\/"]}]}},"_links":{"self":[{"href":"https:\/\/rutana.lt\/en\/wp-json\/wp\/v2\/product\/11045","targetHints":{"allow":["GET"]}}],"collection":[{"href":"https:\/\/rutana.lt\/en\/wp-json\/wp\/v2\/product"}],"about":[{"href":"https:\/\/rutana.lt\/en\/wp-json\/wp\/v2\/types\/product"}],"replies":[{"embeddable":true,"href":"https:\/\/rutana.lt\/en\/wp-json\/wp\/v2\/comments?post=11045"}],"version-history":[{"count":1,"href":"https:\/\/rutana.lt\/en\/wp-json\/wp\/v2\/product\/11045\/revisions"}],"predecessor-version":[{"id":11128,"href":"https:\/\/rutana.lt\/en\/wp-json\/wp\/v2\/product\/11045\/revisions\/11128"}],"wp:featuredmedia":[{"embeddable":true,"href":"https:\/\/rutana.lt\/en\/wp-json\/wp\/v2\/media\/27352"}],"wp:attachment":[{"href":"https:\/\/rutana.lt\/en\/wp-json\/wp\/v2\/media?parent=11045"}],"wp:term":[{"taxonomy":"product_brand","embeddable":true,"href":"https:\/\/rutana.lt\/en\/wp-json\/wp\/v2\/product_brand?post=11045"},{"taxonomy":"product_cat","embeddable":true,"href":"https:\/\/rutana.lt\/en\/wp-json\/wp\/v2\/product_cat?post=11045"},{"taxonomy":"product_tag","embeddable":true,"href":"https:\/\/rutana.lt\/en\/wp-json\/wp\/v2\/product_tag?post=11045"}],"curies":[{"name":"wp","href":"https:\/\/api.w.org\/{rel}","templated":true}]}}