{"id":11043,"date":"2025-09-03T09:14:58","date_gmt":"2025-09-03T07:14:58","guid":{"rendered":"https:\/\/rutana.webdemo.lt\/?post_type=product&#038;p=11043"},"modified":"2025-10-13T15:38:10","modified_gmt":"2025-10-13T13:38:10","slug":"sokoladiniai-saldainiai-pupa-1kg-vilniaus-pergale","status":"publish","type":"product","link":"https:\/\/rutana.lt\/en\/product\/sokoladiniai-saldainiai-pupa-1kg-vilniaus-pergale\/","title":{"rendered":"\u0160okoladiniai saldainiai PUPA 1kg Vilniaus Pergal\u0117"},"content":{"rendered":"<p><span style=\"text-align: justify;\">PUPA &#8211; \u0161okoladiniai saldainiai su pieno, kakavos ir kavos kremin\u0117s mas\u0117s \u012fdaru bei \u0161okoladiniu glaistu.<\/span><\/p>\n<dt class=\"b-product-info--info-3-title\" style=\"line-height: 1.42857; margin-top: 15px;\"><span style=\"font-weight: normal;\">Sudedamosios dalys:<\/span><\/dt>\n<dd style=\"line-height: 1.42857; margin-bottom: 10px;\">Cukrus, glaistas 25 % (cukrus, augaliniai riebalai (visi\u0161kai hidrinti palmi\u0173 branduoli\u0173, palmi\u0173 riebalai), liesi kakavos milteliai, emulsikliai SOJ\u0172 lecitinai, kvapiosios med\u017eiagos), palmi\u0173 branduoli\u0173, palmi\u0173 riebalai, nugriebto PIENO ir I\u0160R\u016aG\u0172 milteli\u0173 mi\u0161inys, smulkinti vafliai (KVIETINIAI miltai, vanduo, raps\u0173 aliejus, te\u0161los kildymo med\u017eiagos: natrio karbonatai, amonio karbonatai; valgomoji druska, emulsiklis SOJ\u0172 lecitinai), liesi kakavos milteliai, malta kava (0,2 %), emulsiklis SOJ\u0172 lecitinai, kvapiosios med\u017eiagos. Gali b\u016bti LAZDYN\u0172, MIGDOL\u0172, ANAKARD\u017dI\u0172, \u017dEM\u0116S RIE\u0160UT\u0172 ir j\u0173 produkt\u0173 p\u0117dsak\u0173.<\/dd>\n<p>Kiekis: 1 kg<\/p>\n<p>Kilm\u0117s \u0161alis: Lietuva<\/p>","protected":false},"excerpt":{"rendered":"<p>PUPA &#8211; \u0161okoladiniai saldainiai su pieno, kakavos ir kavos kremin\u0117s mas\u0117s \u012fdaru bei \u0161okoladiniu glaistu. Sudedamosios dalys: Cukrus, glaistas 25 % (cukrus, augaliniai riebalai (visi\u0161kai hidrinti palmi\u0173 branduoli\u0173, palmi\u0173 riebalai), liesi kakavos milteliai, emulsikliai SOJ\u0172 lecitinai, kvapiosios med\u017eiagos), palmi\u0173 branduoli\u0173, palmi\u0173 riebalai, nugriebto PIENO ir I\u0160R\u016aG\u0172 milteli\u0173 mi\u0161inys, smulkinti vafliai (KVIETINIAI miltai, vanduo, raps\u0173 aliejus, [&hellip;]<\/p>","protected":false},"featured_media":27350,"comment_status":"open","ping_status":"closed","template":"","meta":{"_season_start":"","_season_end":"","_season_days":"","_season_months":"","_season_auto_visibility":""},"product_brand":[754],"product_cat":[1879,1880],"product_tag":[],"class_list":{"0":"post-11043","1":"product","2":"type-product","3":"status-publish","4":"has-post-thumbnail","6":"product_brand-vilniaus-pergale","7":"product_cat-saldainiai","8":"product_cat-sokolodai","10":"first","11":"instock","12":"taxable","13":"shipping-taxable","14":"purchasable","15":"product-type-simple"},"yoast_head":"<!-- This site is optimized with the Yoast SEO plugin v27.4 - https:\/\/yoast.com\/product\/yoast-seo-wordpress\/ -->\n<title>\u0160okoladiniai saldainiai PUPA 1kg Vilniaus Pergal\u0117 - Rutana - Ra\u0161tin\u0117s reikmenys<\/title>\n<meta name=\"robots\" content=\"index, follow, max-snippet:-1, max-image-preview:large, max-video-preview:-1\" \/>\n<link rel=\"canonical\" href=\"https:\/\/rutana.lt\/en\/product\/sokoladiniai-saldainiai-pupa-1kg-vilniaus-pergale\/\" \/>\n<meta property=\"og:locale\" content=\"en_US\" \/>\n<meta property=\"og:type\" content=\"article\" \/>\n<meta property=\"og:title\" content=\"\u0160okoladiniai saldainiai PUPA 1kg Vilniaus Pergal\u0117 - Rutana - Ra\u0161tin\u0117s reikmenys\" \/>\n<meta property=\"og:description\" content=\"PUPA &#8211; \u0161okoladiniai saldainiai su pieno, kakavos ir kavos kremin\u0117s mas\u0117s \u012fdaru bei \u0161okoladiniu glaistu. Sudedamosios dalys: Cukrus, glaistas 25 % (cukrus, augaliniai riebalai (visi\u0161kai hidrinti palmi\u0173 branduoli\u0173, palmi\u0173 riebalai), liesi kakavos milteliai, emulsikliai SOJ\u0172 lecitinai, kvapiosios med\u017eiagos), palmi\u0173 branduoli\u0173, palmi\u0173 riebalai, nugriebto PIENO ir I\u0160R\u016aG\u0172 milteli\u0173 mi\u0161inys, smulkinti vafliai (KVIETINIAI miltai, vanduo, raps\u0173 aliejus, [&hellip;]\" \/>\n<meta property=\"og:url\" content=\"https:\/\/rutana.lt\/en\/product\/sokoladiniai-saldainiai-pupa-1kg-vilniaus-pergale\/\" \/>\n<meta property=\"og:site_name\" content=\"Rutana - Ra\u0161tin\u0117s reikmenys\" \/>\n<meta property=\"article:publisher\" content=\"https:\/\/www.facebook.com\/RutanaKanceliarinesPrekes\/\" \/>\n<meta property=\"article:modified_time\" content=\"2025-10-13T13:38:10+00:00\" \/>\n<meta property=\"og:image\" content=\"https:\/\/rutana.lt\/wp-content\/uploads\/2025\/09\/B091-504.jpg\" \/>\n\t<meta property=\"og:image:width\" content=\"500\" \/>\n\t<meta property=\"og:image:height\" content=\"375\" \/>\n\t<meta property=\"og:image:type\" content=\"image\/jpeg\" \/>\n<meta name=\"twitter:card\" content=\"summary_large_image\" \/>\n<meta name=\"twitter:label1\" content=\"Est. reading time\" \/>\n\t<meta name=\"twitter:data1\" content=\"1 minute\" \/>\n<script type=\"application\/ld+json\" class=\"yoast-schema-graph\">{\"@context\":\"https:\\\/\\\/schema.org\",\"@graph\":[{\"@type\":\"WebPage\",\"@id\":\"https:\\\/\\\/rutana.lt\\\/produktas\\\/sokoladiniai-saldainiai-pupa-1kg-vilniaus-pergale\\\/\",\"url\":\"https:\\\/\\\/rutana.lt\\\/produktas\\\/sokoladiniai-saldainiai-pupa-1kg-vilniaus-pergale\\\/\",\"name\":\"\u0160okoladiniai saldainiai PUPA 1kg Vilniaus Pergal\u0117 - Rutana - Ra\u0161tin\u0117s reikmenys\",\"isPartOf\":{\"@id\":\"https:\\\/\\\/rutana.lt\\\/#website\"},\"primaryImageOfPage\":{\"@id\":\"https:\\\/\\\/rutana.lt\\\/produktas\\\/sokoladiniai-saldainiai-pupa-1kg-vilniaus-pergale\\\/#primaryimage\"},\"image\":{\"@id\":\"https:\\\/\\\/rutana.lt\\\/produktas\\\/sokoladiniai-saldainiai-pupa-1kg-vilniaus-pergale\\\/#primaryimage\"},\"thumbnailUrl\":\"https:\\\/\\\/rutana.lt\\\/wp-content\\\/uploads\\\/2025\\\/09\\\/B091-504-1.jpg?v=1763620086\",\"datePublished\":\"2025-09-03T07:14:58+00:00\",\"dateModified\":\"2025-10-13T13:38:10+00:00\",\"breadcrumb\":{\"@id\":\"https:\\\/\\\/rutana.lt\\\/produktas\\\/sokoladiniai-saldainiai-pupa-1kg-vilniaus-pergale\\\/#breadcrumb\"},\"inLanguage\":\"en-US\",\"potentialAction\":[{\"@type\":\"ReadAction\",\"target\":[\"https:\\\/\\\/rutana.lt\\\/produktas\\\/sokoladiniai-saldainiai-pupa-1kg-vilniaus-pergale\\\/\"]}]},{\"@type\":\"ImageObject\",\"inLanguage\":\"en-US\",\"@id\":\"https:\\\/\\\/rutana.lt\\\/produktas\\\/sokoladiniai-saldainiai-pupa-1kg-vilniaus-pergale\\\/#primaryimage\",\"url\":\"https:\\\/\\\/rutana.lt\\\/wp-content\\\/uploads\\\/2025\\\/09\\\/B091-504-1.jpg?v=1763620086\",\"contentUrl\":\"https:\\\/\\\/rutana.lt\\\/wp-content\\\/uploads\\\/2025\\\/09\\\/B091-504-1.jpg?v=1763620086\",\"width\":500,\"height\":375},{\"@type\":\"BreadcrumbList\",\"@id\":\"https:\\\/\\\/rutana.lt\\\/produktas\\\/sokoladiniai-saldainiai-pupa-1kg-vilniaus-pergale\\\/#breadcrumb\",\"itemListElement\":[{\"@type\":\"ListItem\",\"position\":1,\"name\":\"Home\",\"item\":\"https:\\\/\\\/rutana.lt\\\/\"},{\"@type\":\"ListItem\",\"position\":2,\"name\":\"Parduotuv\u0117\",\"item\":\"https:\\\/\\\/rutana.lt\\\/parduotuve\\\/\"},{\"@type\":\"ListItem\",\"position\":3,\"name\":\"\u0160okoladiniai saldainiai PUPA 1kg Vilniaus Pergal\u0117\"}]},{\"@type\":\"WebSite\",\"@id\":\"https:\\\/\\\/rutana.lt\\\/#website\",\"url\":\"https:\\\/\\\/rutana.lt\\\/\",\"name\":\"Rutana - Ra\u0161tin\u0117s reikmenys\",\"description\":\"Prekiaujame pasaulin\u0117je rinkoje pripa\u017eintomis, kokybi\u0161komis biuro prek\u0117mis toki\u0173  gamintoj\u0173 kaip: Schneider, Esselte, Novus, 3M, Faber-Castell, Citizen, Milan, Leitz, Colop, Zebra, Staedtler, Durable, Tork, Parker, Waterman ir kt.\",\"publisher\":{\"@id\":\"https:\\\/\\\/rutana.lt\\\/#organization\"},\"potentialAction\":[{\"@type\":\"SearchAction\",\"target\":{\"@type\":\"EntryPoint\",\"urlTemplate\":\"https:\\\/\\\/rutana.lt\\\/?s={search_term_string}\"},\"query-input\":{\"@type\":\"PropertyValueSpecification\",\"valueRequired\":true,\"valueName\":\"search_term_string\"}}],\"inLanguage\":\"en-US\"},{\"@type\":\"Organization\",\"@id\":\"https:\\\/\\\/rutana.lt\\\/#organization\",\"name\":\"Rutana - Ra\u0161tin\u0117s reikmenys\",\"url\":\"https:\\\/\\\/rutana.lt\\\/\",\"logo\":{\"@type\":\"ImageObject\",\"inLanguage\":\"en-US\",\"@id\":\"https:\\\/\\\/rutana.lt\\\/#\\\/schema\\\/logo\\\/image\\\/\",\"url\":\"https:\\\/\\\/rutana.lt\\\/wp-content\\\/uploads\\\/2025\\\/10\\\/Asset-32.png\",\"contentUrl\":\"https:\\\/\\\/rutana.lt\\\/wp-content\\\/uploads\\\/2025\\\/10\\\/Asset-32.png\",\"width\":433,\"height\":119,\"caption\":\"Rutana - Ra\u0161tin\u0117s reikmenys\"},\"image\":{\"@id\":\"https:\\\/\\\/rutana.lt\\\/#\\\/schema\\\/logo\\\/image\\\/\"},\"sameAs\":[\"https:\\\/\\\/www.facebook.com\\\/RutanaKanceliarinesPrekes\\\/\"]}]}<\/script>\n<!-- \/ Yoast SEO plugin. -->","yoast_head_json":{"title":"\u0160okoladiniai saldainiai PUPA 1kg Vilniaus Pergal\u0117 - Rutana - Ra\u0161tin\u0117s reikmenys","robots":{"index":"index","follow":"follow","max-snippet":"max-snippet:-1","max-image-preview":"max-image-preview:large","max-video-preview":"max-video-preview:-1"},"canonical":"https:\/\/rutana.lt\/en\/product\/sokoladiniai-saldainiai-pupa-1kg-vilniaus-pergale\/","og_locale":"en_US","og_type":"article","og_title":"\u0160okoladiniai saldainiai PUPA 1kg Vilniaus Pergal\u0117 - Rutana - Ra\u0161tin\u0117s reikmenys","og_description":"PUPA &#8211; \u0161okoladiniai saldainiai su pieno, kakavos ir kavos kremin\u0117s mas\u0117s \u012fdaru bei \u0161okoladiniu glaistu. Sudedamosios dalys: Cukrus, glaistas 25 % (cukrus, augaliniai riebalai (visi\u0161kai hidrinti palmi\u0173 branduoli\u0173, palmi\u0173 riebalai), liesi kakavos milteliai, emulsikliai SOJ\u0172 lecitinai, kvapiosios med\u017eiagos), palmi\u0173 branduoli\u0173, palmi\u0173 riebalai, nugriebto PIENO ir I\u0160R\u016aG\u0172 milteli\u0173 mi\u0161inys, smulkinti vafliai (KVIETINIAI miltai, vanduo, raps\u0173 aliejus, [&hellip;]","og_url":"https:\/\/rutana.lt\/en\/product\/sokoladiniai-saldainiai-pupa-1kg-vilniaus-pergale\/","og_site_name":"Rutana - Ra\u0161tin\u0117s reikmenys","article_publisher":"https:\/\/www.facebook.com\/RutanaKanceliarinesPrekes\/","article_modified_time":"2025-10-13T13:38:10+00:00","og_image":[{"width":500,"height":375,"url":"https:\/\/rutana.lt\/wp-content\/uploads\/2025\/09\/B091-504.jpg","type":"image\/jpeg"}],"twitter_card":"summary_large_image","twitter_misc":{"Est. reading time":"1 minute"},"schema":{"@context":"https:\/\/schema.org","@graph":[{"@type":"WebPage","@id":"https:\/\/rutana.lt\/produktas\/sokoladiniai-saldainiai-pupa-1kg-vilniaus-pergale\/","url":"https:\/\/rutana.lt\/produktas\/sokoladiniai-saldainiai-pupa-1kg-vilniaus-pergale\/","name":"\u0160okoladiniai saldainiai PUPA 1kg Vilniaus Pergal\u0117 - Rutana - Ra\u0161tin\u0117s reikmenys","isPartOf":{"@id":"https:\/\/rutana.lt\/#website"},"primaryImageOfPage":{"@id":"https:\/\/rutana.lt\/produktas\/sokoladiniai-saldainiai-pupa-1kg-vilniaus-pergale\/#primaryimage"},"image":{"@id":"https:\/\/rutana.lt\/produktas\/sokoladiniai-saldainiai-pupa-1kg-vilniaus-pergale\/#primaryimage"},"thumbnailUrl":"https:\/\/rutana.lt\/wp-content\/uploads\/2025\/09\/B091-504-1.jpg?v=1763620086","datePublished":"2025-09-03T07:14:58+00:00","dateModified":"2025-10-13T13:38:10+00:00","breadcrumb":{"@id":"https:\/\/rutana.lt\/produktas\/sokoladiniai-saldainiai-pupa-1kg-vilniaus-pergale\/#breadcrumb"},"inLanguage":"en-US","potentialAction":[{"@type":"ReadAction","target":["https:\/\/rutana.lt\/produktas\/sokoladiniai-saldainiai-pupa-1kg-vilniaus-pergale\/"]}]},{"@type":"ImageObject","inLanguage":"en-US","@id":"https:\/\/rutana.lt\/produktas\/sokoladiniai-saldainiai-pupa-1kg-vilniaus-pergale\/#primaryimage","url":"https:\/\/rutana.lt\/wp-content\/uploads\/2025\/09\/B091-504-1.jpg?v=1763620086","contentUrl":"https:\/\/rutana.lt\/wp-content\/uploads\/2025\/09\/B091-504-1.jpg?v=1763620086","width":500,"height":375},{"@type":"BreadcrumbList","@id":"https:\/\/rutana.lt\/produktas\/sokoladiniai-saldainiai-pupa-1kg-vilniaus-pergale\/#breadcrumb","itemListElement":[{"@type":"ListItem","position":1,"name":"Home","item":"https:\/\/rutana.lt\/"},{"@type":"ListItem","position":2,"name":"Parduotuv\u0117","item":"https:\/\/rutana.lt\/parduotuve\/"},{"@type":"ListItem","position":3,"name":"\u0160okoladiniai saldainiai PUPA 1kg Vilniaus Pergal\u0117"}]},{"@type":"WebSite","@id":"https:\/\/rutana.lt\/#website","url":"https:\/\/rutana.lt\/","name":"Rutana - Ra\u0161tin\u0117s reikmenys","description":"Prekiaujame pasaulin\u0117je rinkoje pripa\u017eintomis, kokybi\u0161komis biuro prek\u0117mis toki\u0173  gamintoj\u0173 kaip: Schneider, Esselte, Novus, 3M, Faber-Castell, Citizen, Milan, Leitz, Colop, Zebra, Staedtler, Durable, Tork, Parker, Waterman ir kt.","publisher":{"@id":"https:\/\/rutana.lt\/#organization"},"potentialAction":[{"@type":"SearchAction","target":{"@type":"EntryPoint","urlTemplate":"https:\/\/rutana.lt\/?s={search_term_string}"},"query-input":{"@type":"PropertyValueSpecification","valueRequired":true,"valueName":"search_term_string"}}],"inLanguage":"en-US"},{"@type":"Organization","@id":"https:\/\/rutana.lt\/#organization","name":"Rutana - Ra\u0161tin\u0117s reikmenys","url":"https:\/\/rutana.lt\/","logo":{"@type":"ImageObject","inLanguage":"en-US","@id":"https:\/\/rutana.lt\/#\/schema\/logo\/image\/","url":"https:\/\/rutana.lt\/wp-content\/uploads\/2025\/10\/Asset-32.png","contentUrl":"https:\/\/rutana.lt\/wp-content\/uploads\/2025\/10\/Asset-32.png","width":433,"height":119,"caption":"Rutana - Ra\u0161tin\u0117s reikmenys"},"image":{"@id":"https:\/\/rutana.lt\/#\/schema\/logo\/image\/"},"sameAs":["https:\/\/www.facebook.com\/RutanaKanceliarinesPrekes\/"]}]}},"_links":{"self":[{"href":"https:\/\/rutana.lt\/en\/wp-json\/wp\/v2\/product\/11043","targetHints":{"allow":["GET"]}}],"collection":[{"href":"https:\/\/rutana.lt\/en\/wp-json\/wp\/v2\/product"}],"about":[{"href":"https:\/\/rutana.lt\/en\/wp-json\/wp\/v2\/types\/product"}],"replies":[{"embeddable":true,"href":"https:\/\/rutana.lt\/en\/wp-json\/wp\/v2\/comments?post=11043"}],"version-history":[{"count":1,"href":"https:\/\/rutana.lt\/en\/wp-json\/wp\/v2\/product\/11043\/revisions"}],"predecessor-version":[{"id":11124,"href":"https:\/\/rutana.lt\/en\/wp-json\/wp\/v2\/product\/11043\/revisions\/11124"}],"wp:featuredmedia":[{"embeddable":true,"href":"https:\/\/rutana.lt\/en\/wp-json\/wp\/v2\/media\/27350"}],"wp:attachment":[{"href":"https:\/\/rutana.lt\/en\/wp-json\/wp\/v2\/media?parent=11043"}],"wp:term":[{"taxonomy":"product_brand","embeddable":true,"href":"https:\/\/rutana.lt\/en\/wp-json\/wp\/v2\/product_brand?post=11043"},{"taxonomy":"product_cat","embeddable":true,"href":"https:\/\/rutana.lt\/en\/wp-json\/wp\/v2\/product_cat?post=11043"},{"taxonomy":"product_tag","embeddable":true,"href":"https:\/\/rutana.lt\/en\/wp-json\/wp\/v2\/product_tag?post=11043"}],"curies":[{"name":"wp","href":"https:\/\/api.w.org\/{rel}","templated":true}]}}