{"id":10953,"date":"2025-09-03T09:14:34","date_gmt":"2025-09-03T07:14:34","guid":{"rendered":"https:\/\/rutana.webdemo.lt\/?post_type=product&#038;p=10953"},"modified":"2025-10-13T15:37:52","modified_gmt":"2025-10-13T13:37:52","slug":"aplankas-l-formos-a4-su-piesiniu-centrum-88820","status":"publish","type":"product","link":"https:\/\/rutana.lt\/en\/product\/aplankas-l-formos-a4-su-piesiniu-centrum-88820\/","title":{"rendered":"Aplankas L formos A4 su pie\u0161iniu Centrum 88820"},"content":{"rendered":"<p>L formos vokelis, pagamintas i\u0161 polipropileno, skirtas tvarkingam dokument\u0173 saugojimui ir ne\u0161iojimui. Su i\u0161kirpimu, kad b\u016bt\u0173 patogu atidaryti. Atviras vir\u0161us ir kra\u0161tin\u0117 de\u0161in\u0117je pus\u0117je. Patogu \u012fd\u0117ti ir i\u0161traukti dokumentus. Su vaiki\u0161ku pie\u0161iniu, tod\u0117l labiau tinkamas vaikams, mokiniams.<\/p>\n<p>Formatas: A4<\/p>\n<p>Storis: 0.15 mm<\/p>\n<p>Aplanko spalva: su vaiki\u0161ku pie\u0161iniu<\/p>\n<p>Kilm\u0117s \u0161alis: Vokietija<\/p>\n<\/p>\n<p><\/p>","protected":false},"excerpt":{"rendered":"<p>L formos vokelis, pagamintas i\u0161 polipropileno, skirtas tvarkingam dokument\u0173 saugojimui ir ne\u0161iojimui. Su i\u0161kirpimu, kad b\u016bt\u0173 patogu atidaryti. Atviras vir\u0161us ir kra\u0161tin\u0117 de\u0161in\u0117je pus\u0117je. Patogu \u012fd\u0117ti ir i\u0161traukti dokumentus. Su vaiki\u0161ku pie\u0161iniu, tod\u0117l labiau tinkamas vaikams, mokiniams. Formatas: A4 Storis: 0.15 mm Aplanko spalva: su vaiki\u0161ku pie\u0161iniu Kilm\u0117s \u0161alis: Vokietija<\/p>","protected":false},"featured_media":27312,"comment_status":"open","ping_status":"closed","template":"","meta":{"_season_start":"","_season_end":"","_season_days":"","_season_months":"","_season_auto_visibility":""},"product_brand":[199],"product_cat":[1758],"product_tag":[],"class_list":{"0":"post-10953","1":"product","2":"type-product","3":"status-publish","4":"has-post-thumbnail","6":"product_brand-centrum","7":"product_cat-aplankai-l-formos","9":"first","10":"instock","11":"taxable","12":"shipping-taxable","13":"purchasable","14":"product-type-simple"},"yoast_head":"<!-- This site is optimized with the Yoast SEO plugin v26.1.1 - https:\/\/yoast.com\/wordpress\/plugins\/seo\/ -->\n<title>Aplankas L formos A4 su pie\u0161iniu Centrum 88820 - Rutana - Ra\u0161tin\u0117s reikmenys<\/title>\n<meta name=\"robots\" content=\"index, follow, max-snippet:-1, max-image-preview:large, max-video-preview:-1\" \/>\n<link rel=\"canonical\" href=\"https:\/\/rutana.lt\/en\/product\/aplankas-l-formos-a4-su-piesiniu-centrum-88820\/\" \/>\n<meta property=\"og:locale\" content=\"en_US\" \/>\n<meta property=\"og:type\" content=\"article\" \/>\n<meta property=\"og:title\" content=\"Aplankas L formos A4 su pie\u0161iniu Centrum 88820 - Rutana - Ra\u0161tin\u0117s reikmenys\" \/>\n<meta property=\"og:description\" content=\"L formos vokelis, pagamintas i\u0161 polipropileno, skirtas tvarkingam dokument\u0173 saugojimui ir ne\u0161iojimui. Su i\u0161kirpimu, kad b\u016bt\u0173 patogu atidaryti. Atviras vir\u0161us ir kra\u0161tin\u0117 de\u0161in\u0117je pus\u0117je. Patogu \u012fd\u0117ti ir i\u0161traukti dokumentus. Su vaiki\u0161ku pie\u0161iniu, tod\u0117l labiau tinkamas vaikams, mokiniams. Formatas: A4 Storis: 0.15 mm Aplanko spalva: su vaiki\u0161ku pie\u0161iniu Kilm\u0117s \u0161alis: Vokietija\" \/>\n<meta property=\"og:url\" content=\"https:\/\/rutana.lt\/en\/product\/aplankas-l-formos-a4-su-piesiniu-centrum-88820\/\" \/>\n<meta property=\"og:site_name\" content=\"Rutana - Ra\u0161tin\u0117s reikmenys\" \/>\n<meta property=\"article:publisher\" content=\"https:\/\/www.facebook.com\/RutanaKanceliarinesPrekes\/\" \/>\n<meta property=\"article:modified_time\" content=\"2025-10-13T13:37:52+00:00\" \/>\n<meta property=\"og:image\" content=\"https:\/\/rutana.lt\/wp-content\/uploads\/2025\/09\/C011-706.jpg\" \/>\n\t<meta property=\"og:image:width\" content=\"500\" \/>\n\t<meta property=\"og:image:height\" content=\"500\" \/>\n\t<meta property=\"og:image:type\" content=\"image\/jpeg\" \/>\n<meta name=\"twitter:card\" content=\"summary_large_image\" \/>\n<script type=\"application\/ld+json\" class=\"yoast-schema-graph\">{\"@context\":\"https:\/\/schema.org\",\"@graph\":[{\"@type\":\"WebPage\",\"@id\":\"https:\/\/rutana.lt\/produktas\/aplankas-l-formos-a4-su-piesiniu-centrum-88820\/\",\"url\":\"https:\/\/rutana.lt\/produktas\/aplankas-l-formos-a4-su-piesiniu-centrum-88820\/\",\"name\":\"Aplankas L formos A4 su pie\u0161iniu Centrum 88820 - Rutana - Ra\u0161tin\u0117s reikmenys\",\"isPartOf\":{\"@id\":\"https:\/\/rutana.lt\/#website\"},\"primaryImageOfPage\":{\"@id\":\"https:\/\/rutana.lt\/produktas\/aplankas-l-formos-a4-su-piesiniu-centrum-88820\/#primaryimage\"},\"image\":{\"@id\":\"https:\/\/rutana.lt\/produktas\/aplankas-l-formos-a4-su-piesiniu-centrum-88820\/#primaryimage\"},\"thumbnailUrl\":\"https:\/\/rutana.lt\/wp-content\/uploads\/2025\/09\/C011-706-3.jpg?v=1763620128\",\"datePublished\":\"2025-09-03T07:14:34+00:00\",\"dateModified\":\"2025-10-13T13:37:52+00:00\",\"breadcrumb\":{\"@id\":\"https:\/\/rutana.lt\/produktas\/aplankas-l-formos-a4-su-piesiniu-centrum-88820\/#breadcrumb\"},\"inLanguage\":\"en-US\",\"potentialAction\":[{\"@type\":\"ReadAction\",\"target\":[\"https:\/\/rutana.lt\/produktas\/aplankas-l-formos-a4-su-piesiniu-centrum-88820\/\"]}]},{\"@type\":\"ImageObject\",\"inLanguage\":\"en-US\",\"@id\":\"https:\/\/rutana.lt\/produktas\/aplankas-l-formos-a4-su-piesiniu-centrum-88820\/#primaryimage\",\"url\":\"https:\/\/rutana.lt\/wp-content\/uploads\/2025\/09\/C011-706-3.jpg?v=1763620128\",\"contentUrl\":\"https:\/\/rutana.lt\/wp-content\/uploads\/2025\/09\/C011-706-3.jpg?v=1763620128\",\"width\":500,\"height\":500},{\"@type\":\"BreadcrumbList\",\"@id\":\"https:\/\/rutana.lt\/produktas\/aplankas-l-formos-a4-su-piesiniu-centrum-88820\/#breadcrumb\",\"itemListElement\":[{\"@type\":\"ListItem\",\"position\":1,\"name\":\"Home\",\"item\":\"https:\/\/rutana.lt\/\"},{\"@type\":\"ListItem\",\"position\":2,\"name\":\"Parduotuv\u0117\",\"item\":\"https:\/\/rutana.lt\/parduotuve\/\"},{\"@type\":\"ListItem\",\"position\":3,\"name\":\"Aplankas L formos A4 su pie\u0161iniu Centrum 88820\"}]},{\"@type\":\"WebSite\",\"@id\":\"https:\/\/rutana.lt\/#website\",\"url\":\"https:\/\/rutana.lt\/\",\"name\":\"Rutana - Ra\u0161tin\u0117s reikmenys\",\"description\":\"Prekiaujame pasaulin\u0117je rinkoje pripa\u017eintomis, kokybi\u0161komis biuro prek\u0117mis toki\u0173  gamintoj\u0173 kaip: Schneider, Esselte, Novus, 3M, Faber-Castell, Citizen, Milan, Leitz, Colop, Zebra, Staedtler, Durable, Tork, Parker, Waterman ir kt.\",\"publisher\":{\"@id\":\"https:\/\/rutana.lt\/#organization\"},\"potentialAction\":[{\"@type\":\"SearchAction\",\"target\":{\"@type\":\"EntryPoint\",\"urlTemplate\":\"https:\/\/rutana.lt\/?s={search_term_string}\"},\"query-input\":{\"@type\":\"PropertyValueSpecification\",\"valueRequired\":true,\"valueName\":\"search_term_string\"}}],\"inLanguage\":\"en-US\"},{\"@type\":\"Organization\",\"@id\":\"https:\/\/rutana.lt\/#organization\",\"name\":\"Rutana - Ra\u0161tin\u0117s reikmenys\",\"url\":\"https:\/\/rutana.lt\/\",\"logo\":{\"@type\":\"ImageObject\",\"inLanguage\":\"en-US\",\"@id\":\"https:\/\/rutana.lt\/#\/schema\/logo\/image\/\",\"url\":\"https:\/\/rutana.lt\/wp-content\/uploads\/2025\/10\/Asset-32.png\",\"contentUrl\":\"https:\/\/rutana.lt\/wp-content\/uploads\/2025\/10\/Asset-32.png\",\"width\":433,\"height\":119,\"caption\":\"Rutana - Ra\u0161tin\u0117s reikmenys\"},\"image\":{\"@id\":\"https:\/\/rutana.lt\/#\/schema\/logo\/image\/\"},\"sameAs\":[\"https:\/\/www.facebook.com\/RutanaKanceliarinesPrekes\/\"]}]}<\/script>\n<!-- \/ Yoast SEO plugin. -->","yoast_head_json":{"title":"Aplankas L formos A4 su pie\u0161iniu Centrum 88820 - Rutana - Ra\u0161tin\u0117s reikmenys","robots":{"index":"index","follow":"follow","max-snippet":"max-snippet:-1","max-image-preview":"max-image-preview:large","max-video-preview":"max-video-preview:-1"},"canonical":"https:\/\/rutana.lt\/en\/product\/aplankas-l-formos-a4-su-piesiniu-centrum-88820\/","og_locale":"en_US","og_type":"article","og_title":"Aplankas L formos A4 su pie\u0161iniu Centrum 88820 - Rutana - Ra\u0161tin\u0117s reikmenys","og_description":"L formos vokelis, pagamintas i\u0161 polipropileno, skirtas tvarkingam dokument\u0173 saugojimui ir ne\u0161iojimui. Su i\u0161kirpimu, kad b\u016bt\u0173 patogu atidaryti. Atviras vir\u0161us ir kra\u0161tin\u0117 de\u0161in\u0117je pus\u0117je. Patogu \u012fd\u0117ti ir i\u0161traukti dokumentus. Su vaiki\u0161ku pie\u0161iniu, tod\u0117l labiau tinkamas vaikams, mokiniams. Formatas: A4 Storis: 0.15 mm Aplanko spalva: su vaiki\u0161ku pie\u0161iniu Kilm\u0117s \u0161alis: Vokietija","og_url":"https:\/\/rutana.lt\/en\/product\/aplankas-l-formos-a4-su-piesiniu-centrum-88820\/","og_site_name":"Rutana - Ra\u0161tin\u0117s reikmenys","article_publisher":"https:\/\/www.facebook.com\/RutanaKanceliarinesPrekes\/","article_modified_time":"2025-10-13T13:37:52+00:00","og_image":[{"width":500,"height":500,"url":"https:\/\/rutana.lt\/wp-content\/uploads\/2025\/09\/C011-706.jpg","type":"image\/jpeg"}],"twitter_card":"summary_large_image","schema":{"@context":"https:\/\/schema.org","@graph":[{"@type":"WebPage","@id":"https:\/\/rutana.lt\/produktas\/aplankas-l-formos-a4-su-piesiniu-centrum-88820\/","url":"https:\/\/rutana.lt\/produktas\/aplankas-l-formos-a4-su-piesiniu-centrum-88820\/","name":"Aplankas L formos A4 su pie\u0161iniu Centrum 88820 - Rutana - Ra\u0161tin\u0117s reikmenys","isPartOf":{"@id":"https:\/\/rutana.lt\/#website"},"primaryImageOfPage":{"@id":"https:\/\/rutana.lt\/produktas\/aplankas-l-formos-a4-su-piesiniu-centrum-88820\/#primaryimage"},"image":{"@id":"https:\/\/rutana.lt\/produktas\/aplankas-l-formos-a4-su-piesiniu-centrum-88820\/#primaryimage"},"thumbnailUrl":"https:\/\/rutana.lt\/wp-content\/uploads\/2025\/09\/C011-706-3.jpg?v=1763620128","datePublished":"2025-09-03T07:14:34+00:00","dateModified":"2025-10-13T13:37:52+00:00","breadcrumb":{"@id":"https:\/\/rutana.lt\/produktas\/aplankas-l-formos-a4-su-piesiniu-centrum-88820\/#breadcrumb"},"inLanguage":"en-US","potentialAction":[{"@type":"ReadAction","target":["https:\/\/rutana.lt\/produktas\/aplankas-l-formos-a4-su-piesiniu-centrum-88820\/"]}]},{"@type":"ImageObject","inLanguage":"en-US","@id":"https:\/\/rutana.lt\/produktas\/aplankas-l-formos-a4-su-piesiniu-centrum-88820\/#primaryimage","url":"https:\/\/rutana.lt\/wp-content\/uploads\/2025\/09\/C011-706-3.jpg?v=1763620128","contentUrl":"https:\/\/rutana.lt\/wp-content\/uploads\/2025\/09\/C011-706-3.jpg?v=1763620128","width":500,"height":500},{"@type":"BreadcrumbList","@id":"https:\/\/rutana.lt\/produktas\/aplankas-l-formos-a4-su-piesiniu-centrum-88820\/#breadcrumb","itemListElement":[{"@type":"ListItem","position":1,"name":"Home","item":"https:\/\/rutana.lt\/"},{"@type":"ListItem","position":2,"name":"Parduotuv\u0117","item":"https:\/\/rutana.lt\/parduotuve\/"},{"@type":"ListItem","position":3,"name":"Aplankas L formos A4 su pie\u0161iniu Centrum 88820"}]},{"@type":"WebSite","@id":"https:\/\/rutana.lt\/#website","url":"https:\/\/rutana.lt\/","name":"Rutana - Ra\u0161tin\u0117s reikmenys","description":"Prekiaujame pasaulin\u0117je rinkoje pripa\u017eintomis, kokybi\u0161komis biuro prek\u0117mis toki\u0173  gamintoj\u0173 kaip: Schneider, Esselte, Novus, 3M, Faber-Castell, Citizen, Milan, Leitz, Colop, Zebra, Staedtler, Durable, Tork, Parker, Waterman ir kt.","publisher":{"@id":"https:\/\/rutana.lt\/#organization"},"potentialAction":[{"@type":"SearchAction","target":{"@type":"EntryPoint","urlTemplate":"https:\/\/rutana.lt\/?s={search_term_string}"},"query-input":{"@type":"PropertyValueSpecification","valueRequired":true,"valueName":"search_term_string"}}],"inLanguage":"en-US"},{"@type":"Organization","@id":"https:\/\/rutana.lt\/#organization","name":"Rutana - Ra\u0161tin\u0117s reikmenys","url":"https:\/\/rutana.lt\/","logo":{"@type":"ImageObject","inLanguage":"en-US","@id":"https:\/\/rutana.lt\/#\/schema\/logo\/image\/","url":"https:\/\/rutana.lt\/wp-content\/uploads\/2025\/10\/Asset-32.png","contentUrl":"https:\/\/rutana.lt\/wp-content\/uploads\/2025\/10\/Asset-32.png","width":433,"height":119,"caption":"Rutana - Ra\u0161tin\u0117s reikmenys"},"image":{"@id":"https:\/\/rutana.lt\/#\/schema\/logo\/image\/"},"sameAs":["https:\/\/www.facebook.com\/RutanaKanceliarinesPrekes\/"]}]}},"_links":{"self":[{"href":"https:\/\/rutana.lt\/en\/wp-json\/wp\/v2\/product\/10953","targetHints":{"allow":["GET"]}}],"collection":[{"href":"https:\/\/rutana.lt\/en\/wp-json\/wp\/v2\/product"}],"about":[{"href":"https:\/\/rutana.lt\/en\/wp-json\/wp\/v2\/types\/product"}],"replies":[{"embeddable":true,"href":"https:\/\/rutana.lt\/en\/wp-json\/wp\/v2\/comments?post=10953"}],"version-history":[{"count":1,"href":"https:\/\/rutana.lt\/en\/wp-json\/wp\/v2\/product\/10953\/revisions"}],"predecessor-version":[{"id":10998,"href":"https:\/\/rutana.lt\/en\/wp-json\/wp\/v2\/product\/10953\/revisions\/10998"}],"wp:featuredmedia":[{"embeddable":true,"href":"https:\/\/rutana.lt\/en\/wp-json\/wp\/v2\/media\/27312"}],"wp:attachment":[{"href":"https:\/\/rutana.lt\/en\/wp-json\/wp\/v2\/media?parent=10953"}],"wp:term":[{"taxonomy":"product_brand","embeddable":true,"href":"https:\/\/rutana.lt\/en\/wp-json\/wp\/v2\/product_brand?post=10953"},{"taxonomy":"product_cat","embeddable":true,"href":"https:\/\/rutana.lt\/en\/wp-json\/wp\/v2\/product_cat?post=10953"},{"taxonomy":"product_tag","embeddable":true,"href":"https:\/\/rutana.lt\/en\/wp-json\/wp\/v2\/product_tag?post=10953"}],"curies":[{"name":"wp","href":"https:\/\/api.w.org\/{rel}","templated":true}]}}