{"id":10894,"date":"2025-09-03T09:14:10","date_gmt":"2025-09-03T07:14:10","guid":{"rendered":"https:\/\/rutana.webdemo.lt\/?post_type=product&#038;p=10894"},"modified":"2025-10-13T15:37:47","modified_gmt":"2025-10-13T13:37:47","slug":"aplankas-a4-su-prispaudimo-mechanizmu-ivairiu-spalvu-centrum-80100","status":"publish","type":"product","link":"https:\/\/rutana.lt\/en\/product\/aplankas-a4-su-prispaudimo-mechanizmu-ivairiu-spalvu-centrum-80100\/","title":{"rendered":"Aplankas A4 su prispaudimo mechanizmu \u012fvairi\u0173 spalv\u0173 Centrum 80100"},"content":{"rendered":"<p>Auk\u0161tos kokyb\u0117s, neskaidraus, ry\u0161kaus atspalvio plastiko aplankas su saugiu prispaudimo mechanizmu, kad galima b\u016bt\u0173 segti popieri\u0173 be perforacijos. Viduje, ant vir\u0161elio,  yra papildoma skaidri ki\u0161en\u0117l\u0117 ir vieta vizitinei kortelei. Nugar\u0117l\u0117 1.5 cm plo\u010dio su skaidria ki\u0161en\u0117le bei kei\u010diamu lapeliu u\u017era\u0161ams. Aplankas pagamintas i\u0161 0.60 mm storio auk\u0161tos klas\u0117s plastiko.<\/p>\n<p>Aplanko formatas: A4<\/p>\n<p>Aplanko spalva: \u012fvairios    <\/p>\n<p>Kilm\u0117s \u0161alis: Vokietija<\/p>\n<\/p>\n<p><\/p>","protected":false},"excerpt":{"rendered":"<p>Auk\u0161tos kokyb\u0117s, neskaidraus, ry\u0161kaus atspalvio plastiko aplankas su saugiu prispaudimo mechanizmu, kad galima b\u016bt\u0173 segti popieri\u0173 be perforacijos. Viduje, ant vir\u0161elio, yra papildoma skaidri ki\u0161en\u0117l\u0117 ir vieta vizitinei kortelei. Nugar\u0117l\u0117 1.5 cm plo\u010dio su skaidria ki\u0161en\u0117le bei kei\u010diamu lapeliu u\u017era\u0161ams. Aplankas pagamintas i\u0161 0.60 mm storio auk\u0161tos klas\u0117s plastiko. Aplanko formatas: A4 Aplanko spalva: \u012fvairios [&hellip;]<\/p>","protected":false},"featured_media":27299,"comment_status":"open","ping_status":"closed","template":"","meta":{"_season_start":"","_season_end":"","_season_days":"","_season_months":"","_season_auto_visibility":""},"product_brand":[199],"product_cat":[1765],"product_tag":[],"class_list":{"0":"post-10894","1":"product","2":"type-product","3":"status-publish","4":"has-post-thumbnail","6":"product_brand-centrum","7":"product_cat-aplankai-su-spaustuku","9":"first","10":"instock","11":"taxable","12":"shipping-taxable","13":"purchasable","14":"product-type-simple"},"yoast_head":"<!-- This site is optimized with the Yoast SEO plugin v27.4 - https:\/\/yoast.com\/product\/yoast-seo-wordpress\/ -->\n<title>Aplankas A4 su prispaudimo mechanizmu \u012fvairi\u0173 spalv\u0173 Centrum 80100 - Rutana - Ra\u0161tin\u0117s reikmenys<\/title>\n<meta name=\"robots\" content=\"index, follow, max-snippet:-1, max-image-preview:large, max-video-preview:-1\" \/>\n<link rel=\"canonical\" href=\"https:\/\/rutana.lt\/en\/product\/aplankas-a4-su-prispaudimo-mechanizmu-ivairiu-spalvu-centrum-80100\/\" \/>\n<meta property=\"og:locale\" content=\"en_US\" \/>\n<meta property=\"og:type\" content=\"article\" \/>\n<meta property=\"og:title\" content=\"Aplankas A4 su prispaudimo mechanizmu \u012fvairi\u0173 spalv\u0173 Centrum 80100 - Rutana - Ra\u0161tin\u0117s reikmenys\" \/>\n<meta property=\"og:description\" content=\"Auk\u0161tos kokyb\u0117s, neskaidraus, ry\u0161kaus atspalvio plastiko aplankas su saugiu prispaudimo mechanizmu, kad galima b\u016bt\u0173 segti popieri\u0173 be perforacijos. Viduje, ant vir\u0161elio, yra papildoma skaidri ki\u0161en\u0117l\u0117 ir vieta vizitinei kortelei. Nugar\u0117l\u0117 1.5 cm plo\u010dio su skaidria ki\u0161en\u0117le bei kei\u010diamu lapeliu u\u017era\u0161ams. Aplankas pagamintas i\u0161 0.60 mm storio auk\u0161tos klas\u0117s plastiko. Aplanko formatas: A4 Aplanko spalva: \u012fvairios [&hellip;]\" \/>\n<meta property=\"og:url\" content=\"https:\/\/rutana.lt\/en\/product\/aplankas-a4-su-prispaudimo-mechanizmu-ivairiu-spalvu-centrum-80100\/\" \/>\n<meta property=\"og:site_name\" content=\"Rutana - Ra\u0161tin\u0117s reikmenys\" \/>\n<meta property=\"article:publisher\" content=\"https:\/\/www.facebook.com\/RutanaKanceliarinesPrekes\/\" \/>\n<meta property=\"article:modified_time\" content=\"2025-10-13T13:37:47+00:00\" \/>\n<meta property=\"og:image\" content=\"https:\/\/rutana.lt\/wp-content\/uploads\/2025\/09\/C016-030.jpg\" \/>\n\t<meta property=\"og:image:width\" content=\"600\" \/>\n\t<meta property=\"og:image:height\" content=\"450\" \/>\n\t<meta property=\"og:image:type\" content=\"image\/jpeg\" \/>\n<meta name=\"twitter:card\" content=\"summary_large_image\" \/>\n<script type=\"application\/ld+json\" class=\"yoast-schema-graph\">{\"@context\":\"https:\\\/\\\/schema.org\",\"@graph\":[{\"@type\":\"WebPage\",\"@id\":\"https:\\\/\\\/rutana.lt\\\/produktas\\\/aplankas-a4-su-prispaudimo-mechanizmu-ivairiu-spalvu-centrum-80100\\\/\",\"url\":\"https:\\\/\\\/rutana.lt\\\/produktas\\\/aplankas-a4-su-prispaudimo-mechanizmu-ivairiu-spalvu-centrum-80100\\\/\",\"name\":\"Aplankas A4 su prispaudimo mechanizmu \u012fvairi\u0173 spalv\u0173 Centrum 80100 - Rutana - Ra\u0161tin\u0117s reikmenys\",\"isPartOf\":{\"@id\":\"https:\\\/\\\/rutana.lt\\\/#website\"},\"primaryImageOfPage\":{\"@id\":\"https:\\\/\\\/rutana.lt\\\/produktas\\\/aplankas-a4-su-prispaudimo-mechanizmu-ivairiu-spalvu-centrum-80100\\\/#primaryimage\"},\"image\":{\"@id\":\"https:\\\/\\\/rutana.lt\\\/produktas\\\/aplankas-a4-su-prispaudimo-mechanizmu-ivairiu-spalvu-centrum-80100\\\/#primaryimage\"},\"thumbnailUrl\":\"https:\\\/\\\/rutana.lt\\\/wp-content\\\/uploads\\\/2025\\\/09\\\/C016-030-2.jpg?v=1763620146\",\"datePublished\":\"2025-09-03T07:14:10+00:00\",\"dateModified\":\"2025-10-13T13:37:47+00:00\",\"breadcrumb\":{\"@id\":\"https:\\\/\\\/rutana.lt\\\/produktas\\\/aplankas-a4-su-prispaudimo-mechanizmu-ivairiu-spalvu-centrum-80100\\\/#breadcrumb\"},\"inLanguage\":\"en-US\",\"potentialAction\":[{\"@type\":\"ReadAction\",\"target\":[\"https:\\\/\\\/rutana.lt\\\/produktas\\\/aplankas-a4-su-prispaudimo-mechanizmu-ivairiu-spalvu-centrum-80100\\\/\"]}]},{\"@type\":\"ImageObject\",\"inLanguage\":\"en-US\",\"@id\":\"https:\\\/\\\/rutana.lt\\\/produktas\\\/aplankas-a4-su-prispaudimo-mechanizmu-ivairiu-spalvu-centrum-80100\\\/#primaryimage\",\"url\":\"https:\\\/\\\/rutana.lt\\\/wp-content\\\/uploads\\\/2025\\\/09\\\/C016-030-2.jpg?v=1763620146\",\"contentUrl\":\"https:\\\/\\\/rutana.lt\\\/wp-content\\\/uploads\\\/2025\\\/09\\\/C016-030-2.jpg?v=1763620146\",\"width\":600,\"height\":450},{\"@type\":\"BreadcrumbList\",\"@id\":\"https:\\\/\\\/rutana.lt\\\/produktas\\\/aplankas-a4-su-prispaudimo-mechanizmu-ivairiu-spalvu-centrum-80100\\\/#breadcrumb\",\"itemListElement\":[{\"@type\":\"ListItem\",\"position\":1,\"name\":\"Home\",\"item\":\"https:\\\/\\\/rutana.lt\\\/\"},{\"@type\":\"ListItem\",\"position\":2,\"name\":\"Parduotuv\u0117\",\"item\":\"https:\\\/\\\/rutana.lt\\\/parduotuve\\\/\"},{\"@type\":\"ListItem\",\"position\":3,\"name\":\"Aplankas A4 su prispaudimo mechanizmu \u012fvairi\u0173 spalv\u0173 Centrum 80100\"}]},{\"@type\":\"WebSite\",\"@id\":\"https:\\\/\\\/rutana.lt\\\/#website\",\"url\":\"https:\\\/\\\/rutana.lt\\\/\",\"name\":\"Rutana - Ra\u0161tin\u0117s reikmenys\",\"description\":\"Prekiaujame pasaulin\u0117je rinkoje pripa\u017eintomis, kokybi\u0161komis biuro prek\u0117mis toki\u0173  gamintoj\u0173 kaip: Schneider, Esselte, Novus, 3M, Faber-Castell, Citizen, Milan, Leitz, Colop, Zebra, Staedtler, Durable, Tork, Parker, Waterman ir kt.\",\"publisher\":{\"@id\":\"https:\\\/\\\/rutana.lt\\\/#organization\"},\"potentialAction\":[{\"@type\":\"SearchAction\",\"target\":{\"@type\":\"EntryPoint\",\"urlTemplate\":\"https:\\\/\\\/rutana.lt\\\/?s={search_term_string}\"},\"query-input\":{\"@type\":\"PropertyValueSpecification\",\"valueRequired\":true,\"valueName\":\"search_term_string\"}}],\"inLanguage\":\"en-US\"},{\"@type\":\"Organization\",\"@id\":\"https:\\\/\\\/rutana.lt\\\/#organization\",\"name\":\"Rutana - Ra\u0161tin\u0117s reikmenys\",\"url\":\"https:\\\/\\\/rutana.lt\\\/\",\"logo\":{\"@type\":\"ImageObject\",\"inLanguage\":\"en-US\",\"@id\":\"https:\\\/\\\/rutana.lt\\\/#\\\/schema\\\/logo\\\/image\\\/\",\"url\":\"https:\\\/\\\/rutana.lt\\\/wp-content\\\/uploads\\\/2025\\\/10\\\/Asset-32.png\",\"contentUrl\":\"https:\\\/\\\/rutana.lt\\\/wp-content\\\/uploads\\\/2025\\\/10\\\/Asset-32.png\",\"width\":433,\"height\":119,\"caption\":\"Rutana - Ra\u0161tin\u0117s reikmenys\"},\"image\":{\"@id\":\"https:\\\/\\\/rutana.lt\\\/#\\\/schema\\\/logo\\\/image\\\/\"},\"sameAs\":[\"https:\\\/\\\/www.facebook.com\\\/RutanaKanceliarinesPrekes\\\/\"]}]}<\/script>\n<!-- \/ Yoast SEO plugin. -->","yoast_head_json":{"title":"Aplankas A4 su prispaudimo mechanizmu \u012fvairi\u0173 spalv\u0173 Centrum 80100 - Rutana - Ra\u0161tin\u0117s reikmenys","robots":{"index":"index","follow":"follow","max-snippet":"max-snippet:-1","max-image-preview":"max-image-preview:large","max-video-preview":"max-video-preview:-1"},"canonical":"https:\/\/rutana.lt\/en\/product\/aplankas-a4-su-prispaudimo-mechanizmu-ivairiu-spalvu-centrum-80100\/","og_locale":"en_US","og_type":"article","og_title":"Aplankas A4 su prispaudimo mechanizmu \u012fvairi\u0173 spalv\u0173 Centrum 80100 - Rutana - Ra\u0161tin\u0117s reikmenys","og_description":"Auk\u0161tos kokyb\u0117s, neskaidraus, ry\u0161kaus atspalvio plastiko aplankas su saugiu prispaudimo mechanizmu, kad galima b\u016bt\u0173 segti popieri\u0173 be perforacijos. Viduje, ant vir\u0161elio, yra papildoma skaidri ki\u0161en\u0117l\u0117 ir vieta vizitinei kortelei. Nugar\u0117l\u0117 1.5 cm plo\u010dio su skaidria ki\u0161en\u0117le bei kei\u010diamu lapeliu u\u017era\u0161ams. Aplankas pagamintas i\u0161 0.60 mm storio auk\u0161tos klas\u0117s plastiko. Aplanko formatas: A4 Aplanko spalva: \u012fvairios [&hellip;]","og_url":"https:\/\/rutana.lt\/en\/product\/aplankas-a4-su-prispaudimo-mechanizmu-ivairiu-spalvu-centrum-80100\/","og_site_name":"Rutana - Ra\u0161tin\u0117s reikmenys","article_publisher":"https:\/\/www.facebook.com\/RutanaKanceliarinesPrekes\/","article_modified_time":"2025-10-13T13:37:47+00:00","og_image":[{"width":600,"height":450,"url":"https:\/\/rutana.lt\/wp-content\/uploads\/2025\/09\/C016-030.jpg","type":"image\/jpeg"}],"twitter_card":"summary_large_image","schema":{"@context":"https:\/\/schema.org","@graph":[{"@type":"WebPage","@id":"https:\/\/rutana.lt\/produktas\/aplankas-a4-su-prispaudimo-mechanizmu-ivairiu-spalvu-centrum-80100\/","url":"https:\/\/rutana.lt\/produktas\/aplankas-a4-su-prispaudimo-mechanizmu-ivairiu-spalvu-centrum-80100\/","name":"Aplankas A4 su prispaudimo mechanizmu \u012fvairi\u0173 spalv\u0173 Centrum 80100 - Rutana - Ra\u0161tin\u0117s reikmenys","isPartOf":{"@id":"https:\/\/rutana.lt\/#website"},"primaryImageOfPage":{"@id":"https:\/\/rutana.lt\/produktas\/aplankas-a4-su-prispaudimo-mechanizmu-ivairiu-spalvu-centrum-80100\/#primaryimage"},"image":{"@id":"https:\/\/rutana.lt\/produktas\/aplankas-a4-su-prispaudimo-mechanizmu-ivairiu-spalvu-centrum-80100\/#primaryimage"},"thumbnailUrl":"https:\/\/rutana.lt\/wp-content\/uploads\/2025\/09\/C016-030-2.jpg?v=1763620146","datePublished":"2025-09-03T07:14:10+00:00","dateModified":"2025-10-13T13:37:47+00:00","breadcrumb":{"@id":"https:\/\/rutana.lt\/produktas\/aplankas-a4-su-prispaudimo-mechanizmu-ivairiu-spalvu-centrum-80100\/#breadcrumb"},"inLanguage":"en-US","potentialAction":[{"@type":"ReadAction","target":["https:\/\/rutana.lt\/produktas\/aplankas-a4-su-prispaudimo-mechanizmu-ivairiu-spalvu-centrum-80100\/"]}]},{"@type":"ImageObject","inLanguage":"en-US","@id":"https:\/\/rutana.lt\/produktas\/aplankas-a4-su-prispaudimo-mechanizmu-ivairiu-spalvu-centrum-80100\/#primaryimage","url":"https:\/\/rutana.lt\/wp-content\/uploads\/2025\/09\/C016-030-2.jpg?v=1763620146","contentUrl":"https:\/\/rutana.lt\/wp-content\/uploads\/2025\/09\/C016-030-2.jpg?v=1763620146","width":600,"height":450},{"@type":"BreadcrumbList","@id":"https:\/\/rutana.lt\/produktas\/aplankas-a4-su-prispaudimo-mechanizmu-ivairiu-spalvu-centrum-80100\/#breadcrumb","itemListElement":[{"@type":"ListItem","position":1,"name":"Home","item":"https:\/\/rutana.lt\/"},{"@type":"ListItem","position":2,"name":"Parduotuv\u0117","item":"https:\/\/rutana.lt\/parduotuve\/"},{"@type":"ListItem","position":3,"name":"Aplankas A4 su prispaudimo mechanizmu \u012fvairi\u0173 spalv\u0173 Centrum 80100"}]},{"@type":"WebSite","@id":"https:\/\/rutana.lt\/#website","url":"https:\/\/rutana.lt\/","name":"Rutana - Ra\u0161tin\u0117s reikmenys","description":"Prekiaujame pasaulin\u0117je rinkoje pripa\u017eintomis, kokybi\u0161komis biuro prek\u0117mis toki\u0173  gamintoj\u0173 kaip: Schneider, Esselte, Novus, 3M, Faber-Castell, Citizen, Milan, Leitz, Colop, Zebra, Staedtler, Durable, Tork, Parker, Waterman ir kt.","publisher":{"@id":"https:\/\/rutana.lt\/#organization"},"potentialAction":[{"@type":"SearchAction","target":{"@type":"EntryPoint","urlTemplate":"https:\/\/rutana.lt\/?s={search_term_string}"},"query-input":{"@type":"PropertyValueSpecification","valueRequired":true,"valueName":"search_term_string"}}],"inLanguage":"en-US"},{"@type":"Organization","@id":"https:\/\/rutana.lt\/#organization","name":"Rutana - Ra\u0161tin\u0117s reikmenys","url":"https:\/\/rutana.lt\/","logo":{"@type":"ImageObject","inLanguage":"en-US","@id":"https:\/\/rutana.lt\/#\/schema\/logo\/image\/","url":"https:\/\/rutana.lt\/wp-content\/uploads\/2025\/10\/Asset-32.png","contentUrl":"https:\/\/rutana.lt\/wp-content\/uploads\/2025\/10\/Asset-32.png","width":433,"height":119,"caption":"Rutana - Ra\u0161tin\u0117s reikmenys"},"image":{"@id":"https:\/\/rutana.lt\/#\/schema\/logo\/image\/"},"sameAs":["https:\/\/www.facebook.com\/RutanaKanceliarinesPrekes\/"]}]}},"_links":{"self":[{"href":"https:\/\/rutana.lt\/en\/wp-json\/wp\/v2\/product\/10894","targetHints":{"allow":["GET"]}}],"collection":[{"href":"https:\/\/rutana.lt\/en\/wp-json\/wp\/v2\/product"}],"about":[{"href":"https:\/\/rutana.lt\/en\/wp-json\/wp\/v2\/types\/product"}],"replies":[{"embeddable":true,"href":"https:\/\/rutana.lt\/en\/wp-json\/wp\/v2\/comments?post=10894"}],"version-history":[{"count":1,"href":"https:\/\/rutana.lt\/en\/wp-json\/wp\/v2\/product\/10894\/revisions"}],"predecessor-version":[{"id":10972,"href":"https:\/\/rutana.lt\/en\/wp-json\/wp\/v2\/product\/10894\/revisions\/10972"}],"wp:featuredmedia":[{"embeddable":true,"href":"https:\/\/rutana.lt\/en\/wp-json\/wp\/v2\/media\/27299"}],"wp:attachment":[{"href":"https:\/\/rutana.lt\/en\/wp-json\/wp\/v2\/media?parent=10894"}],"wp:term":[{"taxonomy":"product_brand","embeddable":true,"href":"https:\/\/rutana.lt\/en\/wp-json\/wp\/v2\/product_brand?post=10894"},{"taxonomy":"product_cat","embeddable":true,"href":"https:\/\/rutana.lt\/en\/wp-json\/wp\/v2\/product_cat?post=10894"},{"taxonomy":"product_tag","embeddable":true,"href":"https:\/\/rutana.lt\/en\/wp-json\/wp\/v2\/product_tag?post=10894"}],"curies":[{"name":"wp","href":"https:\/\/api.w.org\/{rel}","templated":true}]}}