{"id":10816,"date":"2025-09-03T09:13:45","date_gmt":"2025-09-03T07:13:45","guid":{"rendered":"https:\/\/rutana.webdemo.lt\/?post_type=product&#038;p=10816"},"modified":"2025-10-13T15:37:30","modified_gmt":"2025-10-13T13:37:30","slug":"piesimo-sasiuvinis-su-spirale-animal-world-a4-32-lapu-hatber-14069","status":"publish","type":"product","link":"https:\/\/rutana.lt\/en\/product\/piesimo-sasiuvinis-su-spirale-animal-world-a4-32-lapu-hatber-14069\/","title":{"rendered":"Pie\u0161imo s\u0105siuvinis su spirale &#8222;Animal World&#8221; A4 32 lap\u0173 Hatber 14069"},"content":{"rendered":"<p>Pie\u0161imo s\u0105siuvinis skirtas pie\u0161ti akvarele, pie\u0161tukais ir flomasteriais. S\u0105siuvinis pagamintas su naujausios technologijos \u012franga ir atitinka auk\u0161\u010diausius standartus. <\/p>\n<p>Formatas: A4<\/p>\n<p>Lap\u0173 skai\u010dius: 32<\/p>\n<p>Popieriaus svoris: 100 g\/m<span style=\"vertical-align: super;\">2<\/span><\/p>\n<p><span style=\"vertical-align: super;\">Susegimas: su spirale<\/span><\/p>\n<p><\/p>\n<p><\/p>","protected":false},"excerpt":{"rendered":"<p>Pie\u0161imo s\u0105siuvinis skirtas pie\u0161ti akvarele, pie\u0161tukais ir flomasteriais. S\u0105siuvinis pagamintas su naujausios technologijos \u012franga ir atitinka auk\u0161\u010diausius standartus. Formatas: A4 Lap\u0173 skai\u010dius: 32 Popieriaus svoris: 100 g\/m2 Susegimas: su spirale<\/p>","protected":false},"featured_media":27269,"comment_status":"open","ping_status":"closed","template":"","meta":{"_season_start":"","_season_end":"","_season_days":"","_season_months":"","_season_auto_visibility":""},"product_brand":[742],"product_cat":[1642,1641],"product_tag":[],"class_list":{"0":"post-10816","1":"product","2":"type-product","3":"status-publish","4":"has-post-thumbnail","6":"product_brand-hatber","7":"product_cat-akvareles-sasiuviniai","8":"product_cat-piesimo","10":"first","11":"instock","12":"taxable","13":"shipping-taxable","14":"purchasable","15":"product-type-simple"},"yoast_head":"<!-- This site is optimized with the Yoast SEO plugin v27.4 - https:\/\/yoast.com\/product\/yoast-seo-wordpress\/ -->\n<title>Pie\u0161imo s\u0105siuvinis su spirale &quot;Animal World&quot; A4 32 lap\u0173 Hatber 14069 - Rutana - Ra\u0161tin\u0117s reikmenys<\/title>\n<meta name=\"robots\" content=\"index, follow, max-snippet:-1, max-image-preview:large, max-video-preview:-1\" \/>\n<link rel=\"canonical\" href=\"https:\/\/rutana.lt\/en\/product\/piesimo-sasiuvinis-su-spirale-animal-world-a4-32-lapu-hatber-14069\/\" \/>\n<meta property=\"og:locale\" content=\"en_US\" \/>\n<meta property=\"og:type\" content=\"article\" \/>\n<meta property=\"og:title\" content=\"Pie\u0161imo s\u0105siuvinis su spirale &quot;Animal World&quot; A4 32 lap\u0173 Hatber 14069 - Rutana - Ra\u0161tin\u0117s reikmenys\" \/>\n<meta property=\"og:description\" content=\"Pie\u0161imo s\u0105siuvinis skirtas pie\u0161ti akvarele, pie\u0161tukais ir flomasteriais. S\u0105siuvinis pagamintas su naujausios technologijos \u012franga ir atitinka auk\u0161\u010diausius standartus. Formatas: A4 Lap\u0173 skai\u010dius: 32 Popieriaus svoris: 100 g\/m2 Susegimas: su spirale\" \/>\n<meta property=\"og:url\" content=\"https:\/\/rutana.lt\/en\/product\/piesimo-sasiuvinis-su-spirale-animal-world-a4-32-lapu-hatber-14069\/\" \/>\n<meta property=\"og:site_name\" content=\"Rutana - Ra\u0161tin\u0117s reikmenys\" \/>\n<meta property=\"article:publisher\" content=\"https:\/\/www.facebook.com\/RutanaKanceliarinesPrekes\/\" \/>\n<meta property=\"article:modified_time\" content=\"2025-10-13T13:37:30+00:00\" \/>\n<meta property=\"og:image\" content=\"https:\/\/rutana.lt\/wp-content\/uploads\/2025\/09\/A041-411.jpg\" \/>\n\t<meta property=\"og:image:width\" content=\"633\" \/>\n\t<meta property=\"og:image:height\" content=\"603\" \/>\n\t<meta property=\"og:image:type\" content=\"image\/jpeg\" \/>\n<meta name=\"twitter:card\" content=\"summary_large_image\" \/>\n<script type=\"application\/ld+json\" class=\"yoast-schema-graph\">{\"@context\":\"https:\\\/\\\/schema.org\",\"@graph\":[{\"@type\":\"WebPage\",\"@id\":\"https:\\\/\\\/rutana.lt\\\/produktas\\\/piesimo-sasiuvinis-su-spirale-animal-world-a4-32-lapu-hatber-14069\\\/\",\"url\":\"https:\\\/\\\/rutana.lt\\\/produktas\\\/piesimo-sasiuvinis-su-spirale-animal-world-a4-32-lapu-hatber-14069\\\/\",\"name\":\"Pie\u0161imo s\u0105siuvinis su spirale \\\"Animal World\\\" A4 32 lap\u0173 Hatber 14069 - Rutana - Ra\u0161tin\u0117s reikmenys\",\"isPartOf\":{\"@id\":\"https:\\\/\\\/rutana.lt\\\/#website\"},\"primaryImageOfPage\":{\"@id\":\"https:\\\/\\\/rutana.lt\\\/produktas\\\/piesimo-sasiuvinis-su-spirale-animal-world-a4-32-lapu-hatber-14069\\\/#primaryimage\"},\"image\":{\"@id\":\"https:\\\/\\\/rutana.lt\\\/produktas\\\/piesimo-sasiuvinis-su-spirale-animal-world-a4-32-lapu-hatber-14069\\\/#primaryimage\"},\"thumbnailUrl\":\"https:\\\/\\\/rutana.lt\\\/wp-content\\\/uploads\\\/2025\\\/09\\\/A041-411-2.jpg?v=1763620182\",\"datePublished\":\"2025-09-03T07:13:45+00:00\",\"dateModified\":\"2025-10-13T13:37:30+00:00\",\"breadcrumb\":{\"@id\":\"https:\\\/\\\/rutana.lt\\\/produktas\\\/piesimo-sasiuvinis-su-spirale-animal-world-a4-32-lapu-hatber-14069\\\/#breadcrumb\"},\"inLanguage\":\"en-US\",\"potentialAction\":[{\"@type\":\"ReadAction\",\"target\":[\"https:\\\/\\\/rutana.lt\\\/produktas\\\/piesimo-sasiuvinis-su-spirale-animal-world-a4-32-lapu-hatber-14069\\\/\"]}]},{\"@type\":\"ImageObject\",\"inLanguage\":\"en-US\",\"@id\":\"https:\\\/\\\/rutana.lt\\\/produktas\\\/piesimo-sasiuvinis-su-spirale-animal-world-a4-32-lapu-hatber-14069\\\/#primaryimage\",\"url\":\"https:\\\/\\\/rutana.lt\\\/wp-content\\\/uploads\\\/2025\\\/09\\\/A041-411-2.jpg?v=1763620182\",\"contentUrl\":\"https:\\\/\\\/rutana.lt\\\/wp-content\\\/uploads\\\/2025\\\/09\\\/A041-411-2.jpg?v=1763620182\",\"width\":633,\"height\":603},{\"@type\":\"BreadcrumbList\",\"@id\":\"https:\\\/\\\/rutana.lt\\\/produktas\\\/piesimo-sasiuvinis-su-spirale-animal-world-a4-32-lapu-hatber-14069\\\/#breadcrumb\",\"itemListElement\":[{\"@type\":\"ListItem\",\"position\":1,\"name\":\"Home\",\"item\":\"https:\\\/\\\/rutana.lt\\\/\"},{\"@type\":\"ListItem\",\"position\":2,\"name\":\"Parduotuv\u0117\",\"item\":\"https:\\\/\\\/rutana.lt\\\/parduotuve\\\/\"},{\"@type\":\"ListItem\",\"position\":3,\"name\":\"Pie\u0161imo s\u0105siuvinis su spirale &#8222;Animal World&#8221; A4 32 lap\u0173 Hatber 14069\"}]},{\"@type\":\"WebSite\",\"@id\":\"https:\\\/\\\/rutana.lt\\\/#website\",\"url\":\"https:\\\/\\\/rutana.lt\\\/\",\"name\":\"Rutana - Ra\u0161tin\u0117s reikmenys\",\"description\":\"Prekiaujame pasaulin\u0117je rinkoje pripa\u017eintomis, kokybi\u0161komis biuro prek\u0117mis toki\u0173  gamintoj\u0173 kaip: Schneider, Esselte, Novus, 3M, Faber-Castell, Citizen, Milan, Leitz, Colop, Zebra, Staedtler, Durable, Tork, Parker, Waterman ir kt.\",\"publisher\":{\"@id\":\"https:\\\/\\\/rutana.lt\\\/#organization\"},\"potentialAction\":[{\"@type\":\"SearchAction\",\"target\":{\"@type\":\"EntryPoint\",\"urlTemplate\":\"https:\\\/\\\/rutana.lt\\\/?s={search_term_string}\"},\"query-input\":{\"@type\":\"PropertyValueSpecification\",\"valueRequired\":true,\"valueName\":\"search_term_string\"}}],\"inLanguage\":\"en-US\"},{\"@type\":\"Organization\",\"@id\":\"https:\\\/\\\/rutana.lt\\\/#organization\",\"name\":\"Rutana - Ra\u0161tin\u0117s reikmenys\",\"url\":\"https:\\\/\\\/rutana.lt\\\/\",\"logo\":{\"@type\":\"ImageObject\",\"inLanguage\":\"en-US\",\"@id\":\"https:\\\/\\\/rutana.lt\\\/#\\\/schema\\\/logo\\\/image\\\/\",\"url\":\"https:\\\/\\\/rutana.lt\\\/wp-content\\\/uploads\\\/2025\\\/10\\\/Asset-32.png\",\"contentUrl\":\"https:\\\/\\\/rutana.lt\\\/wp-content\\\/uploads\\\/2025\\\/10\\\/Asset-32.png\",\"width\":433,\"height\":119,\"caption\":\"Rutana - Ra\u0161tin\u0117s reikmenys\"},\"image\":{\"@id\":\"https:\\\/\\\/rutana.lt\\\/#\\\/schema\\\/logo\\\/image\\\/\"},\"sameAs\":[\"https:\\\/\\\/www.facebook.com\\\/RutanaKanceliarinesPrekes\\\/\"]}]}<\/script>\n<!-- \/ Yoast SEO plugin. -->","yoast_head_json":{"title":"Pie\u0161imo s\u0105siuvinis su spirale \"Animal World\" A4 32 lap\u0173 Hatber 14069 - Rutana - Ra\u0161tin\u0117s reikmenys","robots":{"index":"index","follow":"follow","max-snippet":"max-snippet:-1","max-image-preview":"max-image-preview:large","max-video-preview":"max-video-preview:-1"},"canonical":"https:\/\/rutana.lt\/en\/product\/piesimo-sasiuvinis-su-spirale-animal-world-a4-32-lapu-hatber-14069\/","og_locale":"en_US","og_type":"article","og_title":"Pie\u0161imo s\u0105siuvinis su spirale \"Animal World\" A4 32 lap\u0173 Hatber 14069 - Rutana - Ra\u0161tin\u0117s reikmenys","og_description":"Pie\u0161imo s\u0105siuvinis skirtas pie\u0161ti akvarele, pie\u0161tukais ir flomasteriais. S\u0105siuvinis pagamintas su naujausios technologijos \u012franga ir atitinka auk\u0161\u010diausius standartus. Formatas: A4 Lap\u0173 skai\u010dius: 32 Popieriaus svoris: 100 g\/m2 Susegimas: su spirale","og_url":"https:\/\/rutana.lt\/en\/product\/piesimo-sasiuvinis-su-spirale-animal-world-a4-32-lapu-hatber-14069\/","og_site_name":"Rutana - Ra\u0161tin\u0117s reikmenys","article_publisher":"https:\/\/www.facebook.com\/RutanaKanceliarinesPrekes\/","article_modified_time":"2025-10-13T13:37:30+00:00","og_image":[{"width":633,"height":603,"url":"https:\/\/rutana.lt\/wp-content\/uploads\/2025\/09\/A041-411.jpg","type":"image\/jpeg"}],"twitter_card":"summary_large_image","schema":{"@context":"https:\/\/schema.org","@graph":[{"@type":"WebPage","@id":"https:\/\/rutana.lt\/produktas\/piesimo-sasiuvinis-su-spirale-animal-world-a4-32-lapu-hatber-14069\/","url":"https:\/\/rutana.lt\/produktas\/piesimo-sasiuvinis-su-spirale-animal-world-a4-32-lapu-hatber-14069\/","name":"Pie\u0161imo s\u0105siuvinis su spirale \"Animal World\" A4 32 lap\u0173 Hatber 14069 - Rutana - Ra\u0161tin\u0117s reikmenys","isPartOf":{"@id":"https:\/\/rutana.lt\/#website"},"primaryImageOfPage":{"@id":"https:\/\/rutana.lt\/produktas\/piesimo-sasiuvinis-su-spirale-animal-world-a4-32-lapu-hatber-14069\/#primaryimage"},"image":{"@id":"https:\/\/rutana.lt\/produktas\/piesimo-sasiuvinis-su-spirale-animal-world-a4-32-lapu-hatber-14069\/#primaryimage"},"thumbnailUrl":"https:\/\/rutana.lt\/wp-content\/uploads\/2025\/09\/A041-411-2.jpg?v=1763620182","datePublished":"2025-09-03T07:13:45+00:00","dateModified":"2025-10-13T13:37:30+00:00","breadcrumb":{"@id":"https:\/\/rutana.lt\/produktas\/piesimo-sasiuvinis-su-spirale-animal-world-a4-32-lapu-hatber-14069\/#breadcrumb"},"inLanguage":"en-US","potentialAction":[{"@type":"ReadAction","target":["https:\/\/rutana.lt\/produktas\/piesimo-sasiuvinis-su-spirale-animal-world-a4-32-lapu-hatber-14069\/"]}]},{"@type":"ImageObject","inLanguage":"en-US","@id":"https:\/\/rutana.lt\/produktas\/piesimo-sasiuvinis-su-spirale-animal-world-a4-32-lapu-hatber-14069\/#primaryimage","url":"https:\/\/rutana.lt\/wp-content\/uploads\/2025\/09\/A041-411-2.jpg?v=1763620182","contentUrl":"https:\/\/rutana.lt\/wp-content\/uploads\/2025\/09\/A041-411-2.jpg?v=1763620182","width":633,"height":603},{"@type":"BreadcrumbList","@id":"https:\/\/rutana.lt\/produktas\/piesimo-sasiuvinis-su-spirale-animal-world-a4-32-lapu-hatber-14069\/#breadcrumb","itemListElement":[{"@type":"ListItem","position":1,"name":"Home","item":"https:\/\/rutana.lt\/"},{"@type":"ListItem","position":2,"name":"Parduotuv\u0117","item":"https:\/\/rutana.lt\/parduotuve\/"},{"@type":"ListItem","position":3,"name":"Pie\u0161imo s\u0105siuvinis su spirale &#8222;Animal World&#8221; A4 32 lap\u0173 Hatber 14069"}]},{"@type":"WebSite","@id":"https:\/\/rutana.lt\/#website","url":"https:\/\/rutana.lt\/","name":"Rutana - Ra\u0161tin\u0117s reikmenys","description":"Prekiaujame pasaulin\u0117je rinkoje pripa\u017eintomis, kokybi\u0161komis biuro prek\u0117mis toki\u0173  gamintoj\u0173 kaip: Schneider, Esselte, Novus, 3M, Faber-Castell, Citizen, Milan, Leitz, Colop, Zebra, Staedtler, Durable, Tork, Parker, Waterman ir kt.","publisher":{"@id":"https:\/\/rutana.lt\/#organization"},"potentialAction":[{"@type":"SearchAction","target":{"@type":"EntryPoint","urlTemplate":"https:\/\/rutana.lt\/?s={search_term_string}"},"query-input":{"@type":"PropertyValueSpecification","valueRequired":true,"valueName":"search_term_string"}}],"inLanguage":"en-US"},{"@type":"Organization","@id":"https:\/\/rutana.lt\/#organization","name":"Rutana - Ra\u0161tin\u0117s reikmenys","url":"https:\/\/rutana.lt\/","logo":{"@type":"ImageObject","inLanguage":"en-US","@id":"https:\/\/rutana.lt\/#\/schema\/logo\/image\/","url":"https:\/\/rutana.lt\/wp-content\/uploads\/2025\/10\/Asset-32.png","contentUrl":"https:\/\/rutana.lt\/wp-content\/uploads\/2025\/10\/Asset-32.png","width":433,"height":119,"caption":"Rutana - Ra\u0161tin\u0117s reikmenys"},"image":{"@id":"https:\/\/rutana.lt\/#\/schema\/logo\/image\/"},"sameAs":["https:\/\/www.facebook.com\/RutanaKanceliarinesPrekes\/"]}]}},"_links":{"self":[{"href":"https:\/\/rutana.lt\/en\/wp-json\/wp\/v2\/product\/10816","targetHints":{"allow":["GET"]}}],"collection":[{"href":"https:\/\/rutana.lt\/en\/wp-json\/wp\/v2\/product"}],"about":[{"href":"https:\/\/rutana.lt\/en\/wp-json\/wp\/v2\/types\/product"}],"replies":[{"embeddable":true,"href":"https:\/\/rutana.lt\/en\/wp-json\/wp\/v2\/comments?post=10816"}],"version-history":[{"count":1,"href":"https:\/\/rutana.lt\/en\/wp-json\/wp\/v2\/product\/10816\/revisions"}],"predecessor-version":[{"id":10865,"href":"https:\/\/rutana.lt\/en\/wp-json\/wp\/v2\/product\/10816\/revisions\/10865"}],"wp:featuredmedia":[{"embeddable":true,"href":"https:\/\/rutana.lt\/en\/wp-json\/wp\/v2\/media\/27269"}],"wp:attachment":[{"href":"https:\/\/rutana.lt\/en\/wp-json\/wp\/v2\/media?parent=10816"}],"wp:term":[{"taxonomy":"product_brand","embeddable":true,"href":"https:\/\/rutana.lt\/en\/wp-json\/wp\/v2\/product_brand?post=10816"},{"taxonomy":"product_cat","embeddable":true,"href":"https:\/\/rutana.lt\/en\/wp-json\/wp\/v2\/product_cat?post=10816"},{"taxonomy":"product_tag","embeddable":true,"href":"https:\/\/rutana.lt\/en\/wp-json\/wp\/v2\/product_tag?post=10816"}],"curies":[{"name":"wp","href":"https:\/\/api.w.org\/{rel}","templated":true}]}}