{"id":10615,"date":"2025-09-03T09:12:38","date_gmt":"2025-09-03T07:12:38","guid":{"rendered":"https:\/\/rutana.webdemo.lt\/?post_type=product&#038;p=10615"},"modified":"2025-10-13T15:37:01","modified_gmt":"2025-10-13T13:37:01","slug":"teptuku-rinkinys-guasui-3-vnt-nr-8-10-12-centrum-84682","status":"publish","type":"product","link":"https:\/\/rutana.lt\/en\/product\/teptuku-rinkinys-guasui-3-vnt-nr-8-10-12-centrum-84682\/","title":{"rendered":"Teptuk\u0173 rinkinys gua\u0161ui 3 vnt. (Nr.8, 10, 12) Centrum 84682"},"content":{"rendered":"<p>Teptuk\u0173 rinkinys, kuriame plok\u0161\u010dios formos teptukai skirti pie\u0161ti gua\u0161u. Metalin\u0117, i\u0161 aliuminio pagaminta apsauga yra atspari korozijai. <\/p>\n<p>Teptuk\u0173 kiekis rinkinyje: 3<\/p>\n<p>Teptuko plauko tipas ir numeris: \u0161eri\u0173 ( Nr. 8, Nr. 10, Nr. 12 )<\/p>\n<p>Kilm\u0117s \u0161alis: Vokietija<\/p>","protected":false},"excerpt":{"rendered":"<p>Teptuk\u0173 rinkinys, kuriame plok\u0161\u010dios formos teptukai skirti pie\u0161ti gua\u0161u. Metalin\u0117, i\u0161 aliuminio pagaminta apsauga yra atspari korozijai. Teptuk\u0173 kiekis rinkinyje: 3 Teptuko plauko tipas ir numeris: \u0161eri\u0173 ( Nr. 8, Nr. 10, Nr. 12 ) Kilm\u0117s \u0161alis: Vokietija<\/p>","protected":false},"featured_media":27210,"comment_status":"open","ping_status":"closed","template":"","meta":{"_season_start":"","_season_end":"","_season_days":"","_season_months":"","_season_auto_visibility":""},"product_brand":[199],"product_cat":[1876],"product_tag":[],"class_list":{"0":"post-10615","1":"product","2":"type-product","3":"status-publish","4":"has-post-thumbnail","6":"product_brand-centrum","7":"product_cat-teptukai-guasui","9":"first","10":"instock","11":"taxable","12":"shipping-taxable","13":"purchasable","14":"product-type-simple"},"yoast_head":"<!-- This site is optimized with the Yoast SEO plugin v27.4 - https:\/\/yoast.com\/product\/yoast-seo-wordpress\/ -->\n<title>Teptuk\u0173 rinkinys gua\u0161ui 3 vnt. (Nr.8, 10, 12) Centrum 84682 - Rutana - Ra\u0161tin\u0117s reikmenys<\/title>\n<meta name=\"robots\" content=\"index, follow, max-snippet:-1, max-image-preview:large, max-video-preview:-1\" \/>\n<link rel=\"canonical\" href=\"https:\/\/rutana.lt\/en\/product\/teptuku-rinkinys-guasui-3-vnt-nr-8-10-12-centrum-84682\/\" \/>\n<meta property=\"og:locale\" content=\"en_US\" \/>\n<meta property=\"og:type\" content=\"article\" \/>\n<meta property=\"og:title\" content=\"Teptuk\u0173 rinkinys gua\u0161ui 3 vnt. (Nr.8, 10, 12) Centrum 84682 - Rutana - Ra\u0161tin\u0117s reikmenys\" \/>\n<meta property=\"og:description\" content=\"Teptuk\u0173 rinkinys, kuriame plok\u0161\u010dios formos teptukai skirti pie\u0161ti gua\u0161u. Metalin\u0117, i\u0161 aliuminio pagaminta apsauga yra atspari korozijai. Teptuk\u0173 kiekis rinkinyje: 3 Teptuko plauko tipas ir numeris: \u0161eri\u0173 ( Nr. 8, Nr. 10, Nr. 12 ) Kilm\u0117s \u0161alis: Vokietija\" \/>\n<meta property=\"og:url\" content=\"https:\/\/rutana.lt\/en\/product\/teptuku-rinkinys-guasui-3-vnt-nr-8-10-12-centrum-84682\/\" \/>\n<meta property=\"og:site_name\" content=\"Rutana - Ra\u0161tin\u0117s reikmenys\" \/>\n<meta property=\"article:publisher\" content=\"https:\/\/www.facebook.com\/RutanaKanceliarinesPrekes\/\" \/>\n<meta property=\"article:modified_time\" content=\"2025-10-13T13:37:01+00:00\" \/>\n<meta property=\"og:image\" content=\"https:\/\/rutana.lt\/wp-content\/uploads\/2025\/09\/D034-922.jpg\" \/>\n\t<meta property=\"og:image:width\" content=\"512\" \/>\n\t<meta property=\"og:image:height\" content=\"600\" \/>\n\t<meta property=\"og:image:type\" content=\"image\/jpeg\" \/>\n<meta name=\"twitter:card\" content=\"summary_large_image\" \/>\n<script type=\"application\/ld+json\" class=\"yoast-schema-graph\">{\"@context\":\"https:\\\/\\\/schema.org\",\"@graph\":[{\"@type\":\"WebPage\",\"@id\":\"https:\\\/\\\/rutana.lt\\\/produktas\\\/teptuku-rinkinys-guasui-3-vnt-nr-8-10-12-centrum-84682\\\/\",\"url\":\"https:\\\/\\\/rutana.lt\\\/produktas\\\/teptuku-rinkinys-guasui-3-vnt-nr-8-10-12-centrum-84682\\\/\",\"name\":\"Teptuk\u0173 rinkinys gua\u0161ui 3 vnt. (Nr.8, 10, 12) Centrum 84682 - Rutana - Ra\u0161tin\u0117s reikmenys\",\"isPartOf\":{\"@id\":\"https:\\\/\\\/rutana.lt\\\/#website\"},\"primaryImageOfPage\":{\"@id\":\"https:\\\/\\\/rutana.lt\\\/produktas\\\/teptuku-rinkinys-guasui-3-vnt-nr-8-10-12-centrum-84682\\\/#primaryimage\"},\"image\":{\"@id\":\"https:\\\/\\\/rutana.lt\\\/produktas\\\/teptuku-rinkinys-guasui-3-vnt-nr-8-10-12-centrum-84682\\\/#primaryimage\"},\"thumbnailUrl\":\"https:\\\/\\\/rutana.lt\\\/wp-content\\\/uploads\\\/2025\\\/09\\\/D034-922-2.jpg?v=1763620257\",\"datePublished\":\"2025-09-03T07:12:38+00:00\",\"dateModified\":\"2025-10-13T13:37:01+00:00\",\"breadcrumb\":{\"@id\":\"https:\\\/\\\/rutana.lt\\\/produktas\\\/teptuku-rinkinys-guasui-3-vnt-nr-8-10-12-centrum-84682\\\/#breadcrumb\"},\"inLanguage\":\"en-US\",\"potentialAction\":[{\"@type\":\"ReadAction\",\"target\":[\"https:\\\/\\\/rutana.lt\\\/produktas\\\/teptuku-rinkinys-guasui-3-vnt-nr-8-10-12-centrum-84682\\\/\"]}]},{\"@type\":\"ImageObject\",\"inLanguage\":\"en-US\",\"@id\":\"https:\\\/\\\/rutana.lt\\\/produktas\\\/teptuku-rinkinys-guasui-3-vnt-nr-8-10-12-centrum-84682\\\/#primaryimage\",\"url\":\"https:\\\/\\\/rutana.lt\\\/wp-content\\\/uploads\\\/2025\\\/09\\\/D034-922-2.jpg?v=1763620257\",\"contentUrl\":\"https:\\\/\\\/rutana.lt\\\/wp-content\\\/uploads\\\/2025\\\/09\\\/D034-922-2.jpg?v=1763620257\",\"width\":512,\"height\":600},{\"@type\":\"BreadcrumbList\",\"@id\":\"https:\\\/\\\/rutana.lt\\\/produktas\\\/teptuku-rinkinys-guasui-3-vnt-nr-8-10-12-centrum-84682\\\/#breadcrumb\",\"itemListElement\":[{\"@type\":\"ListItem\",\"position\":1,\"name\":\"Home\",\"item\":\"https:\\\/\\\/rutana.lt\\\/\"},{\"@type\":\"ListItem\",\"position\":2,\"name\":\"Parduotuv\u0117\",\"item\":\"https:\\\/\\\/rutana.lt\\\/parduotuve\\\/\"},{\"@type\":\"ListItem\",\"position\":3,\"name\":\"Teptuk\u0173 rinkinys gua\u0161ui 3 vnt. (Nr.8, 10, 12) Centrum 84682\"}]},{\"@type\":\"WebSite\",\"@id\":\"https:\\\/\\\/rutana.lt\\\/#website\",\"url\":\"https:\\\/\\\/rutana.lt\\\/\",\"name\":\"Rutana - Ra\u0161tin\u0117s reikmenys\",\"description\":\"Prekiaujame pasaulin\u0117je rinkoje pripa\u017eintomis, kokybi\u0161komis biuro prek\u0117mis toki\u0173  gamintoj\u0173 kaip: Schneider, Esselte, Novus, 3M, Faber-Castell, Citizen, Milan, Leitz, Colop, Zebra, Staedtler, Durable, Tork, Parker, Waterman ir kt.\",\"publisher\":{\"@id\":\"https:\\\/\\\/rutana.lt\\\/#organization\"},\"potentialAction\":[{\"@type\":\"SearchAction\",\"target\":{\"@type\":\"EntryPoint\",\"urlTemplate\":\"https:\\\/\\\/rutana.lt\\\/?s={search_term_string}\"},\"query-input\":{\"@type\":\"PropertyValueSpecification\",\"valueRequired\":true,\"valueName\":\"search_term_string\"}}],\"inLanguage\":\"en-US\"},{\"@type\":\"Organization\",\"@id\":\"https:\\\/\\\/rutana.lt\\\/#organization\",\"name\":\"Rutana - Ra\u0161tin\u0117s reikmenys\",\"url\":\"https:\\\/\\\/rutana.lt\\\/\",\"logo\":{\"@type\":\"ImageObject\",\"inLanguage\":\"en-US\",\"@id\":\"https:\\\/\\\/rutana.lt\\\/#\\\/schema\\\/logo\\\/image\\\/\",\"url\":\"https:\\\/\\\/rutana.lt\\\/wp-content\\\/uploads\\\/2025\\\/10\\\/Asset-32.png\",\"contentUrl\":\"https:\\\/\\\/rutana.lt\\\/wp-content\\\/uploads\\\/2025\\\/10\\\/Asset-32.png\",\"width\":433,\"height\":119,\"caption\":\"Rutana - Ra\u0161tin\u0117s reikmenys\"},\"image\":{\"@id\":\"https:\\\/\\\/rutana.lt\\\/#\\\/schema\\\/logo\\\/image\\\/\"},\"sameAs\":[\"https:\\\/\\\/www.facebook.com\\\/RutanaKanceliarinesPrekes\\\/\"]}]}<\/script>\n<!-- \/ Yoast SEO plugin. -->","yoast_head_json":{"title":"Teptuk\u0173 rinkinys gua\u0161ui 3 vnt. (Nr.8, 10, 12) Centrum 84682 - Rutana - Ra\u0161tin\u0117s reikmenys","robots":{"index":"index","follow":"follow","max-snippet":"max-snippet:-1","max-image-preview":"max-image-preview:large","max-video-preview":"max-video-preview:-1"},"canonical":"https:\/\/rutana.lt\/en\/product\/teptuku-rinkinys-guasui-3-vnt-nr-8-10-12-centrum-84682\/","og_locale":"en_US","og_type":"article","og_title":"Teptuk\u0173 rinkinys gua\u0161ui 3 vnt. (Nr.8, 10, 12) Centrum 84682 - Rutana - Ra\u0161tin\u0117s reikmenys","og_description":"Teptuk\u0173 rinkinys, kuriame plok\u0161\u010dios formos teptukai skirti pie\u0161ti gua\u0161u. Metalin\u0117, i\u0161 aliuminio pagaminta apsauga yra atspari korozijai. Teptuk\u0173 kiekis rinkinyje: 3 Teptuko plauko tipas ir numeris: \u0161eri\u0173 ( Nr. 8, Nr. 10, Nr. 12 ) Kilm\u0117s \u0161alis: Vokietija","og_url":"https:\/\/rutana.lt\/en\/product\/teptuku-rinkinys-guasui-3-vnt-nr-8-10-12-centrum-84682\/","og_site_name":"Rutana - Ra\u0161tin\u0117s reikmenys","article_publisher":"https:\/\/www.facebook.com\/RutanaKanceliarinesPrekes\/","article_modified_time":"2025-10-13T13:37:01+00:00","og_image":[{"width":512,"height":600,"url":"https:\/\/rutana.lt\/wp-content\/uploads\/2025\/09\/D034-922.jpg","type":"image\/jpeg"}],"twitter_card":"summary_large_image","schema":{"@context":"https:\/\/schema.org","@graph":[{"@type":"WebPage","@id":"https:\/\/rutana.lt\/produktas\/teptuku-rinkinys-guasui-3-vnt-nr-8-10-12-centrum-84682\/","url":"https:\/\/rutana.lt\/produktas\/teptuku-rinkinys-guasui-3-vnt-nr-8-10-12-centrum-84682\/","name":"Teptuk\u0173 rinkinys gua\u0161ui 3 vnt. (Nr.8, 10, 12) Centrum 84682 - Rutana - Ra\u0161tin\u0117s reikmenys","isPartOf":{"@id":"https:\/\/rutana.lt\/#website"},"primaryImageOfPage":{"@id":"https:\/\/rutana.lt\/produktas\/teptuku-rinkinys-guasui-3-vnt-nr-8-10-12-centrum-84682\/#primaryimage"},"image":{"@id":"https:\/\/rutana.lt\/produktas\/teptuku-rinkinys-guasui-3-vnt-nr-8-10-12-centrum-84682\/#primaryimage"},"thumbnailUrl":"https:\/\/rutana.lt\/wp-content\/uploads\/2025\/09\/D034-922-2.jpg?v=1763620257","datePublished":"2025-09-03T07:12:38+00:00","dateModified":"2025-10-13T13:37:01+00:00","breadcrumb":{"@id":"https:\/\/rutana.lt\/produktas\/teptuku-rinkinys-guasui-3-vnt-nr-8-10-12-centrum-84682\/#breadcrumb"},"inLanguage":"en-US","potentialAction":[{"@type":"ReadAction","target":["https:\/\/rutana.lt\/produktas\/teptuku-rinkinys-guasui-3-vnt-nr-8-10-12-centrum-84682\/"]}]},{"@type":"ImageObject","inLanguage":"en-US","@id":"https:\/\/rutana.lt\/produktas\/teptuku-rinkinys-guasui-3-vnt-nr-8-10-12-centrum-84682\/#primaryimage","url":"https:\/\/rutana.lt\/wp-content\/uploads\/2025\/09\/D034-922-2.jpg?v=1763620257","contentUrl":"https:\/\/rutana.lt\/wp-content\/uploads\/2025\/09\/D034-922-2.jpg?v=1763620257","width":512,"height":600},{"@type":"BreadcrumbList","@id":"https:\/\/rutana.lt\/produktas\/teptuku-rinkinys-guasui-3-vnt-nr-8-10-12-centrum-84682\/#breadcrumb","itemListElement":[{"@type":"ListItem","position":1,"name":"Home","item":"https:\/\/rutana.lt\/"},{"@type":"ListItem","position":2,"name":"Parduotuv\u0117","item":"https:\/\/rutana.lt\/parduotuve\/"},{"@type":"ListItem","position":3,"name":"Teptuk\u0173 rinkinys gua\u0161ui 3 vnt. (Nr.8, 10, 12) Centrum 84682"}]},{"@type":"WebSite","@id":"https:\/\/rutana.lt\/#website","url":"https:\/\/rutana.lt\/","name":"Rutana - Ra\u0161tin\u0117s reikmenys","description":"Prekiaujame pasaulin\u0117je rinkoje pripa\u017eintomis, kokybi\u0161komis biuro prek\u0117mis toki\u0173  gamintoj\u0173 kaip: Schneider, Esselte, Novus, 3M, Faber-Castell, Citizen, Milan, Leitz, Colop, Zebra, Staedtler, Durable, Tork, Parker, Waterman ir kt.","publisher":{"@id":"https:\/\/rutana.lt\/#organization"},"potentialAction":[{"@type":"SearchAction","target":{"@type":"EntryPoint","urlTemplate":"https:\/\/rutana.lt\/?s={search_term_string}"},"query-input":{"@type":"PropertyValueSpecification","valueRequired":true,"valueName":"search_term_string"}}],"inLanguage":"en-US"},{"@type":"Organization","@id":"https:\/\/rutana.lt\/#organization","name":"Rutana - Ra\u0161tin\u0117s reikmenys","url":"https:\/\/rutana.lt\/","logo":{"@type":"ImageObject","inLanguage":"en-US","@id":"https:\/\/rutana.lt\/#\/schema\/logo\/image\/","url":"https:\/\/rutana.lt\/wp-content\/uploads\/2025\/10\/Asset-32.png","contentUrl":"https:\/\/rutana.lt\/wp-content\/uploads\/2025\/10\/Asset-32.png","width":433,"height":119,"caption":"Rutana - Ra\u0161tin\u0117s reikmenys"},"image":{"@id":"https:\/\/rutana.lt\/#\/schema\/logo\/image\/"},"sameAs":["https:\/\/www.facebook.com\/RutanaKanceliarinesPrekes\/"]}]}},"_links":{"self":[{"href":"https:\/\/rutana.lt\/en\/wp-json\/wp\/v2\/product\/10615","targetHints":{"allow":["GET"]}}],"collection":[{"href":"https:\/\/rutana.lt\/en\/wp-json\/wp\/v2\/product"}],"about":[{"href":"https:\/\/rutana.lt\/en\/wp-json\/wp\/v2\/types\/product"}],"replies":[{"embeddable":true,"href":"https:\/\/rutana.lt\/en\/wp-json\/wp\/v2\/comments?post=10615"}],"version-history":[{"count":1,"href":"https:\/\/rutana.lt\/en\/wp-json\/wp\/v2\/product\/10615\/revisions"}],"predecessor-version":[{"id":10699,"href":"https:\/\/rutana.lt\/en\/wp-json\/wp\/v2\/product\/10615\/revisions\/10699"}],"wp:featuredmedia":[{"embeddable":true,"href":"https:\/\/rutana.lt\/en\/wp-json\/wp\/v2\/media\/27210"}],"wp:attachment":[{"href":"https:\/\/rutana.lt\/en\/wp-json\/wp\/v2\/media?parent=10615"}],"wp:term":[{"taxonomy":"product_brand","embeddable":true,"href":"https:\/\/rutana.lt\/en\/wp-json\/wp\/v2\/product_brand?post=10615"},{"taxonomy":"product_cat","embeddable":true,"href":"https:\/\/rutana.lt\/en\/wp-json\/wp\/v2\/product_cat?post=10615"},{"taxonomy":"product_tag","embeddable":true,"href":"https:\/\/rutana.lt\/en\/wp-json\/wp\/v2\/product_tag?post=10615"}],"curies":[{"name":"wp","href":"https:\/\/api.w.org\/{rel}","templated":true}]}}