{"id":10607,"date":"2025-09-03T09:12:38","date_gmt":"2025-09-03T07:12:38","guid":{"rendered":"https:\/\/rutana.webdemo.lt\/?post_type=product&#038;p=10607"},"modified":"2025-10-13T15:36:59","modified_gmt":"2025-10-13T13:36:59","slug":"segiklis-iki-15-lapu-e-15-lagunos-sp-novus-020-1896","status":"publish","type":"product","link":"https:\/\/rutana.lt\/en\/product\/segiklis-iki-15-lapu-e-15-lagunos-sp-novus-020-1896\/","title":{"rendered":"Segiklis iki 15 lap\u0173 E 15 lag\u016bnos sp. Novus 020-1896"},"content":{"rendered":"<p>Patogus segiklis kasdieniam naudojimui pagamintas i\u0161 metalo ir plastiko. S\u0105sag\u0117l\u0119 susega tik u\u017edaru b\u016bdu. S\u0105sag\u0117l\u0117s papildomos atidarant segiklio vir\u0161utin\u0119 dal\u012f. Korpuse turi \u012fmontuot\u0105 metalin\u012f s\u0105sag\u0117li\u0173 i\u0161seg\u0117j\u0105. Komplekte su segikliu parduodamos 200 vnt. s\u0105sag\u0117li\u0173 Nr. 10 Super.<\/p>\n<p style=\"margin-bottom: 10px;\">Naudojamos s\u0105sag\u0117l\u0117s: Nr.10 <\/p>\n<p style=\"margin-bottom: 10px;\">Susegam\u0173 lap\u0173 kiekis: iki 15<\/p>\n<p style=\"margin-bottom: 10px;\">Maksimalus susegimo gylis: 37 mm<\/p>\n<p style=\"margin-bottom: 10px;\">Segiklio spalva: lag\u016bnos<\/p>\n<p style=\"margin-bottom: 10px;\">Kilm\u0117s \u0161alis: Vokietija<\/p>\n<p style=\"margin-bottom: 10px;\">\n<p style=\"margin-bottom: 10px;\"><\/p>","protected":false},"excerpt":{"rendered":"<p>Patogus segiklis kasdieniam naudojimui pagamintas i\u0161 metalo ir plastiko. S\u0105sag\u0117l\u0119 susega tik u\u017edaru b\u016bdu. S\u0105sag\u0117l\u0117s papildomos atidarant segiklio vir\u0161utin\u0119 dal\u012f. Korpuse turi \u012fmontuot\u0105 metalin\u012f s\u0105sag\u0117li\u0173 i\u0161seg\u0117j\u0105. Komplekte su segikliu parduodamos 200 vnt. s\u0105sag\u0117li\u0173 Nr. 10 Super. Naudojamos s\u0105sag\u0117l\u0117s: Nr.10 Susegam\u0173 lap\u0173 kiekis: iki 15 Maksimalus susegimo gylis: 37 mm Segiklio spalva: lag\u016bnos Kilm\u0117s \u0161alis: Vokietija<\/p>","protected":false},"featured_media":27202,"comment_status":"open","ping_status":"closed","template":"","meta":{"_season_start":"","_season_end":"","_season_days":"","_season_months":"","_season_auto_visibility":""},"product_brand":[577],"product_cat":[1584],"product_tag":[],"class_list":{"0":"post-10607","1":"product","2":"type-product","3":"status-publish","4":"has-post-thumbnail","6":"product_brand-novus","7":"product_cat-segikliai-ir-issegikliai","9":"first","10":"instock","11":"taxable","12":"shipping-taxable","13":"purchasable","14":"product-type-simple"},"yoast_head":"<!-- This site is optimized with the Yoast SEO plugin v26.1.1 - https:\/\/yoast.com\/wordpress\/plugins\/seo\/ -->\n<title>Segiklis iki 15 lap\u0173 E 15 lag\u016bnos sp. Novus 020-1896 - Rutana - Ra\u0161tin\u0117s reikmenys<\/title>\n<meta name=\"robots\" content=\"index, follow, max-snippet:-1, max-image-preview:large, max-video-preview:-1\" \/>\n<link rel=\"canonical\" href=\"https:\/\/rutana.lt\/en\/product\/segiklis-iki-15-lapu-e-15-lagunos-sp-novus-020-1896\/\" \/>\n<meta property=\"og:locale\" content=\"en_US\" \/>\n<meta property=\"og:type\" content=\"article\" \/>\n<meta property=\"og:title\" content=\"Segiklis iki 15 lap\u0173 E 15 lag\u016bnos sp. Novus 020-1896 - Rutana - Ra\u0161tin\u0117s reikmenys\" \/>\n<meta property=\"og:description\" content=\"Patogus segiklis kasdieniam naudojimui pagamintas i\u0161 metalo ir plastiko. S\u0105sag\u0117l\u0119 susega tik u\u017edaru b\u016bdu. S\u0105sag\u0117l\u0117s papildomos atidarant segiklio vir\u0161utin\u0119 dal\u012f. Korpuse turi \u012fmontuot\u0105 metalin\u012f s\u0105sag\u0117li\u0173 i\u0161seg\u0117j\u0105. Komplekte su segikliu parduodamos 200 vnt. s\u0105sag\u0117li\u0173 Nr. 10 Super. Naudojamos s\u0105sag\u0117l\u0117s: Nr.10 Susegam\u0173 lap\u0173 kiekis: iki 15 Maksimalus susegimo gylis: 37 mm Segiklio spalva: lag\u016bnos Kilm\u0117s \u0161alis: Vokietija\" \/>\n<meta property=\"og:url\" content=\"https:\/\/rutana.lt\/en\/product\/segiklis-iki-15-lapu-e-15-lagunos-sp-novus-020-1896\/\" \/>\n<meta property=\"og:site_name\" content=\"Rutana - Ra\u0161tin\u0117s reikmenys\" \/>\n<meta property=\"article:publisher\" content=\"https:\/\/www.facebook.com\/RutanaKanceliarinesPrekes\/\" \/>\n<meta property=\"article:modified_time\" content=\"2025-10-13T13:36:59+00:00\" \/>\n<meta property=\"og:image\" content=\"https:\/\/rutana.lt\/wp-content\/uploads\/2025\/09\/B016-626.jpg\" \/>\n\t<meta property=\"og:image:width\" content=\"600\" \/>\n\t<meta property=\"og:image:height\" content=\"519\" \/>\n\t<meta property=\"og:image:type\" content=\"image\/jpeg\" \/>\n<meta name=\"twitter:card\" content=\"summary_large_image\" \/>\n<script type=\"application\/ld+json\" class=\"yoast-schema-graph\">{\"@context\":\"https:\/\/schema.org\",\"@graph\":[{\"@type\":\"WebPage\",\"@id\":\"https:\/\/rutana.lt\/produktas\/segiklis-iki-15-lapu-e-15-lagunos-sp-novus-020-1896\/\",\"url\":\"https:\/\/rutana.lt\/produktas\/segiklis-iki-15-lapu-e-15-lagunos-sp-novus-020-1896\/\",\"name\":\"Segiklis iki 15 lap\u0173 E 15 lag\u016bnos sp. Novus 020-1896 - Rutana - Ra\u0161tin\u0117s reikmenys\",\"isPartOf\":{\"@id\":\"https:\/\/rutana.lt\/#website\"},\"primaryImageOfPage\":{\"@id\":\"https:\/\/rutana.lt\/produktas\/segiklis-iki-15-lapu-e-15-lagunos-sp-novus-020-1896\/#primaryimage\"},\"image\":{\"@id\":\"https:\/\/rutana.lt\/produktas\/segiklis-iki-15-lapu-e-15-lagunos-sp-novus-020-1896\/#primaryimage\"},\"thumbnailUrl\":\"https:\/\/rutana.lt\/wp-content\/uploads\/2025\/09\/B016-626-1.jpg?v=1763620268\",\"datePublished\":\"2025-09-03T07:12:38+00:00\",\"dateModified\":\"2025-10-13T13:36:59+00:00\",\"breadcrumb\":{\"@id\":\"https:\/\/rutana.lt\/produktas\/segiklis-iki-15-lapu-e-15-lagunos-sp-novus-020-1896\/#breadcrumb\"},\"inLanguage\":\"en-US\",\"potentialAction\":[{\"@type\":\"ReadAction\",\"target\":[\"https:\/\/rutana.lt\/produktas\/segiklis-iki-15-lapu-e-15-lagunos-sp-novus-020-1896\/\"]}]},{\"@type\":\"ImageObject\",\"inLanguage\":\"en-US\",\"@id\":\"https:\/\/rutana.lt\/produktas\/segiklis-iki-15-lapu-e-15-lagunos-sp-novus-020-1896\/#primaryimage\",\"url\":\"https:\/\/rutana.lt\/wp-content\/uploads\/2025\/09\/B016-626-1.jpg?v=1763620268\",\"contentUrl\":\"https:\/\/rutana.lt\/wp-content\/uploads\/2025\/09\/B016-626-1.jpg?v=1763620268\",\"width\":600,\"height\":519},{\"@type\":\"BreadcrumbList\",\"@id\":\"https:\/\/rutana.lt\/produktas\/segiklis-iki-15-lapu-e-15-lagunos-sp-novus-020-1896\/#breadcrumb\",\"itemListElement\":[{\"@type\":\"ListItem\",\"position\":1,\"name\":\"Home\",\"item\":\"https:\/\/rutana.lt\/\"},{\"@type\":\"ListItem\",\"position\":2,\"name\":\"Parduotuv\u0117\",\"item\":\"https:\/\/rutana.lt\/parduotuve\/\"},{\"@type\":\"ListItem\",\"position\":3,\"name\":\"Segiklis iki 15 lap\u0173 E 15 lag\u016bnos sp. Novus 020-1896\"}]},{\"@type\":\"WebSite\",\"@id\":\"https:\/\/rutana.lt\/#website\",\"url\":\"https:\/\/rutana.lt\/\",\"name\":\"Rutana - Ra\u0161tin\u0117s reikmenys\",\"description\":\"Prekiaujame pasaulin\u0117je rinkoje pripa\u017eintomis, kokybi\u0161komis biuro prek\u0117mis toki\u0173  gamintoj\u0173 kaip: Schneider, Esselte, Novus, 3M, Faber-Castell, Citizen, Milan, Leitz, Colop, Zebra, Staedtler, Durable, Tork, Parker, Waterman ir kt.\",\"publisher\":{\"@id\":\"https:\/\/rutana.lt\/#organization\"},\"potentialAction\":[{\"@type\":\"SearchAction\",\"target\":{\"@type\":\"EntryPoint\",\"urlTemplate\":\"https:\/\/rutana.lt\/?s={search_term_string}\"},\"query-input\":{\"@type\":\"PropertyValueSpecification\",\"valueRequired\":true,\"valueName\":\"search_term_string\"}}],\"inLanguage\":\"en-US\"},{\"@type\":\"Organization\",\"@id\":\"https:\/\/rutana.lt\/#organization\",\"name\":\"Rutana - Ra\u0161tin\u0117s reikmenys\",\"url\":\"https:\/\/rutana.lt\/\",\"logo\":{\"@type\":\"ImageObject\",\"inLanguage\":\"en-US\",\"@id\":\"https:\/\/rutana.lt\/#\/schema\/logo\/image\/\",\"url\":\"https:\/\/rutana.lt\/wp-content\/uploads\/2025\/10\/Asset-32.png\",\"contentUrl\":\"https:\/\/rutana.lt\/wp-content\/uploads\/2025\/10\/Asset-32.png\",\"width\":433,\"height\":119,\"caption\":\"Rutana - Ra\u0161tin\u0117s reikmenys\"},\"image\":{\"@id\":\"https:\/\/rutana.lt\/#\/schema\/logo\/image\/\"},\"sameAs\":[\"https:\/\/www.facebook.com\/RutanaKanceliarinesPrekes\/\"]}]}<\/script>\n<!-- \/ Yoast SEO plugin. -->","yoast_head_json":{"title":"Segiklis iki 15 lap\u0173 E 15 lag\u016bnos sp. Novus 020-1896 - Rutana - Ra\u0161tin\u0117s reikmenys","robots":{"index":"index","follow":"follow","max-snippet":"max-snippet:-1","max-image-preview":"max-image-preview:large","max-video-preview":"max-video-preview:-1"},"canonical":"https:\/\/rutana.lt\/en\/product\/segiklis-iki-15-lapu-e-15-lagunos-sp-novus-020-1896\/","og_locale":"en_US","og_type":"article","og_title":"Segiklis iki 15 lap\u0173 E 15 lag\u016bnos sp. Novus 020-1896 - Rutana - Ra\u0161tin\u0117s reikmenys","og_description":"Patogus segiklis kasdieniam naudojimui pagamintas i\u0161 metalo ir plastiko. S\u0105sag\u0117l\u0119 susega tik u\u017edaru b\u016bdu. S\u0105sag\u0117l\u0117s papildomos atidarant segiklio vir\u0161utin\u0119 dal\u012f. Korpuse turi \u012fmontuot\u0105 metalin\u012f s\u0105sag\u0117li\u0173 i\u0161seg\u0117j\u0105. Komplekte su segikliu parduodamos 200 vnt. s\u0105sag\u0117li\u0173 Nr. 10 Super. Naudojamos s\u0105sag\u0117l\u0117s: Nr.10 Susegam\u0173 lap\u0173 kiekis: iki 15 Maksimalus susegimo gylis: 37 mm Segiklio spalva: lag\u016bnos Kilm\u0117s \u0161alis: Vokietija","og_url":"https:\/\/rutana.lt\/en\/product\/segiklis-iki-15-lapu-e-15-lagunos-sp-novus-020-1896\/","og_site_name":"Rutana - Ra\u0161tin\u0117s reikmenys","article_publisher":"https:\/\/www.facebook.com\/RutanaKanceliarinesPrekes\/","article_modified_time":"2025-10-13T13:36:59+00:00","og_image":[{"width":600,"height":519,"url":"https:\/\/rutana.lt\/wp-content\/uploads\/2025\/09\/B016-626.jpg","type":"image\/jpeg"}],"twitter_card":"summary_large_image","schema":{"@context":"https:\/\/schema.org","@graph":[{"@type":"WebPage","@id":"https:\/\/rutana.lt\/produktas\/segiklis-iki-15-lapu-e-15-lagunos-sp-novus-020-1896\/","url":"https:\/\/rutana.lt\/produktas\/segiklis-iki-15-lapu-e-15-lagunos-sp-novus-020-1896\/","name":"Segiklis iki 15 lap\u0173 E 15 lag\u016bnos sp. Novus 020-1896 - Rutana - Ra\u0161tin\u0117s reikmenys","isPartOf":{"@id":"https:\/\/rutana.lt\/#website"},"primaryImageOfPage":{"@id":"https:\/\/rutana.lt\/produktas\/segiklis-iki-15-lapu-e-15-lagunos-sp-novus-020-1896\/#primaryimage"},"image":{"@id":"https:\/\/rutana.lt\/produktas\/segiklis-iki-15-lapu-e-15-lagunos-sp-novus-020-1896\/#primaryimage"},"thumbnailUrl":"https:\/\/rutana.lt\/wp-content\/uploads\/2025\/09\/B016-626-1.jpg?v=1763620268","datePublished":"2025-09-03T07:12:38+00:00","dateModified":"2025-10-13T13:36:59+00:00","breadcrumb":{"@id":"https:\/\/rutana.lt\/produktas\/segiklis-iki-15-lapu-e-15-lagunos-sp-novus-020-1896\/#breadcrumb"},"inLanguage":"en-US","potentialAction":[{"@type":"ReadAction","target":["https:\/\/rutana.lt\/produktas\/segiklis-iki-15-lapu-e-15-lagunos-sp-novus-020-1896\/"]}]},{"@type":"ImageObject","inLanguage":"en-US","@id":"https:\/\/rutana.lt\/produktas\/segiklis-iki-15-lapu-e-15-lagunos-sp-novus-020-1896\/#primaryimage","url":"https:\/\/rutana.lt\/wp-content\/uploads\/2025\/09\/B016-626-1.jpg?v=1763620268","contentUrl":"https:\/\/rutana.lt\/wp-content\/uploads\/2025\/09\/B016-626-1.jpg?v=1763620268","width":600,"height":519},{"@type":"BreadcrumbList","@id":"https:\/\/rutana.lt\/produktas\/segiklis-iki-15-lapu-e-15-lagunos-sp-novus-020-1896\/#breadcrumb","itemListElement":[{"@type":"ListItem","position":1,"name":"Home","item":"https:\/\/rutana.lt\/"},{"@type":"ListItem","position":2,"name":"Parduotuv\u0117","item":"https:\/\/rutana.lt\/parduotuve\/"},{"@type":"ListItem","position":3,"name":"Segiklis iki 15 lap\u0173 E 15 lag\u016bnos sp. Novus 020-1896"}]},{"@type":"WebSite","@id":"https:\/\/rutana.lt\/#website","url":"https:\/\/rutana.lt\/","name":"Rutana - Ra\u0161tin\u0117s reikmenys","description":"Prekiaujame pasaulin\u0117je rinkoje pripa\u017eintomis, kokybi\u0161komis biuro prek\u0117mis toki\u0173  gamintoj\u0173 kaip: Schneider, Esselte, Novus, 3M, Faber-Castell, Citizen, Milan, Leitz, Colop, Zebra, Staedtler, Durable, Tork, Parker, Waterman ir kt.","publisher":{"@id":"https:\/\/rutana.lt\/#organization"},"potentialAction":[{"@type":"SearchAction","target":{"@type":"EntryPoint","urlTemplate":"https:\/\/rutana.lt\/?s={search_term_string}"},"query-input":{"@type":"PropertyValueSpecification","valueRequired":true,"valueName":"search_term_string"}}],"inLanguage":"en-US"},{"@type":"Organization","@id":"https:\/\/rutana.lt\/#organization","name":"Rutana - Ra\u0161tin\u0117s reikmenys","url":"https:\/\/rutana.lt\/","logo":{"@type":"ImageObject","inLanguage":"en-US","@id":"https:\/\/rutana.lt\/#\/schema\/logo\/image\/","url":"https:\/\/rutana.lt\/wp-content\/uploads\/2025\/10\/Asset-32.png","contentUrl":"https:\/\/rutana.lt\/wp-content\/uploads\/2025\/10\/Asset-32.png","width":433,"height":119,"caption":"Rutana - Ra\u0161tin\u0117s reikmenys"},"image":{"@id":"https:\/\/rutana.lt\/#\/schema\/logo\/image\/"},"sameAs":["https:\/\/www.facebook.com\/RutanaKanceliarinesPrekes\/"]}]}},"_links":{"self":[{"href":"https:\/\/rutana.lt\/en\/wp-json\/wp\/v2\/product\/10607","targetHints":{"allow":["GET"]}}],"collection":[{"href":"https:\/\/rutana.lt\/en\/wp-json\/wp\/v2\/product"}],"about":[{"href":"https:\/\/rutana.lt\/en\/wp-json\/wp\/v2\/types\/product"}],"replies":[{"embeddable":true,"href":"https:\/\/rutana.lt\/en\/wp-json\/wp\/v2\/comments?post=10607"}],"version-history":[{"count":1,"href":"https:\/\/rutana.lt\/en\/wp-json\/wp\/v2\/product\/10607\/revisions"}],"predecessor-version":[{"id":10659,"href":"https:\/\/rutana.lt\/en\/wp-json\/wp\/v2\/product\/10607\/revisions\/10659"}],"wp:featuredmedia":[{"embeddable":true,"href":"https:\/\/rutana.lt\/en\/wp-json\/wp\/v2\/media\/27202"}],"wp:attachment":[{"href":"https:\/\/rutana.lt\/en\/wp-json\/wp\/v2\/media?parent=10607"}],"wp:term":[{"taxonomy":"product_brand","embeddable":true,"href":"https:\/\/rutana.lt\/en\/wp-json\/wp\/v2\/product_brand?post=10607"},{"taxonomy":"product_cat","embeddable":true,"href":"https:\/\/rutana.lt\/en\/wp-json\/wp\/v2\/product_cat?post=10607"},{"taxonomy":"product_tag","embeddable":true,"href":"https:\/\/rutana.lt\/en\/wp-json\/wp\/v2\/product_tag?post=10607"}],"curies":[{"name":"wp","href":"https:\/\/api.w.org\/{rel}","templated":true}]}}