{"id":10516,"date":"2025-09-03T09:12:14","date_gmt":"2025-09-03T07:12:14","guid":{"rendered":"https:\/\/rutana.webdemo.lt\/?post_type=product&#038;p=10516"},"modified":"2025-10-13T15:36:43","modified_gmt":"2025-10-13T13:36:43","slug":"sasiuvinis-a5-12-lapu-langeliais-centrum-84580","status":"publish","type":"product","link":"https:\/\/rutana.lt\/en\/product\/sasiuvinis-a5-12-lapu-langeliais-centrum-84580\/","title":{"rendered":"S\u0105siuvinis A5 12 lap\u0173 langeliais Centrum 84580"},"content":{"rendered":"<p>S\u0105siuvinis pagamintas i\u0161 auk\u0161tos kokyb\u0117s popieriaus. Popieriuje nesilieja ra\u0161alas, ra\u0161ant su plunksniniu parkeriu, tod\u0117l ypa\u010d tinkamas naudoti mokykloje. Spalvoti ir gra\u017e\u016bs vir\u0161eliai. Puslapiuose su\u017eym\u0117tos para\u0161t\u0117s ir pa\u017eym\u0117ta vieta puslapio numeracijai \u012fra\u0161yti.<\/p>\n<p>Formatas: A5<\/p>\n<p>Lap\u0173 kiekis: 12<\/p>\n<p>Vidus: langeliais<\/p>\n<p>Tinkamas mokykloje: nuo 2 iki 12 klas\u0117s<\/p>\n<p>Kilm\u0117s \u0161alis: Vokietija<\/p>","protected":false},"excerpt":{"rendered":"<p>S\u0105siuvinis pagamintas i\u0161 auk\u0161tos kokyb\u0117s popieriaus. Popieriuje nesilieja ra\u0161alas, ra\u0161ant su plunksniniu parkeriu, tod\u0117l ypa\u010d tinkamas naudoti mokykloje. Spalvoti ir gra\u017e\u016bs vir\u0161eliai. Puslapiuose su\u017eym\u0117tos para\u0161t\u0117s ir pa\u017eym\u0117ta vieta puslapio numeracijai \u012fra\u0161yti. Formatas: A5 Lap\u0173 kiekis: 12 Vidus: langeliais Tinkamas mokykloje: nuo 2 iki 12 klas\u0117s Kilm\u0117s \u0161alis: Vokietija<\/p>","protected":false},"featured_media":27163,"comment_status":"open","ping_status":"closed","template":"","meta":{"_season_start":"","_season_end":"","_season_days":"","_season_months":"","_season_auto_visibility":""},"product_brand":[199],"product_cat":[1552],"product_tag":[],"class_list":{"0":"post-10516","1":"product","2":"type-product","3":"status-publish","4":"has-post-thumbnail","6":"product_brand-centrum","7":"product_cat-mokykliniai-sasiuviniai-mokyklines-prekes","9":"first","10":"instock","11":"taxable","12":"shipping-taxable","13":"purchasable","14":"product-type-simple"},"yoast_head":"<!-- This site is optimized with the Yoast SEO plugin v27.4 - https:\/\/yoast.com\/product\/yoast-seo-wordpress\/ -->\n<title>S\u0105siuvinis A5 12 lap\u0173 langeliais Centrum 84580 - Rutana - Ra\u0161tin\u0117s reikmenys<\/title>\n<meta name=\"robots\" content=\"index, follow, max-snippet:-1, max-image-preview:large, max-video-preview:-1\" \/>\n<link rel=\"canonical\" href=\"https:\/\/rutana.lt\/en\/product\/sasiuvinis-a5-12-lapu-langeliais-centrum-84580\/\" \/>\n<meta property=\"og:locale\" content=\"en_US\" \/>\n<meta property=\"og:type\" content=\"article\" \/>\n<meta property=\"og:title\" content=\"S\u0105siuvinis A5 12 lap\u0173 langeliais Centrum 84580 - Rutana - Ra\u0161tin\u0117s reikmenys\" \/>\n<meta property=\"og:description\" content=\"S\u0105siuvinis pagamintas i\u0161 auk\u0161tos kokyb\u0117s popieriaus. Popieriuje nesilieja ra\u0161alas, ra\u0161ant su plunksniniu parkeriu, tod\u0117l ypa\u010d tinkamas naudoti mokykloje. Spalvoti ir gra\u017e\u016bs vir\u0161eliai. Puslapiuose su\u017eym\u0117tos para\u0161t\u0117s ir pa\u017eym\u0117ta vieta puslapio numeracijai \u012fra\u0161yti. Formatas: A5 Lap\u0173 kiekis: 12 Vidus: langeliais Tinkamas mokykloje: nuo 2 iki 12 klas\u0117s Kilm\u0117s \u0161alis: Vokietija\" \/>\n<meta property=\"og:url\" content=\"https:\/\/rutana.lt\/en\/product\/sasiuvinis-a5-12-lapu-langeliais-centrum-84580\/\" \/>\n<meta property=\"og:site_name\" content=\"Rutana - Ra\u0161tin\u0117s reikmenys\" \/>\n<meta property=\"article:publisher\" content=\"https:\/\/www.facebook.com\/RutanaKanceliarinesPrekes\/\" \/>\n<meta property=\"article:modified_time\" content=\"2025-10-13T13:36:43+00:00\" \/>\n<meta property=\"og:image\" content=\"https:\/\/rutana.lt\/wp-content\/uploads\/2025\/09\/A011-004.jpg\" \/>\n\t<meta property=\"og:image:width\" content=\"700\" \/>\n\t<meta property=\"og:image:height\" content=\"741\" \/>\n\t<meta property=\"og:image:type\" content=\"image\/jpeg\" \/>\n<meta name=\"twitter:card\" content=\"summary_large_image\" \/>\n<script type=\"application\/ld+json\" class=\"yoast-schema-graph\">{\"@context\":\"https:\\\/\\\/schema.org\",\"@graph\":[{\"@type\":\"WebPage\",\"@id\":\"https:\\\/\\\/rutana.lt\\\/produktas\\\/sasiuvinis-a5-12-lapu-langeliais-centrum-84580\\\/\",\"url\":\"https:\\\/\\\/rutana.lt\\\/produktas\\\/sasiuvinis-a5-12-lapu-langeliais-centrum-84580\\\/\",\"name\":\"S\u0105siuvinis A5 12 lap\u0173 langeliais Centrum 84580 - Rutana - Ra\u0161tin\u0117s reikmenys\",\"isPartOf\":{\"@id\":\"https:\\\/\\\/rutana.lt\\\/#website\"},\"primaryImageOfPage\":{\"@id\":\"https:\\\/\\\/rutana.lt\\\/produktas\\\/sasiuvinis-a5-12-lapu-langeliais-centrum-84580\\\/#primaryimage\"},\"image\":{\"@id\":\"https:\\\/\\\/rutana.lt\\\/produktas\\\/sasiuvinis-a5-12-lapu-langeliais-centrum-84580\\\/#primaryimage\"},\"thumbnailUrl\":\"https:\\\/\\\/rutana.lt\\\/wp-content\\\/uploads\\\/2025\\\/09\\\/A011-004-2.jpg?v=1763620316\",\"datePublished\":\"2025-09-03T07:12:14+00:00\",\"dateModified\":\"2025-10-13T13:36:43+00:00\",\"breadcrumb\":{\"@id\":\"https:\\\/\\\/rutana.lt\\\/produktas\\\/sasiuvinis-a5-12-lapu-langeliais-centrum-84580\\\/#breadcrumb\"},\"inLanguage\":\"en-US\",\"potentialAction\":[{\"@type\":\"ReadAction\",\"target\":[\"https:\\\/\\\/rutana.lt\\\/produktas\\\/sasiuvinis-a5-12-lapu-langeliais-centrum-84580\\\/\"]}]},{\"@type\":\"ImageObject\",\"inLanguage\":\"en-US\",\"@id\":\"https:\\\/\\\/rutana.lt\\\/produktas\\\/sasiuvinis-a5-12-lapu-langeliais-centrum-84580\\\/#primaryimage\",\"url\":\"https:\\\/\\\/rutana.lt\\\/wp-content\\\/uploads\\\/2025\\\/09\\\/A011-004-2.jpg?v=1763620316\",\"contentUrl\":\"https:\\\/\\\/rutana.lt\\\/wp-content\\\/uploads\\\/2025\\\/09\\\/A011-004-2.jpg?v=1763620316\",\"width\":700,\"height\":741},{\"@type\":\"BreadcrumbList\",\"@id\":\"https:\\\/\\\/rutana.lt\\\/produktas\\\/sasiuvinis-a5-12-lapu-langeliais-centrum-84580\\\/#breadcrumb\",\"itemListElement\":[{\"@type\":\"ListItem\",\"position\":1,\"name\":\"Home\",\"item\":\"https:\\\/\\\/rutana.lt\\\/\"},{\"@type\":\"ListItem\",\"position\":2,\"name\":\"Parduotuv\u0117\",\"item\":\"https:\\\/\\\/rutana.lt\\\/parduotuve\\\/\"},{\"@type\":\"ListItem\",\"position\":3,\"name\":\"S\u0105siuvinis A5 12 lap\u0173 langeliais Centrum 84580\"}]},{\"@type\":\"WebSite\",\"@id\":\"https:\\\/\\\/rutana.lt\\\/#website\",\"url\":\"https:\\\/\\\/rutana.lt\\\/\",\"name\":\"Rutana - Ra\u0161tin\u0117s reikmenys\",\"description\":\"Prekiaujame pasaulin\u0117je rinkoje pripa\u017eintomis, kokybi\u0161komis biuro prek\u0117mis toki\u0173  gamintoj\u0173 kaip: Schneider, Esselte, Novus, 3M, Faber-Castell, Citizen, Milan, Leitz, Colop, Zebra, Staedtler, Durable, Tork, Parker, Waterman ir kt.\",\"publisher\":{\"@id\":\"https:\\\/\\\/rutana.lt\\\/#organization\"},\"potentialAction\":[{\"@type\":\"SearchAction\",\"target\":{\"@type\":\"EntryPoint\",\"urlTemplate\":\"https:\\\/\\\/rutana.lt\\\/?s={search_term_string}\"},\"query-input\":{\"@type\":\"PropertyValueSpecification\",\"valueRequired\":true,\"valueName\":\"search_term_string\"}}],\"inLanguage\":\"en-US\"},{\"@type\":\"Organization\",\"@id\":\"https:\\\/\\\/rutana.lt\\\/#organization\",\"name\":\"Rutana - Ra\u0161tin\u0117s reikmenys\",\"url\":\"https:\\\/\\\/rutana.lt\\\/\",\"logo\":{\"@type\":\"ImageObject\",\"inLanguage\":\"en-US\",\"@id\":\"https:\\\/\\\/rutana.lt\\\/#\\\/schema\\\/logo\\\/image\\\/\",\"url\":\"https:\\\/\\\/rutana.lt\\\/wp-content\\\/uploads\\\/2025\\\/10\\\/Asset-32.png\",\"contentUrl\":\"https:\\\/\\\/rutana.lt\\\/wp-content\\\/uploads\\\/2025\\\/10\\\/Asset-32.png\",\"width\":433,\"height\":119,\"caption\":\"Rutana - Ra\u0161tin\u0117s reikmenys\"},\"image\":{\"@id\":\"https:\\\/\\\/rutana.lt\\\/#\\\/schema\\\/logo\\\/image\\\/\"},\"sameAs\":[\"https:\\\/\\\/www.facebook.com\\\/RutanaKanceliarinesPrekes\\\/\"]}]}<\/script>\n<!-- \/ Yoast SEO plugin. -->","yoast_head_json":{"title":"S\u0105siuvinis A5 12 lap\u0173 langeliais Centrum 84580 - Rutana - Ra\u0161tin\u0117s reikmenys","robots":{"index":"index","follow":"follow","max-snippet":"max-snippet:-1","max-image-preview":"max-image-preview:large","max-video-preview":"max-video-preview:-1"},"canonical":"https:\/\/rutana.lt\/en\/product\/sasiuvinis-a5-12-lapu-langeliais-centrum-84580\/","og_locale":"en_US","og_type":"article","og_title":"S\u0105siuvinis A5 12 lap\u0173 langeliais Centrum 84580 - Rutana - Ra\u0161tin\u0117s reikmenys","og_description":"S\u0105siuvinis pagamintas i\u0161 auk\u0161tos kokyb\u0117s popieriaus. Popieriuje nesilieja ra\u0161alas, ra\u0161ant su plunksniniu parkeriu, tod\u0117l ypa\u010d tinkamas naudoti mokykloje. Spalvoti ir gra\u017e\u016bs vir\u0161eliai. Puslapiuose su\u017eym\u0117tos para\u0161t\u0117s ir pa\u017eym\u0117ta vieta puslapio numeracijai \u012fra\u0161yti. Formatas: A5 Lap\u0173 kiekis: 12 Vidus: langeliais Tinkamas mokykloje: nuo 2 iki 12 klas\u0117s Kilm\u0117s \u0161alis: Vokietija","og_url":"https:\/\/rutana.lt\/en\/product\/sasiuvinis-a5-12-lapu-langeliais-centrum-84580\/","og_site_name":"Rutana - Ra\u0161tin\u0117s reikmenys","article_publisher":"https:\/\/www.facebook.com\/RutanaKanceliarinesPrekes\/","article_modified_time":"2025-10-13T13:36:43+00:00","og_image":[{"width":700,"height":741,"url":"https:\/\/rutana.lt\/wp-content\/uploads\/2025\/09\/A011-004.jpg","type":"image\/jpeg"}],"twitter_card":"summary_large_image","schema":{"@context":"https:\/\/schema.org","@graph":[{"@type":"WebPage","@id":"https:\/\/rutana.lt\/produktas\/sasiuvinis-a5-12-lapu-langeliais-centrum-84580\/","url":"https:\/\/rutana.lt\/produktas\/sasiuvinis-a5-12-lapu-langeliais-centrum-84580\/","name":"S\u0105siuvinis A5 12 lap\u0173 langeliais Centrum 84580 - Rutana - Ra\u0161tin\u0117s reikmenys","isPartOf":{"@id":"https:\/\/rutana.lt\/#website"},"primaryImageOfPage":{"@id":"https:\/\/rutana.lt\/produktas\/sasiuvinis-a5-12-lapu-langeliais-centrum-84580\/#primaryimage"},"image":{"@id":"https:\/\/rutana.lt\/produktas\/sasiuvinis-a5-12-lapu-langeliais-centrum-84580\/#primaryimage"},"thumbnailUrl":"https:\/\/rutana.lt\/wp-content\/uploads\/2025\/09\/A011-004-2.jpg?v=1763620316","datePublished":"2025-09-03T07:12:14+00:00","dateModified":"2025-10-13T13:36:43+00:00","breadcrumb":{"@id":"https:\/\/rutana.lt\/produktas\/sasiuvinis-a5-12-lapu-langeliais-centrum-84580\/#breadcrumb"},"inLanguage":"en-US","potentialAction":[{"@type":"ReadAction","target":["https:\/\/rutana.lt\/produktas\/sasiuvinis-a5-12-lapu-langeliais-centrum-84580\/"]}]},{"@type":"ImageObject","inLanguage":"en-US","@id":"https:\/\/rutana.lt\/produktas\/sasiuvinis-a5-12-lapu-langeliais-centrum-84580\/#primaryimage","url":"https:\/\/rutana.lt\/wp-content\/uploads\/2025\/09\/A011-004-2.jpg?v=1763620316","contentUrl":"https:\/\/rutana.lt\/wp-content\/uploads\/2025\/09\/A011-004-2.jpg?v=1763620316","width":700,"height":741},{"@type":"BreadcrumbList","@id":"https:\/\/rutana.lt\/produktas\/sasiuvinis-a5-12-lapu-langeliais-centrum-84580\/#breadcrumb","itemListElement":[{"@type":"ListItem","position":1,"name":"Home","item":"https:\/\/rutana.lt\/"},{"@type":"ListItem","position":2,"name":"Parduotuv\u0117","item":"https:\/\/rutana.lt\/parduotuve\/"},{"@type":"ListItem","position":3,"name":"S\u0105siuvinis A5 12 lap\u0173 langeliais Centrum 84580"}]},{"@type":"WebSite","@id":"https:\/\/rutana.lt\/#website","url":"https:\/\/rutana.lt\/","name":"Rutana - Ra\u0161tin\u0117s reikmenys","description":"Prekiaujame pasaulin\u0117je rinkoje pripa\u017eintomis, kokybi\u0161komis biuro prek\u0117mis toki\u0173  gamintoj\u0173 kaip: Schneider, Esselte, Novus, 3M, Faber-Castell, Citizen, Milan, Leitz, Colop, Zebra, Staedtler, Durable, Tork, Parker, Waterman ir kt.","publisher":{"@id":"https:\/\/rutana.lt\/#organization"},"potentialAction":[{"@type":"SearchAction","target":{"@type":"EntryPoint","urlTemplate":"https:\/\/rutana.lt\/?s={search_term_string}"},"query-input":{"@type":"PropertyValueSpecification","valueRequired":true,"valueName":"search_term_string"}}],"inLanguage":"en-US"},{"@type":"Organization","@id":"https:\/\/rutana.lt\/#organization","name":"Rutana - Ra\u0161tin\u0117s reikmenys","url":"https:\/\/rutana.lt\/","logo":{"@type":"ImageObject","inLanguage":"en-US","@id":"https:\/\/rutana.lt\/#\/schema\/logo\/image\/","url":"https:\/\/rutana.lt\/wp-content\/uploads\/2025\/10\/Asset-32.png","contentUrl":"https:\/\/rutana.lt\/wp-content\/uploads\/2025\/10\/Asset-32.png","width":433,"height":119,"caption":"Rutana - Ra\u0161tin\u0117s reikmenys"},"image":{"@id":"https:\/\/rutana.lt\/#\/schema\/logo\/image\/"},"sameAs":["https:\/\/www.facebook.com\/RutanaKanceliarinesPrekes\/"]}]}},"_links":{"self":[{"href":"https:\/\/rutana.lt\/en\/wp-json\/wp\/v2\/product\/10516","targetHints":{"allow":["GET"]}}],"collection":[{"href":"https:\/\/rutana.lt\/en\/wp-json\/wp\/v2\/product"}],"about":[{"href":"https:\/\/rutana.lt\/en\/wp-json\/wp\/v2\/types\/product"}],"replies":[{"embeddable":true,"href":"https:\/\/rutana.lt\/en\/wp-json\/wp\/v2\/comments?post=10516"}],"version-history":[{"count":1,"href":"https:\/\/rutana.lt\/en\/wp-json\/wp\/v2\/product\/10516\/revisions"}],"predecessor-version":[{"id":10555,"href":"https:\/\/rutana.lt\/en\/wp-json\/wp\/v2\/product\/10516\/revisions\/10555"}],"wp:featuredmedia":[{"embeddable":true,"href":"https:\/\/rutana.lt\/en\/wp-json\/wp\/v2\/media\/27163"}],"wp:attachment":[{"href":"https:\/\/rutana.lt\/en\/wp-json\/wp\/v2\/media?parent=10516"}],"wp:term":[{"taxonomy":"product_brand","embeddable":true,"href":"https:\/\/rutana.lt\/en\/wp-json\/wp\/v2\/product_brand?post=10516"},{"taxonomy":"product_cat","embeddable":true,"href":"https:\/\/rutana.lt\/en\/wp-json\/wp\/v2\/product_cat?post=10516"},{"taxonomy":"product_tag","embeddable":true,"href":"https:\/\/rutana.lt\/en\/wp-json\/wp\/v2\/product_tag?post=10516"}],"curies":[{"name":"wp","href":"https:\/\/api.w.org\/{rel}","templated":true}]}}