{"id":10146,"date":"2025-09-03T09:10:22","date_gmt":"2025-09-03T07:10:22","guid":{"rendered":"https:\/\/rutana.webdemo.lt\/?post_type=product&#038;p=10146"},"modified":"2025-10-13T15:36:03","modified_gmt":"2025-10-13T13:36:03","slug":"plastikine-rankine-a3-su-rankena-centrum-80652","status":"publish","type":"product","link":"https:\/\/rutana.lt\/en\/product\/plastikine-rankine-a3-su-rankena-centrum-80652\/","title":{"rendered":"Plastikin\u0117 rankin\u0117 A3 su rankena Centrum 80652"},"content":{"rendered":"<p>Talpi rankin\u0117 A3 dokumentams, pagaminta i\u0161 plastiko, i\u0161ardoma. Plastiko storis 0.70 mm. Rankin\u0117 u\u017esisega plastikiniu segtuku ir turi ranken\u0105, patogiam ne\u0161iojimui.<\/p>\n<p>Matmenys: 440 x 310 x 25 mm<\/p>\n<p>Spalva: m\u0117lyna, raudona arba pilka<\/p>\n<p>Kilm\u0117s \u0161alis: Vokietija<\/p>\n<p><\/p>\n<p><\/p>","protected":false},"excerpt":{"rendered":"<p>Talpi rankin\u0117 A3 dokumentams, pagaminta i\u0161 plastiko, i\u0161ardoma. Plastiko storis 0.70 mm. Rankin\u0117 u\u017esisega plastikiniu segtuku ir turi ranken\u0105, patogiam ne\u0161iojimui. Matmenys: 440 x 310 x 25 mm Spalva: m\u0117lyna, raudona arba pilka Kilm\u0117s \u0161alis: Vokietija<\/p>","protected":false},"featured_media":27045,"comment_status":"open","ping_status":"closed","template":"","meta":{"_season_start":"","_season_end":"","_season_days":"","_season_months":"","_season_auto_visibility":""},"product_brand":[199],"product_cat":[1598],"product_tag":[],"class_list":{"0":"post-10146","1":"product","2":"type-product","3":"status-publish","4":"has-post-thumbnail","6":"product_brand-centrum","7":"product_cat-dokumentu-rankines","9":"first","10":"instock","11":"taxable","12":"shipping-taxable","13":"purchasable","14":"product-type-simple"},"yoast_head":"<!-- This site is optimized with the Yoast SEO plugin v27.4 - https:\/\/yoast.com\/product\/yoast-seo-wordpress\/ -->\n<title>Plastikin\u0117 rankin\u0117 A3 su rankena Centrum 80652 - Rutana - Ra\u0161tin\u0117s reikmenys<\/title>\n<meta name=\"robots\" content=\"index, follow, max-snippet:-1, max-image-preview:large, max-video-preview:-1\" \/>\n<link rel=\"canonical\" href=\"https:\/\/rutana.lt\/en\/product\/plastikine-rankine-a3-su-rankena-centrum-80652\/\" \/>\n<meta property=\"og:locale\" content=\"en_US\" \/>\n<meta property=\"og:type\" content=\"article\" \/>\n<meta property=\"og:title\" content=\"Plastikin\u0117 rankin\u0117 A3 su rankena Centrum 80652 - Rutana - Ra\u0161tin\u0117s reikmenys\" \/>\n<meta property=\"og:description\" content=\"Talpi rankin\u0117 A3 dokumentams, pagaminta i\u0161 plastiko, i\u0161ardoma. Plastiko storis 0.70 mm. Rankin\u0117 u\u017esisega plastikiniu segtuku ir turi ranken\u0105, patogiam ne\u0161iojimui. Matmenys: 440 x 310 x 25 mm Spalva: m\u0117lyna, raudona arba pilka Kilm\u0117s \u0161alis: Vokietija\" \/>\n<meta property=\"og:url\" content=\"https:\/\/rutana.lt\/en\/product\/plastikine-rankine-a3-su-rankena-centrum-80652\/\" \/>\n<meta property=\"og:site_name\" content=\"Rutana - Ra\u0161tin\u0117s reikmenys\" \/>\n<meta property=\"article:publisher\" content=\"https:\/\/www.facebook.com\/RutanaKanceliarinesPrekes\/\" \/>\n<meta property=\"article:modified_time\" content=\"2025-10-13T13:36:03+00:00\" \/>\n<meta property=\"og:image\" content=\"https:\/\/rutana.lt\/wp-content\/uploads\/2025\/09\/C018-902.jpg\" \/>\n\t<meta property=\"og:image:width\" content=\"678\" \/>\n\t<meta property=\"og:image:height\" content=\"578\" \/>\n\t<meta property=\"og:image:type\" content=\"image\/jpeg\" \/>\n<meta name=\"twitter:card\" content=\"summary_large_image\" \/>\n<script type=\"application\/ld+json\" class=\"yoast-schema-graph\">{\"@context\":\"https:\\\/\\\/schema.org\",\"@graph\":[{\"@type\":\"WebPage\",\"@id\":\"https:\\\/\\\/rutana.lt\\\/produktas\\\/plastikine-rankine-a3-su-rankena-centrum-80652\\\/\",\"url\":\"https:\\\/\\\/rutana.lt\\\/produktas\\\/plastikine-rankine-a3-su-rankena-centrum-80652\\\/\",\"name\":\"Plastikin\u0117 rankin\u0117 A3 su rankena Centrum 80652 - Rutana - Ra\u0161tin\u0117s reikmenys\",\"isPartOf\":{\"@id\":\"https:\\\/\\\/rutana.lt\\\/#website\"},\"primaryImageOfPage\":{\"@id\":\"https:\\\/\\\/rutana.lt\\\/produktas\\\/plastikine-rankine-a3-su-rankena-centrum-80652\\\/#primaryimage\"},\"image\":{\"@id\":\"https:\\\/\\\/rutana.lt\\\/produktas\\\/plastikine-rankine-a3-su-rankena-centrum-80652\\\/#primaryimage\"},\"thumbnailUrl\":\"https:\\\/\\\/rutana.lt\\\/wp-content\\\/uploads\\\/2025\\\/09\\\/C018-902-2.jpg?v=1763620468\",\"datePublished\":\"2025-09-03T07:10:22+00:00\",\"dateModified\":\"2025-10-13T13:36:03+00:00\",\"breadcrumb\":{\"@id\":\"https:\\\/\\\/rutana.lt\\\/produktas\\\/plastikine-rankine-a3-su-rankena-centrum-80652\\\/#breadcrumb\"},\"inLanguage\":\"en-US\",\"potentialAction\":[{\"@type\":\"ReadAction\",\"target\":[\"https:\\\/\\\/rutana.lt\\\/produktas\\\/plastikine-rankine-a3-su-rankena-centrum-80652\\\/\"]}]},{\"@type\":\"ImageObject\",\"inLanguage\":\"en-US\",\"@id\":\"https:\\\/\\\/rutana.lt\\\/produktas\\\/plastikine-rankine-a3-su-rankena-centrum-80652\\\/#primaryimage\",\"url\":\"https:\\\/\\\/rutana.lt\\\/wp-content\\\/uploads\\\/2025\\\/09\\\/C018-902-2.jpg?v=1763620468\",\"contentUrl\":\"https:\\\/\\\/rutana.lt\\\/wp-content\\\/uploads\\\/2025\\\/09\\\/C018-902-2.jpg?v=1763620468\",\"width\":678,\"height\":578},{\"@type\":\"BreadcrumbList\",\"@id\":\"https:\\\/\\\/rutana.lt\\\/produktas\\\/plastikine-rankine-a3-su-rankena-centrum-80652\\\/#breadcrumb\",\"itemListElement\":[{\"@type\":\"ListItem\",\"position\":1,\"name\":\"Home\",\"item\":\"https:\\\/\\\/rutana.lt\\\/\"},{\"@type\":\"ListItem\",\"position\":2,\"name\":\"Parduotuv\u0117\",\"item\":\"https:\\\/\\\/rutana.lt\\\/parduotuve\\\/\"},{\"@type\":\"ListItem\",\"position\":3,\"name\":\"Plastikin\u0117 rankin\u0117 A3 su rankena Centrum 80652\"}]},{\"@type\":\"WebSite\",\"@id\":\"https:\\\/\\\/rutana.lt\\\/#website\",\"url\":\"https:\\\/\\\/rutana.lt\\\/\",\"name\":\"Rutana - Ra\u0161tin\u0117s reikmenys\",\"description\":\"Prekiaujame pasaulin\u0117je rinkoje pripa\u017eintomis, kokybi\u0161komis biuro prek\u0117mis toki\u0173  gamintoj\u0173 kaip: Schneider, Esselte, Novus, 3M, Faber-Castell, Citizen, Milan, Leitz, Colop, Zebra, Staedtler, Durable, Tork, Parker, Waterman ir kt.\",\"publisher\":{\"@id\":\"https:\\\/\\\/rutana.lt\\\/#organization\"},\"potentialAction\":[{\"@type\":\"SearchAction\",\"target\":{\"@type\":\"EntryPoint\",\"urlTemplate\":\"https:\\\/\\\/rutana.lt\\\/?s={search_term_string}\"},\"query-input\":{\"@type\":\"PropertyValueSpecification\",\"valueRequired\":true,\"valueName\":\"search_term_string\"}}],\"inLanguage\":\"en-US\"},{\"@type\":\"Organization\",\"@id\":\"https:\\\/\\\/rutana.lt\\\/#organization\",\"name\":\"Rutana - Ra\u0161tin\u0117s reikmenys\",\"url\":\"https:\\\/\\\/rutana.lt\\\/\",\"logo\":{\"@type\":\"ImageObject\",\"inLanguage\":\"en-US\",\"@id\":\"https:\\\/\\\/rutana.lt\\\/#\\\/schema\\\/logo\\\/image\\\/\",\"url\":\"https:\\\/\\\/rutana.lt\\\/wp-content\\\/uploads\\\/2025\\\/10\\\/Asset-32.png\",\"contentUrl\":\"https:\\\/\\\/rutana.lt\\\/wp-content\\\/uploads\\\/2025\\\/10\\\/Asset-32.png\",\"width\":433,\"height\":119,\"caption\":\"Rutana - Ra\u0161tin\u0117s reikmenys\"},\"image\":{\"@id\":\"https:\\\/\\\/rutana.lt\\\/#\\\/schema\\\/logo\\\/image\\\/\"},\"sameAs\":[\"https:\\\/\\\/www.facebook.com\\\/RutanaKanceliarinesPrekes\\\/\"]}]}<\/script>\n<!-- \/ Yoast SEO plugin. -->","yoast_head_json":{"title":"Plastikin\u0117 rankin\u0117 A3 su rankena Centrum 80652 - Rutana - Ra\u0161tin\u0117s reikmenys","robots":{"index":"index","follow":"follow","max-snippet":"max-snippet:-1","max-image-preview":"max-image-preview:large","max-video-preview":"max-video-preview:-1"},"canonical":"https:\/\/rutana.lt\/en\/product\/plastikine-rankine-a3-su-rankena-centrum-80652\/","og_locale":"en_US","og_type":"article","og_title":"Plastikin\u0117 rankin\u0117 A3 su rankena Centrum 80652 - Rutana - Ra\u0161tin\u0117s reikmenys","og_description":"Talpi rankin\u0117 A3 dokumentams, pagaminta i\u0161 plastiko, i\u0161ardoma. Plastiko storis 0.70 mm. Rankin\u0117 u\u017esisega plastikiniu segtuku ir turi ranken\u0105, patogiam ne\u0161iojimui. Matmenys: 440 x 310 x 25 mm Spalva: m\u0117lyna, raudona arba pilka Kilm\u0117s \u0161alis: Vokietija","og_url":"https:\/\/rutana.lt\/en\/product\/plastikine-rankine-a3-su-rankena-centrum-80652\/","og_site_name":"Rutana - Ra\u0161tin\u0117s reikmenys","article_publisher":"https:\/\/www.facebook.com\/RutanaKanceliarinesPrekes\/","article_modified_time":"2025-10-13T13:36:03+00:00","og_image":[{"width":678,"height":578,"url":"https:\/\/rutana.lt\/wp-content\/uploads\/2025\/09\/C018-902.jpg","type":"image\/jpeg"}],"twitter_card":"summary_large_image","schema":{"@context":"https:\/\/schema.org","@graph":[{"@type":"WebPage","@id":"https:\/\/rutana.lt\/produktas\/plastikine-rankine-a3-su-rankena-centrum-80652\/","url":"https:\/\/rutana.lt\/produktas\/plastikine-rankine-a3-su-rankena-centrum-80652\/","name":"Plastikin\u0117 rankin\u0117 A3 su rankena Centrum 80652 - Rutana - Ra\u0161tin\u0117s reikmenys","isPartOf":{"@id":"https:\/\/rutana.lt\/#website"},"primaryImageOfPage":{"@id":"https:\/\/rutana.lt\/produktas\/plastikine-rankine-a3-su-rankena-centrum-80652\/#primaryimage"},"image":{"@id":"https:\/\/rutana.lt\/produktas\/plastikine-rankine-a3-su-rankena-centrum-80652\/#primaryimage"},"thumbnailUrl":"https:\/\/rutana.lt\/wp-content\/uploads\/2025\/09\/C018-902-2.jpg?v=1763620468","datePublished":"2025-09-03T07:10:22+00:00","dateModified":"2025-10-13T13:36:03+00:00","breadcrumb":{"@id":"https:\/\/rutana.lt\/produktas\/plastikine-rankine-a3-su-rankena-centrum-80652\/#breadcrumb"},"inLanguage":"en-US","potentialAction":[{"@type":"ReadAction","target":["https:\/\/rutana.lt\/produktas\/plastikine-rankine-a3-su-rankena-centrum-80652\/"]}]},{"@type":"ImageObject","inLanguage":"en-US","@id":"https:\/\/rutana.lt\/produktas\/plastikine-rankine-a3-su-rankena-centrum-80652\/#primaryimage","url":"https:\/\/rutana.lt\/wp-content\/uploads\/2025\/09\/C018-902-2.jpg?v=1763620468","contentUrl":"https:\/\/rutana.lt\/wp-content\/uploads\/2025\/09\/C018-902-2.jpg?v=1763620468","width":678,"height":578},{"@type":"BreadcrumbList","@id":"https:\/\/rutana.lt\/produktas\/plastikine-rankine-a3-su-rankena-centrum-80652\/#breadcrumb","itemListElement":[{"@type":"ListItem","position":1,"name":"Home","item":"https:\/\/rutana.lt\/"},{"@type":"ListItem","position":2,"name":"Parduotuv\u0117","item":"https:\/\/rutana.lt\/parduotuve\/"},{"@type":"ListItem","position":3,"name":"Plastikin\u0117 rankin\u0117 A3 su rankena Centrum 80652"}]},{"@type":"WebSite","@id":"https:\/\/rutana.lt\/#website","url":"https:\/\/rutana.lt\/","name":"Rutana - Ra\u0161tin\u0117s reikmenys","description":"Prekiaujame pasaulin\u0117je rinkoje pripa\u017eintomis, kokybi\u0161komis biuro prek\u0117mis toki\u0173  gamintoj\u0173 kaip: Schneider, Esselte, Novus, 3M, Faber-Castell, Citizen, Milan, Leitz, Colop, Zebra, Staedtler, Durable, Tork, Parker, Waterman ir kt.","publisher":{"@id":"https:\/\/rutana.lt\/#organization"},"potentialAction":[{"@type":"SearchAction","target":{"@type":"EntryPoint","urlTemplate":"https:\/\/rutana.lt\/?s={search_term_string}"},"query-input":{"@type":"PropertyValueSpecification","valueRequired":true,"valueName":"search_term_string"}}],"inLanguage":"en-US"},{"@type":"Organization","@id":"https:\/\/rutana.lt\/#organization","name":"Rutana - Ra\u0161tin\u0117s reikmenys","url":"https:\/\/rutana.lt\/","logo":{"@type":"ImageObject","inLanguage":"en-US","@id":"https:\/\/rutana.lt\/#\/schema\/logo\/image\/","url":"https:\/\/rutana.lt\/wp-content\/uploads\/2025\/10\/Asset-32.png","contentUrl":"https:\/\/rutana.lt\/wp-content\/uploads\/2025\/10\/Asset-32.png","width":433,"height":119,"caption":"Rutana - Ra\u0161tin\u0117s reikmenys"},"image":{"@id":"https:\/\/rutana.lt\/#\/schema\/logo\/image\/"},"sameAs":["https:\/\/www.facebook.com\/RutanaKanceliarinesPrekes\/"]}]}},"_links":{"self":[{"href":"https:\/\/rutana.lt\/en\/wp-json\/wp\/v2\/product\/10146","targetHints":{"allow":["GET"]}}],"collection":[{"href":"https:\/\/rutana.lt\/en\/wp-json\/wp\/v2\/product"}],"about":[{"href":"https:\/\/rutana.lt\/en\/wp-json\/wp\/v2\/types\/product"}],"replies":[{"embeddable":true,"href":"https:\/\/rutana.lt\/en\/wp-json\/wp\/v2\/comments?post=10146"}],"version-history":[{"count":1,"href":"https:\/\/rutana.lt\/en\/wp-json\/wp\/v2\/product\/10146\/revisions"}],"predecessor-version":[{"id":10193,"href":"https:\/\/rutana.lt\/en\/wp-json\/wp\/v2\/product\/10146\/revisions\/10193"}],"wp:featuredmedia":[{"embeddable":true,"href":"https:\/\/rutana.lt\/en\/wp-json\/wp\/v2\/media\/27045"}],"wp:attachment":[{"href":"https:\/\/rutana.lt\/en\/wp-json\/wp\/v2\/media?parent=10146"}],"wp:term":[{"taxonomy":"product_brand","embeddable":true,"href":"https:\/\/rutana.lt\/en\/wp-json\/wp\/v2\/product_brand?post=10146"},{"taxonomy":"product_cat","embeddable":true,"href":"https:\/\/rutana.lt\/en\/wp-json\/wp\/v2\/product_cat?post=10146"},{"taxonomy":"product_tag","embeddable":true,"href":"https:\/\/rutana.lt\/en\/wp-json\/wp\/v2\/product_tag?post=10146"}],"curies":[{"name":"wp","href":"https:\/\/api.w.org\/{rel}","templated":true}]}}