{"id":10058,"date":"2025-09-03T09:09:58","date_gmt":"2025-09-03T07:09:58","guid":{"rendered":"https:\/\/rutana.webdemo.lt\/?post_type=product&#038;p=10058"},"modified":"2025-10-13T15:35:44","modified_gmt":"2025-10-13T13:35:44","slug":"uzrasu-knygele-saskaiteles-kavinems-a6-80-lap-nenumeruotas-00522","status":"publish","type":"product","link":"https:\/\/rutana.lt\/en\/product\/uzrasu-knygele-saskaiteles-kavinems-a6-80-lap-nenumeruotas-00522\/","title":{"rendered":"U\u017era\u0161\u0173 knygel\u0117 &#8211; s\u0105skait\u0117l\u0117s kavin\u0117ms A6\/80 lap. nenumeruotas 00522"},"content":{"rendered":"<p>S\u0105skait\u0117l\u0117s barams, pagamintos i\u0161 save kopijuojan\u010di\u0173 lap\u0173, su kartoniniu vir\u0161eliu. Turi papildom\u0105 kartonin\u012f atvart\u0105, kur\u012f galima naudoti kaip skirtuk\u0105. Kvitai be numeracijos.<\/p>\n<p>Formatas: A6 ( 105 x 148 mm )<\/p>\n<p>Kiekis: 80 lapeli\u0173<\/p>\n<p>Lap\u0173 spalva: balta<\/p>\n<p>Kilm\u0117s \u0161alis: Lietuva<\/p>","protected":false},"excerpt":{"rendered":"<p>S\u0105skait\u0117l\u0117s barams, pagamintos i\u0161 save kopijuojan\u010di\u0173 lap\u0173, su kartoniniu vir\u0161eliu. Turi papildom\u0105 kartonin\u012f atvart\u0105, kur\u012f galima naudoti kaip skirtuk\u0105. Kvitai be numeracijos. Formatas: A6 ( 105 x 148 mm ) Kiekis: 80 lapeli\u0173 Lap\u0173 spalva: balta Kilm\u0117s \u0161alis: Lietuva<\/p>","protected":false},"featured_media":27007,"comment_status":"open","ping_status":"closed","template":"","meta":{"_season_start":"","_season_end":"","_season_days":"","_season_months":"","_season_auto_visibility":""},"product_brand":[83],"product_cat":[1865],"product_tag":[],"class_list":{"0":"post-10058","1":"product","2":"type-product","3":"status-publish","4":"has-post-thumbnail","6":"product_brand-null","7":"product_cat-blankai","9":"first","10":"instock","11":"taxable","12":"shipping-taxable","13":"purchasable","14":"product-type-simple"},"yoast_head":"<!-- This site is optimized with the Yoast SEO plugin v26.1.1 - https:\/\/yoast.com\/wordpress\/plugins\/seo\/ -->\n<title>U\u017era\u0161\u0173 knygel\u0117 - s\u0105skait\u0117l\u0117s kavin\u0117ms A6\/80 lap. nenumeruotas 00522 - Rutana - Ra\u0161tin\u0117s reikmenys<\/title>\n<meta name=\"robots\" content=\"index, follow, max-snippet:-1, max-image-preview:large, max-video-preview:-1\" \/>\n<link rel=\"canonical\" href=\"https:\/\/rutana.lt\/en\/product\/uzrasu-knygele-saskaiteles-kavinems-a6-80-lap-nenumeruotas-00522\/\" \/>\n<meta property=\"og:locale\" content=\"en_US\" \/>\n<meta property=\"og:type\" content=\"article\" \/>\n<meta property=\"og:title\" content=\"U\u017era\u0161\u0173 knygel\u0117 - s\u0105skait\u0117l\u0117s kavin\u0117ms A6\/80 lap. nenumeruotas 00522 - Rutana - Ra\u0161tin\u0117s reikmenys\" \/>\n<meta property=\"og:description\" content=\"S\u0105skait\u0117l\u0117s barams, pagamintos i\u0161 save kopijuojan\u010di\u0173 lap\u0173, su kartoniniu vir\u0161eliu. Turi papildom\u0105 kartonin\u012f atvart\u0105, kur\u012f galima naudoti kaip skirtuk\u0105. Kvitai be numeracijos. Formatas: A6 ( 105 x 148 mm ) Kiekis: 80 lapeli\u0173 Lap\u0173 spalva: balta Kilm\u0117s \u0161alis: Lietuva\" \/>\n<meta property=\"og:url\" content=\"https:\/\/rutana.lt\/en\/product\/uzrasu-knygele-saskaiteles-kavinems-a6-80-lap-nenumeruotas-00522\/\" \/>\n<meta property=\"og:site_name\" content=\"Rutana - Ra\u0161tin\u0117s reikmenys\" \/>\n<meta property=\"article:publisher\" content=\"https:\/\/www.facebook.com\/RutanaKanceliarinesPrekes\/\" \/>\n<meta property=\"article:modified_time\" content=\"2025-10-13T13:35:44+00:00\" \/>\n<meta property=\"og:image\" content=\"https:\/\/rutana.lt\/wp-content\/uploads\/2025\/09\/A135-001.jpg\" \/>\n\t<meta property=\"og:image:width\" content=\"500\" \/>\n\t<meta property=\"og:image:height\" content=\"501\" \/>\n\t<meta property=\"og:image:type\" content=\"image\/jpeg\" \/>\n<meta name=\"twitter:card\" content=\"summary_large_image\" \/>\n<script type=\"application\/ld+json\" class=\"yoast-schema-graph\">{\"@context\":\"https:\/\/schema.org\",\"@graph\":[{\"@type\":\"WebPage\",\"@id\":\"https:\/\/rutana.lt\/produktas\/uzrasu-knygele-saskaiteles-kavinems-a6-80-lap-nenumeruotas-00522\/\",\"url\":\"https:\/\/rutana.lt\/produktas\/uzrasu-knygele-saskaiteles-kavinems-a6-80-lap-nenumeruotas-00522\/\",\"name\":\"U\u017era\u0161\u0173 knygel\u0117 - s\u0105skait\u0117l\u0117s kavin\u0117ms A6\/80 lap. nenumeruotas 00522 - Rutana - Ra\u0161tin\u0117s reikmenys\",\"isPartOf\":{\"@id\":\"https:\/\/rutana.lt\/#website\"},\"primaryImageOfPage\":{\"@id\":\"https:\/\/rutana.lt\/produktas\/uzrasu-knygele-saskaiteles-kavinems-a6-80-lap-nenumeruotas-00522\/#primaryimage\"},\"image\":{\"@id\":\"https:\/\/rutana.lt\/produktas\/uzrasu-knygele-saskaiteles-kavinems-a6-80-lap-nenumeruotas-00522\/#primaryimage\"},\"thumbnailUrl\":\"https:\/\/rutana.lt\/wp-content\/uploads\/2025\/09\/A135-001-1.jpg?v=1763620521\",\"datePublished\":\"2025-09-03T07:09:58+00:00\",\"dateModified\":\"2025-10-13T13:35:44+00:00\",\"breadcrumb\":{\"@id\":\"https:\/\/rutana.lt\/produktas\/uzrasu-knygele-saskaiteles-kavinems-a6-80-lap-nenumeruotas-00522\/#breadcrumb\"},\"inLanguage\":\"en-US\",\"potentialAction\":[{\"@type\":\"ReadAction\",\"target\":[\"https:\/\/rutana.lt\/produktas\/uzrasu-knygele-saskaiteles-kavinems-a6-80-lap-nenumeruotas-00522\/\"]}]},{\"@type\":\"ImageObject\",\"inLanguage\":\"en-US\",\"@id\":\"https:\/\/rutana.lt\/produktas\/uzrasu-knygele-saskaiteles-kavinems-a6-80-lap-nenumeruotas-00522\/#primaryimage\",\"url\":\"https:\/\/rutana.lt\/wp-content\/uploads\/2025\/09\/A135-001-1.jpg?v=1763620521\",\"contentUrl\":\"https:\/\/rutana.lt\/wp-content\/uploads\/2025\/09\/A135-001-1.jpg?v=1763620521\",\"width\":500,\"height\":501},{\"@type\":\"BreadcrumbList\",\"@id\":\"https:\/\/rutana.lt\/produktas\/uzrasu-knygele-saskaiteles-kavinems-a6-80-lap-nenumeruotas-00522\/#breadcrumb\",\"itemListElement\":[{\"@type\":\"ListItem\",\"position\":1,\"name\":\"Home\",\"item\":\"https:\/\/rutana.lt\/\"},{\"@type\":\"ListItem\",\"position\":2,\"name\":\"Parduotuv\u0117\",\"item\":\"https:\/\/rutana.lt\/parduotuve\/\"},{\"@type\":\"ListItem\",\"position\":3,\"name\":\"U\u017era\u0161\u0173 knygel\u0117 &#8211; s\u0105skait\u0117l\u0117s kavin\u0117ms A6\/80 lap. nenumeruotas 00522\"}]},{\"@type\":\"WebSite\",\"@id\":\"https:\/\/rutana.lt\/#website\",\"url\":\"https:\/\/rutana.lt\/\",\"name\":\"Rutana - Ra\u0161tin\u0117s reikmenys\",\"description\":\"Prekiaujame pasaulin\u0117je rinkoje pripa\u017eintomis, kokybi\u0161komis biuro prek\u0117mis toki\u0173  gamintoj\u0173 kaip: Schneider, Esselte, Novus, 3M, Faber-Castell, Citizen, Milan, Leitz, Colop, Zebra, Staedtler, Durable, Tork, Parker, Waterman ir kt.\",\"publisher\":{\"@id\":\"https:\/\/rutana.lt\/#organization\"},\"potentialAction\":[{\"@type\":\"SearchAction\",\"target\":{\"@type\":\"EntryPoint\",\"urlTemplate\":\"https:\/\/rutana.lt\/?s={search_term_string}\"},\"query-input\":{\"@type\":\"PropertyValueSpecification\",\"valueRequired\":true,\"valueName\":\"search_term_string\"}}],\"inLanguage\":\"en-US\"},{\"@type\":\"Organization\",\"@id\":\"https:\/\/rutana.lt\/#organization\",\"name\":\"Rutana - Ra\u0161tin\u0117s reikmenys\",\"url\":\"https:\/\/rutana.lt\/\",\"logo\":{\"@type\":\"ImageObject\",\"inLanguage\":\"en-US\",\"@id\":\"https:\/\/rutana.lt\/#\/schema\/logo\/image\/\",\"url\":\"https:\/\/rutana.lt\/wp-content\/uploads\/2025\/10\/Asset-32.png\",\"contentUrl\":\"https:\/\/rutana.lt\/wp-content\/uploads\/2025\/10\/Asset-32.png\",\"width\":433,\"height\":119,\"caption\":\"Rutana - Ra\u0161tin\u0117s reikmenys\"},\"image\":{\"@id\":\"https:\/\/rutana.lt\/#\/schema\/logo\/image\/\"},\"sameAs\":[\"https:\/\/www.facebook.com\/RutanaKanceliarinesPrekes\/\"]}]}<\/script>\n<!-- \/ Yoast SEO plugin. -->","yoast_head_json":{"title":"U\u017era\u0161\u0173 knygel\u0117 - s\u0105skait\u0117l\u0117s kavin\u0117ms A6\/80 lap. nenumeruotas 00522 - Rutana - Ra\u0161tin\u0117s reikmenys","robots":{"index":"index","follow":"follow","max-snippet":"max-snippet:-1","max-image-preview":"max-image-preview:large","max-video-preview":"max-video-preview:-1"},"canonical":"https:\/\/rutana.lt\/en\/product\/uzrasu-knygele-saskaiteles-kavinems-a6-80-lap-nenumeruotas-00522\/","og_locale":"en_US","og_type":"article","og_title":"U\u017era\u0161\u0173 knygel\u0117 - s\u0105skait\u0117l\u0117s kavin\u0117ms A6\/80 lap. nenumeruotas 00522 - Rutana - Ra\u0161tin\u0117s reikmenys","og_description":"S\u0105skait\u0117l\u0117s barams, pagamintos i\u0161 save kopijuojan\u010di\u0173 lap\u0173, su kartoniniu vir\u0161eliu. Turi papildom\u0105 kartonin\u012f atvart\u0105, kur\u012f galima naudoti kaip skirtuk\u0105. Kvitai be numeracijos. Formatas: A6 ( 105 x 148 mm ) Kiekis: 80 lapeli\u0173 Lap\u0173 spalva: balta Kilm\u0117s \u0161alis: Lietuva","og_url":"https:\/\/rutana.lt\/en\/product\/uzrasu-knygele-saskaiteles-kavinems-a6-80-lap-nenumeruotas-00522\/","og_site_name":"Rutana - Ra\u0161tin\u0117s reikmenys","article_publisher":"https:\/\/www.facebook.com\/RutanaKanceliarinesPrekes\/","article_modified_time":"2025-10-13T13:35:44+00:00","og_image":[{"width":500,"height":501,"url":"https:\/\/rutana.lt\/wp-content\/uploads\/2025\/09\/A135-001.jpg","type":"image\/jpeg"}],"twitter_card":"summary_large_image","schema":{"@context":"https:\/\/schema.org","@graph":[{"@type":"WebPage","@id":"https:\/\/rutana.lt\/produktas\/uzrasu-knygele-saskaiteles-kavinems-a6-80-lap-nenumeruotas-00522\/","url":"https:\/\/rutana.lt\/produktas\/uzrasu-knygele-saskaiteles-kavinems-a6-80-lap-nenumeruotas-00522\/","name":"U\u017era\u0161\u0173 knygel\u0117 - s\u0105skait\u0117l\u0117s kavin\u0117ms A6\/80 lap. nenumeruotas 00522 - Rutana - Ra\u0161tin\u0117s reikmenys","isPartOf":{"@id":"https:\/\/rutana.lt\/#website"},"primaryImageOfPage":{"@id":"https:\/\/rutana.lt\/produktas\/uzrasu-knygele-saskaiteles-kavinems-a6-80-lap-nenumeruotas-00522\/#primaryimage"},"image":{"@id":"https:\/\/rutana.lt\/produktas\/uzrasu-knygele-saskaiteles-kavinems-a6-80-lap-nenumeruotas-00522\/#primaryimage"},"thumbnailUrl":"https:\/\/rutana.lt\/wp-content\/uploads\/2025\/09\/A135-001-1.jpg?v=1763620521","datePublished":"2025-09-03T07:09:58+00:00","dateModified":"2025-10-13T13:35:44+00:00","breadcrumb":{"@id":"https:\/\/rutana.lt\/produktas\/uzrasu-knygele-saskaiteles-kavinems-a6-80-lap-nenumeruotas-00522\/#breadcrumb"},"inLanguage":"en-US","potentialAction":[{"@type":"ReadAction","target":["https:\/\/rutana.lt\/produktas\/uzrasu-knygele-saskaiteles-kavinems-a6-80-lap-nenumeruotas-00522\/"]}]},{"@type":"ImageObject","inLanguage":"en-US","@id":"https:\/\/rutana.lt\/produktas\/uzrasu-knygele-saskaiteles-kavinems-a6-80-lap-nenumeruotas-00522\/#primaryimage","url":"https:\/\/rutana.lt\/wp-content\/uploads\/2025\/09\/A135-001-1.jpg?v=1763620521","contentUrl":"https:\/\/rutana.lt\/wp-content\/uploads\/2025\/09\/A135-001-1.jpg?v=1763620521","width":500,"height":501},{"@type":"BreadcrumbList","@id":"https:\/\/rutana.lt\/produktas\/uzrasu-knygele-saskaiteles-kavinems-a6-80-lap-nenumeruotas-00522\/#breadcrumb","itemListElement":[{"@type":"ListItem","position":1,"name":"Home","item":"https:\/\/rutana.lt\/"},{"@type":"ListItem","position":2,"name":"Parduotuv\u0117","item":"https:\/\/rutana.lt\/parduotuve\/"},{"@type":"ListItem","position":3,"name":"U\u017era\u0161\u0173 knygel\u0117 &#8211; s\u0105skait\u0117l\u0117s kavin\u0117ms A6\/80 lap. nenumeruotas 00522"}]},{"@type":"WebSite","@id":"https:\/\/rutana.lt\/#website","url":"https:\/\/rutana.lt\/","name":"Rutana - Ra\u0161tin\u0117s reikmenys","description":"Prekiaujame pasaulin\u0117je rinkoje pripa\u017eintomis, kokybi\u0161komis biuro prek\u0117mis toki\u0173  gamintoj\u0173 kaip: Schneider, Esselte, Novus, 3M, Faber-Castell, Citizen, Milan, Leitz, Colop, Zebra, Staedtler, Durable, Tork, Parker, Waterman ir kt.","publisher":{"@id":"https:\/\/rutana.lt\/#organization"},"potentialAction":[{"@type":"SearchAction","target":{"@type":"EntryPoint","urlTemplate":"https:\/\/rutana.lt\/?s={search_term_string}"},"query-input":{"@type":"PropertyValueSpecification","valueRequired":true,"valueName":"search_term_string"}}],"inLanguage":"en-US"},{"@type":"Organization","@id":"https:\/\/rutana.lt\/#organization","name":"Rutana - Ra\u0161tin\u0117s reikmenys","url":"https:\/\/rutana.lt\/","logo":{"@type":"ImageObject","inLanguage":"en-US","@id":"https:\/\/rutana.lt\/#\/schema\/logo\/image\/","url":"https:\/\/rutana.lt\/wp-content\/uploads\/2025\/10\/Asset-32.png","contentUrl":"https:\/\/rutana.lt\/wp-content\/uploads\/2025\/10\/Asset-32.png","width":433,"height":119,"caption":"Rutana - Ra\u0161tin\u0117s reikmenys"},"image":{"@id":"https:\/\/rutana.lt\/#\/schema\/logo\/image\/"},"sameAs":["https:\/\/www.facebook.com\/RutanaKanceliarinesPrekes\/"]}]}},"_links":{"self":[{"href":"https:\/\/rutana.lt\/en\/wp-json\/wp\/v2\/product\/10058","targetHints":{"allow":["GET"]}}],"collection":[{"href":"https:\/\/rutana.lt\/en\/wp-json\/wp\/v2\/product"}],"about":[{"href":"https:\/\/rutana.lt\/en\/wp-json\/wp\/v2\/types\/product"}],"replies":[{"embeddable":true,"href":"https:\/\/rutana.lt\/en\/wp-json\/wp\/v2\/comments?post=10058"}],"version-history":[{"count":1,"href":"https:\/\/rutana.lt\/en\/wp-json\/wp\/v2\/product\/10058\/revisions"}],"predecessor-version":[{"id":10092,"href":"https:\/\/rutana.lt\/en\/wp-json\/wp\/v2\/product\/10058\/revisions\/10092"}],"wp:featuredmedia":[{"embeddable":true,"href":"https:\/\/rutana.lt\/en\/wp-json\/wp\/v2\/media\/27007"}],"wp:attachment":[{"href":"https:\/\/rutana.lt\/en\/wp-json\/wp\/v2\/media?parent=10058"}],"wp:term":[{"taxonomy":"product_brand","embeddable":true,"href":"https:\/\/rutana.lt\/en\/wp-json\/wp\/v2\/product_brand?post=10058"},{"taxonomy":"product_cat","embeddable":true,"href":"https:\/\/rutana.lt\/en\/wp-json\/wp\/v2\/product_cat?post=10058"},{"taxonomy":"product_tag","embeddable":true,"href":"https:\/\/rutana.lt\/en\/wp-json\/wp\/v2\/product_tag?post=10058"}],"curies":[{"name":"wp","href":"https:\/\/api.w.org\/{rel}","templated":true}]}}