{"id":21206,"date":"2025-09-10T09:42:02","date_gmt":"2025-09-10T07:42:02","guid":{"rendered":"https:\/\/rutana.webdemo.lt\/?page_id=21206"},"modified":"2025-09-15T12:15:28","modified_gmt":"2025-09-15T10:15:28","slug":"terminai-ir-salygos","status":"publish","type":"page","link":"https:\/\/rutana.lt\/en\/terminai-ir-salygos\/","title":{"rendered":"Terms and conditions"},"content":{"rendered":"<div data-elementor-type=\"wp-page\" data-elementor-id=\"21206\" class=\"elementor elementor-21206\" data-elementor-post-type=\"page\">\n\t\t\t\t<div class=\"aux-parallax-section elementor-element elementor-element-df1b090 aux-appear-watch-animation aux-mask-from-right e-flex e-con-boxed e-con e-parent\" data-id=\"df1b090\" data-element_type=\"container\" data-e-type=\"container\" data-settings=\"{&quot;background_background&quot;:&quot;classic&quot;}\">\n\t\t\t\t\t<div class=\"e-con-inner\">\n\t\t<div class=\"elementor-element elementor-element-9b33b62 e-con-full e-flex e-con e-child\" data-id=\"9b33b62\" data-element_type=\"container\" data-e-type=\"container\">\n\t\t\t\t<\/div>\n\t\t<div class=\"elementor-element elementor-element-804fdb0 e-con-full e-flex e-con e-child\" data-id=\"804fdb0\" data-element_type=\"container\" data-e-type=\"container\">\n\t\t\t\t<div class=\"elementor-element elementor-element-b050130 elementor-widget elementor-widget-heading\" data-id=\"b050130\" data-element_type=\"widget\" data-e-type=\"widget\" data-widget_type=\"heading.default\">\n\t\t\t\t<div class=\"elementor-widget-container\">\n\t\t\t\t\t<h2 class=\"elementor-heading-title elementor-size-default\">Terms and conditions<\/h2>\t\t\t\t<\/div>\n\t\t\t\t<\/div>\n\t\t\t\t<\/div>\n\t\t\t\t\t<\/div>\n\t\t\t\t<\/div>\n\t\t<div class=\"aux-parallax-section elementor-element elementor-element-09cf660 e-flex e-con-boxed e-con e-parent\" data-id=\"09cf660\" data-element_type=\"container\" data-e-type=\"container\">\n\t\t\t\t\t<div class=\"e-con-inner\">\n\t\t\t\t<div class=\"elementor-element elementor-element-2fca495 aux-appear-watch-animation aux-fade-in-up elementor-widget elementor-widget-text-editor\" data-id=\"2fca495\" data-element_type=\"widget\" data-e-type=\"widget\" data-widget_type=\"text-editor.default\">\n\t\t\t\t<div class=\"elementor-widget-container\">\n\t\t\t\t\t\t\t\t\t<p>The following rules set out the general mutual obligations, rights, and responsibilities when purchasing goods from an online store\u00a0<a href=\"https:\/\/rutana.lt\/en\/\">www.rutana.lt<\/a><\/p>\t\t\t\t\t\t\t\t<\/div>\n\t\t\t\t<\/div>\n\t\t\t\t\t<\/div>\n\t\t\t\t<\/div>\n\t\t<div class=\"aux-parallax-section elementor-element elementor-element-d80d41b e-flex e-con-boxed e-con e-parent\" data-id=\"d80d41b\" data-element_type=\"container\" data-e-type=\"container\">\n\t\t\t\t\t<div class=\"e-con-inner\">\n\t\t\t\t<div class=\"elementor-element elementor-element-79f6911 aux-appear-watch-animation aux-fade-in-up elementor-widget elementor-widget-heading\" data-id=\"79f6911\" data-element_type=\"widget\" data-e-type=\"widget\" data-widget_type=\"heading.default\">\n\t\t\t\t<div class=\"elementor-widget-container\">\n\t\t\t\t\t<h4 class=\"elementor-heading-title elementor-size-default\">Conclusion of a purchase and sale agreement<\/h4>\t\t\t\t<\/div>\n\t\t\t\t<\/div>\n\t\t<div class=\"elementor-element elementor-element-bc080c3 e-con-full e-flex e-con e-child\" data-id=\"bc080c3\" data-element_type=\"container\" data-e-type=\"container\">\n\t\t\t\t<div class=\"elementor-element elementor-element-2941add aux-appear-watch-animation aux-fade-in-up elementor-widget elementor-widget-text-editor\" data-id=\"2941add\" data-element_type=\"widget\" data-e-type=\"widget\" data-widget_type=\"text-editor.default\">\n\t\t\t\t<div class=\"elementor-widget-container\">\n\t\t\t\t\t\t\t\t\t<p style=\"font-weight: 400;\">The buyer selects the goods that are relevant to them, thus forming an order basket.<\/p><p style=\"font-weight: 400;\">To continue with the order, the buyer enters the necessary personal data \u2013 first name, last name, telephone number, delivery address, payment method, etc. The contract is considered concluded when the buyer clicks \"Confirm order\" at the bottom of the page.<\/p><p style=\"font-weight: 400;\">Once all steps have been completed correctly, the buyer receives confirmation of the contract.<\/p>\t\t\t\t\t\t\t\t<\/div>\n\t\t\t\t<\/div>\n\t\t\t\t<\/div>\n\t\t<div class=\"elementor-element elementor-element-46b1d3a e-con-full e-flex e-con e-child\" data-id=\"46b1d3a\" data-element_type=\"container\" data-e-type=\"container\">\n\t\t\t\t<div class=\"elementor-element elementor-element-1c64fce aux-appear-watch-animation aux-fade-in-up elementor-widget elementor-widget-heading\" data-id=\"1c64fce\" data-element_type=\"widget\" data-e-type=\"widget\" data-widget_type=\"heading.default\">\n\t\t\t\t<div class=\"elementor-widget-container\">\n\t\t\t\t\t<h4 class=\"elementor-heading-title elementor-size-default\">Payment and delivery<\/h4>\t\t\t\t<\/div>\n\t\t\t\t<\/div>\n\t\t\t\t<\/div>\n\t\t<div class=\"elementor-element elementor-element-e7d0db7 e-con-full e-flex e-con e-child\" data-id=\"e7d0db7\" data-element_type=\"container\" data-e-type=\"container\">\n\t\t\t\t<div class=\"elementor-element elementor-element-bfa1f28 aux-appear-watch-animation aux-fade-in-up elementor-widget elementor-widget-text-editor\" data-id=\"bfa1f28\" data-element_type=\"widget\" data-e-type=\"widget\" data-widget_type=\"text-editor.default\">\n\t\t\t\t<div class=\"elementor-widget-container\">\n\t\t\t\t\t\t\t\t\t<p style=\"font-weight: 400;\">When ordering goods from\u00a0<a href=\"https:\/\/rutana.lt\/en\/\">www.rutana.lt<\/a>, the buyer undertakes to pay by bank transfer within 24 hours, otherwise the order will be suspended.<\/p><p style=\"font-weight: 400;\">UAB Rutana undertakes to deliver the ordered goods to the specified address in Lithuania in accordance with the concluded purchase and sale agreement and to inform about the delivery time by SMS or e-mail, unless other delivery terms were agreed upon at the time of ordering.<\/p>\t\t\t\t\t\t\t\t<\/div>\n\t\t\t\t<\/div>\n\t\t\t\t<\/div>\n\t\t<div class=\"elementor-element elementor-element-fbd6334 e-con-full e-flex e-con e-child\" data-id=\"fbd6334\" data-element_type=\"container\" data-e-type=\"container\">\n\t\t\t\t<div class=\"elementor-element elementor-element-f373496 aux-appear-watch-animation aux-fade-in-up elementor-widget elementor-widget-heading\" data-id=\"f373496\" data-element_type=\"widget\" data-e-type=\"widget\" data-widget_type=\"heading.default\">\n\t\t\t\t<div class=\"elementor-widget-container\">\n\t\t\t\t\t<h4 class=\"elementor-heading-title elementor-size-default\">Buyer's rights and obligations<\/h4>\t\t\t\t<\/div>\n\t\t\t\t<\/div>\n\t\t\t\t<\/div>\n\t\t<div class=\"elementor-element elementor-element-5a789aa e-con-full e-flex e-con e-child\" data-id=\"5a789aa\" data-element_type=\"container\" data-e-type=\"container\">\n\t\t\t\t<div class=\"elementor-element elementor-element-91becc7 aux-appear-watch-animation aux-fade-in-up elementor-widget elementor-widget-text-editor\" data-id=\"91becc7\" data-element_type=\"widget\" data-e-type=\"widget\" data-widget_type=\"text-editor.default\">\n\t\t\t\t<div class=\"elementor-widget-container\">\n\t\t\t\t\t\t\t\t\t<ul><li>The buyer has the right to purchase in accordance with the store's established procedure.<\/li><li>When shopping at\u00a0<a href=\"https:\/\/rutana.lt\/en\/\">www.rutana.lt<\/a>\u00a0 the buyer undertakes to transfer the required amount of money to the seller's account within the period specified in the rules and to accept the ordered goods.<\/li><li>If the buyer provides inaccurate data or an incorrect address, they undertake to pay all delivery or other additional costs incurred through their fault.<\/li><\/ul>\t\t\t\t\t\t\t\t<\/div>\n\t\t\t\t<\/div>\n\t\t\t\t<\/div>\n\t\t<div class=\"elementor-element elementor-element-41ee0e7 e-con-full e-flex e-con e-child\" data-id=\"41ee0e7\" data-element_type=\"container\" data-e-type=\"container\">\n\t\t\t\t<div class=\"elementor-element elementor-element-640a609 aux-appear-watch-animation aux-fade-in-up elementor-widget elementor-widget-heading\" data-id=\"640a609\" data-element_type=\"widget\" data-e-type=\"widget\" data-widget_type=\"heading.default\">\n\t\t\t\t<div class=\"elementor-widget-container\">\n\t\t\t\t\t<h4 class=\"elementor-heading-title elementor-size-default\">Seller's rights and obligations<\/h4>\t\t\t\t<\/div>\n\t\t\t\t<\/div>\n\t\t\t\t<\/div>\n\t\t<div class=\"elementor-element elementor-element-a5c2390 e-con-full e-flex e-con e-child\" data-id=\"a5c2390\" data-element_type=\"container\" data-e-type=\"container\">\n\t\t\t\t<div class=\"elementor-element elementor-element-4c6c331 aux-appear-watch-animation aux-fade-in-up elementor-widget elementor-widget-text-editor\" data-id=\"4c6c331\" data-element_type=\"widget\" data-e-type=\"widget\" data-widget_type=\"text-editor.default\">\n\t\t\t\t<div class=\"elementor-widget-container\">\n\t\t\t\t\t\t\t\t\t<p>The seller has the right to amend the rules at its discretion. The rules applicable at the time of purchase and sale are those that were in force at the time the order was placed. If necessary, the seller has the right to obtain information identifying the buyer and confirming their right to conclude the contract.<\/p>\t\t\t\t\t\t\t\t<\/div>\n\t\t\t\t<\/div>\n\t\t\t\t<\/div>\n\t\t<div class=\"elementor-element elementor-element-f50cc03 e-con-full e-flex e-con e-child\" data-id=\"f50cc03\" data-element_type=\"container\" data-e-type=\"container\">\n\t\t\t\t<div class=\"elementor-element elementor-element-de3268c aux-appear-watch-animation aux-fade-in-up elementor-widget elementor-widget-heading\" data-id=\"de3268c\" data-element_type=\"widget\" data-e-type=\"widget\" data-widget_type=\"heading.default\">\n\t\t\t\t<div class=\"elementor-widget-container\">\n\t\t\t\t\t<h4 class=\"elementor-heading-title elementor-size-default\">Return of goods<\/h4>\t\t\t\t<\/div>\n\t\t\t\t<\/div>\n\t\t\t\t<\/div>\n\t\t<div class=\"elementor-element elementor-element-2df99e0 e-con-full e-flex e-con e-child\" data-id=\"2df99e0\" data-element_type=\"container\" data-e-type=\"container\">\n\t\t\t\t<div class=\"elementor-element elementor-element-2e1d13b aux-appear-watch-animation aux-fade-in-up elementor-widget elementor-widget-text-editor\" data-id=\"2e1d13b\" data-element_type=\"widget\" data-e-type=\"widget\" data-widget_type=\"text-editor.default\">\n\t\t\t\t<div class=\"elementor-widget-container\">\n\t\t\t\t\t\t\t\t\t<ul><li>Returns are permitted in accordance with the procedure established by the Rules for the Sale of Goods and Provision of Services when Contracts are Concluded by Means of Communication, approved by Order No. 258 of the Minister of Economy on August 17, 2001.<\/li><li>Exchanges and returns are only possible if the sold item is undamaged and has not lost its commercial appearance. Changes in the appearance of the item and its packaging that occurred during inspection of the item are not considered significant changes in the appearance of the item.<\/li><li>The buyer shall pay the return and delivery costs.<\/li><\/ul>\t\t\t\t\t\t\t\t<\/div>\n\t\t\t\t<\/div>\n\t\t\t\t<\/div>\n\t\t\t\t\t<\/div>\n\t\t\t\t<\/div>\n\t\t\t\t<\/div>","protected":false},"excerpt":{"rendered":"<p>Terminai ir s\u0105lygos Toliau nurodytose taisykl\u0117se, pateikiame bendras tarpusavio pareigas, teises, bei atsakomyb\u0119, \u012fsigyjant prekes elektronin\u0117je parduotuv\u0117je\u00a0www.rutana.lt Pirkimo \u2013 pardavimo sutarties sudarymas Pirk\u0117jas pasirenka jam aktualias prekes taip suformuodamas u\u017esakym\u0173 krep\u0161el\u012f. Nor\u0117damas t\u0119sti u\u017esakym\u0105, pirk\u0117jas suveda b\u016btinus asmeninius duomenis &#8211; vardas, pavard\u0117, telefonas, pristatymo adresas, apmok\u0117jimo b\u016bdas ir t.t. Sutartis laikoma sudaryta, kai pirk\u0117jas puslapio [&hellip;]<\/p>","protected":false},"author":1,"featured_media":0,"parent":0,"menu_order":0,"comment_status":"closed","ping_status":"closed","template":"","meta":{"footnotes":""},"class_list":["post-21206","page","type-page","status-publish","hentry"],"yoast_head":"<!-- This site is optimized with the Yoast SEO plugin v27.4 - https:\/\/yoast.com\/product\/yoast-seo-wordpress\/ -->\n<title>Terminai ir s\u0105lygos - Rutana - Ra\u0161tin\u0117s reikmenys<\/title>\n<meta name=\"robots\" content=\"index, follow, max-snippet:-1, max-image-preview:large, max-video-preview:-1\" \/>\n<link rel=\"canonical\" href=\"https:\/\/rutana.lt\/en\/terminai-ir-salygos\/\" \/>\n<meta property=\"og:locale\" content=\"en_US\" \/>\n<meta property=\"og:type\" content=\"article\" \/>\n<meta property=\"og:title\" content=\"Terminai ir s\u0105lygos - Rutana - Ra\u0161tin\u0117s reikmenys\" \/>\n<meta property=\"og:description\" content=\"Terminai ir s\u0105lygos Toliau nurodytose taisykl\u0117se, pateikiame bendras tarpusavio pareigas, teises, bei atsakomyb\u0119, \u012fsigyjant prekes elektronin\u0117je parduotuv\u0117je\u00a0www.rutana.lt Pirkimo \u2013 pardavimo sutarties sudarymas Pirk\u0117jas pasirenka jam aktualias prekes taip suformuodamas u\u017esakym\u0173 krep\u0161el\u012f. Nor\u0117damas t\u0119sti u\u017esakym\u0105, pirk\u0117jas suveda b\u016btinus asmeninius duomenis &#8211; vardas, pavard\u0117, telefonas, pristatymo adresas, apmok\u0117jimo b\u016bdas ir t.t. Sutartis laikoma sudaryta, kai pirk\u0117jas puslapio [&hellip;]\" \/>\n<meta property=\"og:url\" content=\"https:\/\/rutana.lt\/en\/terminai-ir-salygos\/\" \/>\n<meta property=\"og:site_name\" content=\"Rutana - Ra\u0161tin\u0117s reikmenys\" \/>\n<meta property=\"article:publisher\" content=\"https:\/\/www.facebook.com\/RutanaKanceliarinesPrekes\/\" \/>\n<meta property=\"article:modified_time\" content=\"2025-09-15T10:15:28+00:00\" \/>\n<meta name=\"twitter:card\" content=\"summary_large_image\" \/>\n<meta name=\"twitter:label1\" content=\"Est. reading time\" \/>\n\t<meta name=\"twitter:data1\" content=\"2 minutes\" \/>\n<script type=\"application\/ld+json\" class=\"yoast-schema-graph\">{\"@context\":\"https:\\\/\\\/schema.org\",\"@graph\":[{\"@type\":\"WebPage\",\"@id\":\"https:\\\/\\\/rutana.lt\\\/terminai-ir-salygos\\\/\",\"url\":\"https:\\\/\\\/rutana.lt\\\/terminai-ir-salygos\\\/\",\"name\":\"Terminai ir s\u0105lygos - Rutana - Ra\u0161tin\u0117s reikmenys\",\"isPartOf\":{\"@id\":\"https:\\\/\\\/rutana.lt\\\/#website\"},\"datePublished\":\"2025-09-10T07:42:02+00:00\",\"dateModified\":\"2025-09-15T10:15:28+00:00\",\"breadcrumb\":{\"@id\":\"https:\\\/\\\/rutana.lt\\\/terminai-ir-salygos\\\/#breadcrumb\"},\"inLanguage\":\"en-US\",\"potentialAction\":[{\"@type\":\"ReadAction\",\"target\":[\"https:\\\/\\\/rutana.lt\\\/terminai-ir-salygos\\\/\"]}]},{\"@type\":\"BreadcrumbList\",\"@id\":\"https:\\\/\\\/rutana.lt\\\/terminai-ir-salygos\\\/#breadcrumb\",\"itemListElement\":[{\"@type\":\"ListItem\",\"position\":1,\"name\":\"Home\",\"item\":\"https:\\\/\\\/rutana.lt\\\/\"},{\"@type\":\"ListItem\",\"position\":2,\"name\":\"Terminai ir s\u0105lygos\"}]},{\"@type\":\"WebSite\",\"@id\":\"https:\\\/\\\/rutana.lt\\\/#website\",\"url\":\"https:\\\/\\\/rutana.lt\\\/\",\"name\":\"Rutana - Ra\u0161tin\u0117s reikmenys\",\"description\":\"Prekiaujame pasaulin\u0117je rinkoje pripa\u017eintomis, kokybi\u0161komis biuro prek\u0117mis toki\u0173  gamintoj\u0173 kaip: Schneider, Esselte, Novus, 3M, Faber-Castell, Citizen, Milan, Leitz, Colop, Zebra, Staedtler, Durable, Tork, Parker, Waterman ir kt.\",\"publisher\":{\"@id\":\"https:\\\/\\\/rutana.lt\\\/#organization\"},\"potentialAction\":[{\"@type\":\"SearchAction\",\"target\":{\"@type\":\"EntryPoint\",\"urlTemplate\":\"https:\\\/\\\/rutana.lt\\\/?s={search_term_string}\"},\"query-input\":{\"@type\":\"PropertyValueSpecification\",\"valueRequired\":true,\"valueName\":\"search_term_string\"}}],\"inLanguage\":\"en-US\"},{\"@type\":\"Organization\",\"@id\":\"https:\\\/\\\/rutana.lt\\\/#organization\",\"name\":\"Rutana - Ra\u0161tin\u0117s reikmenys\",\"url\":\"https:\\\/\\\/rutana.lt\\\/\",\"logo\":{\"@type\":\"ImageObject\",\"inLanguage\":\"en-US\",\"@id\":\"https:\\\/\\\/rutana.lt\\\/#\\\/schema\\\/logo\\\/image\\\/\",\"url\":\"https:\\\/\\\/rutana.lt\\\/wp-content\\\/uploads\\\/2025\\\/10\\\/Asset-32.png\",\"contentUrl\":\"https:\\\/\\\/rutana.lt\\\/wp-content\\\/uploads\\\/2025\\\/10\\\/Asset-32.png\",\"width\":433,\"height\":119,\"caption\":\"Rutana - Ra\u0161tin\u0117s reikmenys\"},\"image\":{\"@id\":\"https:\\\/\\\/rutana.lt\\\/#\\\/schema\\\/logo\\\/image\\\/\"},\"sameAs\":[\"https:\\\/\\\/www.facebook.com\\\/RutanaKanceliarinesPrekes\\\/\"]}]}<\/script>\n<!-- \/ Yoast SEO plugin. -->","yoast_head_json":{"title":"Terminai ir s\u0105lygos - Rutana - Ra\u0161tin\u0117s reikmenys","robots":{"index":"index","follow":"follow","max-snippet":"max-snippet:-1","max-image-preview":"max-image-preview:large","max-video-preview":"max-video-preview:-1"},"canonical":"https:\/\/rutana.lt\/en\/terminai-ir-salygos\/","og_locale":"en_US","og_type":"article","og_title":"Terminai ir s\u0105lygos - Rutana - Ra\u0161tin\u0117s reikmenys","og_description":"Terminai ir s\u0105lygos Toliau nurodytose taisykl\u0117se, pateikiame bendras tarpusavio pareigas, teises, bei atsakomyb\u0119, \u012fsigyjant prekes elektronin\u0117je parduotuv\u0117je\u00a0www.rutana.lt Pirkimo \u2013 pardavimo sutarties sudarymas Pirk\u0117jas pasirenka jam aktualias prekes taip suformuodamas u\u017esakym\u0173 krep\u0161el\u012f. Nor\u0117damas t\u0119sti u\u017esakym\u0105, pirk\u0117jas suveda b\u016btinus asmeninius duomenis &#8211; vardas, pavard\u0117, telefonas, pristatymo adresas, apmok\u0117jimo b\u016bdas ir t.t. Sutartis laikoma sudaryta, kai pirk\u0117jas puslapio [&hellip;]","og_url":"https:\/\/rutana.lt\/en\/terminai-ir-salygos\/","og_site_name":"Rutana - Ra\u0161tin\u0117s reikmenys","article_publisher":"https:\/\/www.facebook.com\/RutanaKanceliarinesPrekes\/","article_modified_time":"2025-09-15T10:15:28+00:00","twitter_card":"summary_large_image","twitter_misc":{"Est. reading time":"2 minutes"},"schema":{"@context":"https:\/\/schema.org","@graph":[{"@type":"WebPage","@id":"https:\/\/rutana.lt\/terminai-ir-salygos\/","url":"https:\/\/rutana.lt\/terminai-ir-salygos\/","name":"Terminai ir s\u0105lygos - Rutana - Ra\u0161tin\u0117s reikmenys","isPartOf":{"@id":"https:\/\/rutana.lt\/#website"},"datePublished":"2025-09-10T07:42:02+00:00","dateModified":"2025-09-15T10:15:28+00:00","breadcrumb":{"@id":"https:\/\/rutana.lt\/terminai-ir-salygos\/#breadcrumb"},"inLanguage":"en-US","potentialAction":[{"@type":"ReadAction","target":["https:\/\/rutana.lt\/terminai-ir-salygos\/"]}]},{"@type":"BreadcrumbList","@id":"https:\/\/rutana.lt\/terminai-ir-salygos\/#breadcrumb","itemListElement":[{"@type":"ListItem","position":1,"name":"Home","item":"https:\/\/rutana.lt\/"},{"@type":"ListItem","position":2,"name":"Terminai ir s\u0105lygos"}]},{"@type":"WebSite","@id":"https:\/\/rutana.lt\/#website","url":"https:\/\/rutana.lt\/","name":"Rutana - Ra\u0161tin\u0117s reikmenys","description":"Prekiaujame pasaulin\u0117je rinkoje pripa\u017eintomis, kokybi\u0161komis biuro prek\u0117mis toki\u0173  gamintoj\u0173 kaip: Schneider, Esselte, Novus, 3M, Faber-Castell, Citizen, Milan, Leitz, Colop, Zebra, Staedtler, Durable, Tork, Parker, Waterman ir kt.","publisher":{"@id":"https:\/\/rutana.lt\/#organization"},"potentialAction":[{"@type":"SearchAction","target":{"@type":"EntryPoint","urlTemplate":"https:\/\/rutana.lt\/?s={search_term_string}"},"query-input":{"@type":"PropertyValueSpecification","valueRequired":true,"valueName":"search_term_string"}}],"inLanguage":"en-US"},{"@type":"Organization","@id":"https:\/\/rutana.lt\/#organization","name":"Rutana - Ra\u0161tin\u0117s reikmenys","url":"https:\/\/rutana.lt\/","logo":{"@type":"ImageObject","inLanguage":"en-US","@id":"https:\/\/rutana.lt\/#\/schema\/logo\/image\/","url":"https:\/\/rutana.lt\/wp-content\/uploads\/2025\/10\/Asset-32.png","contentUrl":"https:\/\/rutana.lt\/wp-content\/uploads\/2025\/10\/Asset-32.png","width":433,"height":119,"caption":"Rutana - Ra\u0161tin\u0117s reikmenys"},"image":{"@id":"https:\/\/rutana.lt\/#\/schema\/logo\/image\/"},"sameAs":["https:\/\/www.facebook.com\/RutanaKanceliarinesPrekes\/"]}]}},"_links":{"self":[{"href":"https:\/\/rutana.lt\/en\/wp-json\/wp\/v2\/pages\/21206","targetHints":{"allow":["GET"]}}],"collection":[{"href":"https:\/\/rutana.lt\/en\/wp-json\/wp\/v2\/pages"}],"about":[{"href":"https:\/\/rutana.lt\/en\/wp-json\/wp\/v2\/types\/page"}],"author":[{"embeddable":true,"href":"https:\/\/rutana.lt\/en\/wp-json\/wp\/v2\/users\/1"}],"replies":[{"embeddable":true,"href":"https:\/\/rutana.lt\/en\/wp-json\/wp\/v2\/comments?post=21206"}],"version-history":[{"count":10,"href":"https:\/\/rutana.lt\/en\/wp-json\/wp\/v2\/pages\/21206\/revisions"}],"predecessor-version":[{"id":21396,"href":"https:\/\/rutana.lt\/en\/wp-json\/wp\/v2\/pages\/21206\/revisions\/21396"}],"wp:attachment":[{"href":"https:\/\/rutana.lt\/en\/wp-json\/wp\/v2\/media?parent=21206"}],"curies":[{"name":"wp","href":"https:\/\/api.w.org\/{rel}","templated":true}]}}