{"id":21202,"date":"2025-09-10T09:41:35","date_gmt":"2025-09-10T07:41:35","guid":{"rendered":"https:\/\/rutana.webdemo.lt\/?page_id=21202"},"modified":"2025-09-15T10:09:30","modified_gmt":"2025-09-15T08:09:30","slug":"pirkimas-ir-pristatymas","status":"publish","type":"page","link":"https:\/\/rutana.lt\/en\/pirkimas-ir-pristatymas\/","title":{"rendered":"Purchase and delivery"},"content":{"rendered":"<div data-elementor-type=\"wp-page\" data-elementor-id=\"21202\" class=\"elementor elementor-21202\" data-elementor-post-type=\"page\">\n\t\t\t\t<div class=\"aux-parallax-section elementor-element elementor-element-328ca79 e-flex e-con-boxed e-con e-parent\" data-id=\"328ca79\" data-element_type=\"container\" data-e-type=\"container\">\n\t\t\t\t\t<div class=\"e-con-inner\">\n\t\t<div class=\"elementor-element elementor-element-bc0dfaa e-con-full e-flex e-con e-child\" data-id=\"bc0dfaa\" data-element_type=\"container\" data-e-type=\"container\">\n\t\t\t\t<div class=\"elementor-element elementor-element-c52c613 aux-appear-watch-animation aux-mask-from-right elementor-widget elementor-widget-aux_image\" data-id=\"c52c613\" data-element_type=\"widget\" data-e-type=\"widget\" data-widget_type=\"aux_image.default\">\n\t\t\t\t<div class=\"elementor-widget-container\">\n\t\t\t\t\t<section class=\"widget-container aux-widget-image aux-alignnone aux-parent-aub2e7e7f0\">\n    <div class=\"aux-media-hint-frame\">\n        <div class=\"aux-media-image\" >\n        \n            \n\n            \n            <img fetchpriority=\"high\" decoding=\"async\" width=\"768\" height=\"768\" src=\"https:\/\/rutana.lt\/wp-content\/uploads\/2025\/09\/shutter-speed-BQ9usyzHx_w-unsplash-768x768.jpg\" class=\"aux-attachment aux-featured-image aux-attachment-id-21350\" alt=\"shutter-speed-BQ9usyzHx_w-unsplash\" srcset=\"https:\/\/rutana.lt\/wp-content\/uploads\/2025\/09\/shutter-speed-BQ9usyzHx_w-unsplash-150x150.jpg 150w,https:\/\/rutana.lt\/wp-content\/uploads\/2025\/09\/shutter-speed-BQ9usyzHx_w-unsplash-300x300.jpg 300w,https:\/\/rutana.lt\/wp-content\/uploads\/2025\/09\/shutter-speed-BQ9usyzHx_w-unsplash-768x768.jpg 768w,https:\/\/rutana.lt\/wp-content\/uploads\/2025\/09\/shutter-speed-BQ9usyzHx_w-unsplash-1024x1024.jpg 1024w,https:\/\/rutana.lt\/wp-content\/uploads\/2025\/09\/shutter-speed-BQ9usyzHx_w-unsplash-768x768.jpg 768w\" data-ratio=\"1\" data-original-w=\"2560\" sizes=\"(max-width:479px) 480px,(max-width:767px) 768px,(max-width:1023px) 1024px,768px\" \/>            \n                <\/div>\n    <\/div>\n\n<\/section><!-- widget-container -->\t\t\t\t<\/div>\n\t\t\t\t<\/div>\n\t\t\t\t<\/div>\n\t\t<div class=\"elementor-element elementor-element-4b27d98 e-con-full e-flex e-con e-child\" data-id=\"4b27d98\" data-element_type=\"container\" data-e-type=\"container\">\n\t\t<div class=\"elementor-element elementor-element-7cb0131 e-con-full aux-appear-watch-animation aux-fade-in-up e-flex e-con e-child\" data-id=\"7cb0131\" data-element_type=\"container\" data-e-type=\"container\">\n\t\t\t\t<div class=\"elementor-element elementor-element-96bed23 elementor-widget elementor-widget-heading\" data-id=\"96bed23\" data-element_type=\"widget\" data-e-type=\"widget\" data-widget_type=\"heading.default\">\n\t\t\t\t<div class=\"elementor-widget-container\">\n\t\t\t\t\t<h2 class=\"elementor-heading-title elementor-size-default\">Purchase and delivery of goods<\/h2>\t\t\t\t<\/div>\n\t\t\t\t<\/div>\n\t\t\t\t<div class=\"elementor-element elementor-element-c805056 elementor-widget elementor-widget-text-editor\" data-id=\"c805056\" data-element_type=\"widget\" data-e-type=\"widget\" data-widget_type=\"text-editor.default\">\n\t\t\t\t<div class=\"elementor-widget-container\">\n\t\t\t\t\t\t\t\t\t<p>Rutana.lt is a constantly updated online store where you can save time and money by shopping easily and conveniently without leaving your home or office.<\/p>\t\t\t\t\t\t\t\t<\/div>\n\t\t\t\t<\/div>\n\t\t\t\t<\/div>\n\t\t<div class=\"elementor-element elementor-element-81e2496 e-con-full aux-appear-watch-animation aux-fade-in-up e-flex e-con e-child\" data-id=\"81e2496\" data-element_type=\"container\" data-e-type=\"container\">\n\t\t\t\t<div class=\"elementor-element elementor-element-38ec9e0 elementor-widget elementor-widget-heading\" data-id=\"38ec9e0\" data-element_type=\"widget\" data-e-type=\"widget\" data-widget_type=\"heading.default\">\n\t\t\t\t<div class=\"elementor-widget-container\">\n\t\t\t\t\t<h2 class=\"elementor-heading-title elementor-size-default\">Purchase products<\/h2>\t\t\t\t<\/div>\n\t\t\t\t<\/div>\n\t\t\t\t<\/div>\n\t\t<div class=\"elementor-element elementor-element-a3b1d9e e-con-full aux-appear-watch-animation aux-fade-in-up e-flex e-con e-child\" data-id=\"a3b1d9e\" data-element_type=\"container\" data-e-type=\"container\">\n\t\t\t\t<div class=\"elementor-element elementor-element-d0f0c4a elementor-widget elementor-widget-text-editor\" data-id=\"d0f0c4a\" data-element_type=\"widget\" data-e-type=\"widget\" data-widget_type=\"text-editor.default\">\n\t\t\t\t<div class=\"elementor-widget-container\">\n\t\t\t\t\t\t\t\t\t<ul><li>Select the desired product, choose the quantity, and add it to your shopping cart<\/li><li>Once you have selected all the items, select the shopping cart and click \"CHECKOUT\"<\/li><li>If you are a previously registered user, please log in by entering your login details<\/li><li>If you are a new user, please register by filling in the information required to complete your purchase<\/li><li>If you wish to purchase without registering, please fill in the information required to complete the purchase<\/li><li>Fill in the \"Delivery details\" fields<\/li><li>Fill in the \"Delivery method\" fields<\/li><li>Fill in the \"Payment method\" fields<\/li><li>Confirm your order and wait for the invoice for payment<\/li><li>After payment of the invoice, we will send the goods via courier service\u00a0<\/li><\/ul>\t\t\t\t\t\t\t\t<\/div>\n\t\t\t\t<\/div>\n\t\t\t\t<\/div>\n\t\t\t\t<\/div>\n\t\t\t\t\t<\/div>\n\t\t\t\t<\/div>\n\t\t<div class=\"aux-parallax-section elementor-element elementor-element-cefb584 aux-appear-watch-animation aux-fade-in-up e-flex e-con-boxed e-con e-parent\" data-id=\"cefb584\" data-element_type=\"container\" data-e-type=\"container\">\n\t\t\t\t\t<div class=\"e-con-inner\">\n\t\t\t\t<div class=\"elementor-element elementor-element-477c814 elementor-widget elementor-widget-heading\" data-id=\"477c814\" data-element_type=\"widget\" data-e-type=\"widget\" data-widget_type=\"heading.default\">\n\t\t\t\t<div class=\"elementor-widget-container\">\n\t\t\t\t\t<h2 class=\"elementor-heading-title elementor-size-default\">Delivery of products<\/h2>\t\t\t\t<\/div>\n\t\t\t\t<\/div>\n\t\t<div class=\"elementor-element elementor-element-a949ce4 e-con-full e-flex e-con e-child\" data-id=\"a949ce4\" data-element_type=\"container\" data-e-type=\"container\">\n\t\t\t\t<div class=\"elementor-element elementor-element-2508359 elementor-widget elementor-widget-text-editor\" data-id=\"2508359\" data-element_type=\"widget\" data-e-type=\"widget\" data-widget_type=\"text-editor.default\">\n\t\t\t\t<div class=\"elementor-widget-container\">\n\t\t\t\t\t\t\t\t\t<ul><li>We will deliver goods to your specified address anywhere in Lithuania.<\/li><li>Once we have handed over the goods to the courier, we will notify you by SMS or email.<\/li><li>Delivery time: Monday to Friday, 8:00 a.m. to 5:00 p.m.<\/li><\/ul>\t\t\t\t\t\t\t\t<\/div>\n\t\t\t\t<\/div>\n\t\t\t\t<\/div>\n\t\t\t\t\t<\/div>\n\t\t\t\t<\/div>\n\t\t\t\t<\/div>","protected":false},"excerpt":{"rendered":"<p>Preki\u0173 pirkimas ir pristatymas Rutana.lt &#8211; nuolat atnaujinama elektronin\u0117 parduotuv\u0117, kurioje taupydami savo laik\u0105 ir pinigus galite nesud\u0117tingai ir maloniai apsipirkti nei\u0161eidami i\u0161 nam\u0173 ar biuro. Preki\u0173 u\u017esakymas I\u0161sirinkite reikaling\u0105 prek\u0119, pasirinkite kiek\u012f ir \u012fd\u0117kite \u012f preki\u0173 krep\u0161el\u012f Kai i\u0161sirinkote visas prekes, pasirinkite preki\u0173 krep\u0161el\u012f ir spauskite &#8222;ATSISKAITYMAS&#8221; Jei esate i\u0161 anks\u010diau registruotas vartotojas, prisijunkite [&hellip;]<\/p>","protected":false},"author":1,"featured_media":0,"parent":0,"menu_order":0,"comment_status":"closed","ping_status":"closed","template":"","meta":{"footnotes":""},"class_list":["post-21202","page","type-page","status-publish","hentry"],"yoast_head":"<!-- This site is optimized with the Yoast SEO plugin v27.4 - https:\/\/yoast.com\/product\/yoast-seo-wordpress\/ -->\n<title>Pirkimas ir pristatymas - Rutana - Ra\u0161tin\u0117s reikmenys<\/title>\n<meta name=\"robots\" content=\"index, follow, max-snippet:-1, max-image-preview:large, max-video-preview:-1\" \/>\n<link rel=\"canonical\" href=\"https:\/\/rutana.lt\/en\/pirkimas-ir-pristatymas\/\" \/>\n<meta property=\"og:locale\" content=\"en_US\" \/>\n<meta property=\"og:type\" content=\"article\" \/>\n<meta property=\"og:title\" content=\"Pirkimas ir pristatymas - Rutana - Ra\u0161tin\u0117s reikmenys\" \/>\n<meta property=\"og:description\" content=\"Preki\u0173 pirkimas ir pristatymas Rutana.lt &#8211; nuolat atnaujinama elektronin\u0117 parduotuv\u0117, kurioje taupydami savo laik\u0105 ir pinigus galite nesud\u0117tingai ir maloniai apsipirkti nei\u0161eidami i\u0161 nam\u0173 ar biuro. Preki\u0173 u\u017esakymas I\u0161sirinkite reikaling\u0105 prek\u0119, pasirinkite kiek\u012f ir \u012fd\u0117kite \u012f preki\u0173 krep\u0161el\u012f Kai i\u0161sirinkote visas prekes, pasirinkite preki\u0173 krep\u0161el\u012f ir spauskite &#8222;ATSISKAITYMAS&#8221; Jei esate i\u0161 anks\u010diau registruotas vartotojas, prisijunkite [&hellip;]\" \/>\n<meta property=\"og:url\" content=\"https:\/\/rutana.lt\/en\/pirkimas-ir-pristatymas\/\" \/>\n<meta property=\"og:site_name\" content=\"Rutana - Ra\u0161tin\u0117s reikmenys\" \/>\n<meta property=\"article:publisher\" content=\"https:\/\/www.facebook.com\/RutanaKanceliarinesPrekes\/\" \/>\n<meta property=\"article:modified_time\" content=\"2025-09-15T08:09:30+00:00\" \/>\n<meta property=\"og:image\" content=\"https:\/\/rutana.lt\/wp-content\/uploads\/2025\/09\/shutter-speed-BQ9usyzHx_w-unsplash-768x768.jpg\" \/>\n<meta name=\"twitter:card\" content=\"summary_large_image\" \/>\n<meta name=\"twitter:label1\" content=\"Est. reading time\" \/>\n\t<meta name=\"twitter:data1\" content=\"1 minute\" \/>\n<script type=\"application\/ld+json\" class=\"yoast-schema-graph\">{\"@context\":\"https:\\\/\\\/schema.org\",\"@graph\":[{\"@type\":\"WebPage\",\"@id\":\"https:\\\/\\\/rutana.lt\\\/pirkimas-ir-pristatymas\\\/\",\"url\":\"https:\\\/\\\/rutana.lt\\\/pirkimas-ir-pristatymas\\\/\",\"name\":\"Pirkimas ir pristatymas - Rutana - Ra\u0161tin\u0117s reikmenys\",\"isPartOf\":{\"@id\":\"https:\\\/\\\/rutana.lt\\\/#website\"},\"primaryImageOfPage\":{\"@id\":\"https:\\\/\\\/rutana.lt\\\/pirkimas-ir-pristatymas\\\/#primaryimage\"},\"image\":{\"@id\":\"https:\\\/\\\/rutana.lt\\\/pirkimas-ir-pristatymas\\\/#primaryimage\"},\"thumbnailUrl\":\"https:\\\/\\\/rutana.lt\\\/wp-content\\\/uploads\\\/2025\\\/09\\\/shutter-speed-BQ9usyzHx_w-unsplash-768x768.jpg\",\"datePublished\":\"2025-09-10T07:41:35+00:00\",\"dateModified\":\"2025-09-15T08:09:30+00:00\",\"breadcrumb\":{\"@id\":\"https:\\\/\\\/rutana.lt\\\/pirkimas-ir-pristatymas\\\/#breadcrumb\"},\"inLanguage\":\"en-US\",\"potentialAction\":[{\"@type\":\"ReadAction\",\"target\":[\"https:\\\/\\\/rutana.lt\\\/pirkimas-ir-pristatymas\\\/\"]}]},{\"@type\":\"ImageObject\",\"inLanguage\":\"en-US\",\"@id\":\"https:\\\/\\\/rutana.lt\\\/pirkimas-ir-pristatymas\\\/#primaryimage\",\"url\":\"https:\\\/\\\/rutana.lt\\\/wp-content\\\/uploads\\\/2025\\\/09\\\/shutter-speed-BQ9usyzHx_w-unsplash-768x768.jpg\",\"contentUrl\":\"https:\\\/\\\/rutana.lt\\\/wp-content\\\/uploads\\\/2025\\\/09\\\/shutter-speed-BQ9usyzHx_w-unsplash-768x768.jpg\"},{\"@type\":\"BreadcrumbList\",\"@id\":\"https:\\\/\\\/rutana.lt\\\/pirkimas-ir-pristatymas\\\/#breadcrumb\",\"itemListElement\":[{\"@type\":\"ListItem\",\"position\":1,\"name\":\"Home\",\"item\":\"https:\\\/\\\/rutana.lt\\\/\"},{\"@type\":\"ListItem\",\"position\":2,\"name\":\"Pirkimas ir pristatymas\"}]},{\"@type\":\"WebSite\",\"@id\":\"https:\\\/\\\/rutana.lt\\\/#website\",\"url\":\"https:\\\/\\\/rutana.lt\\\/\",\"name\":\"Rutana - Ra\u0161tin\u0117s reikmenys\",\"description\":\"Prekiaujame pasaulin\u0117je rinkoje pripa\u017eintomis, kokybi\u0161komis biuro prek\u0117mis toki\u0173  gamintoj\u0173 kaip: Schneider, Esselte, Novus, 3M, Faber-Castell, Citizen, Milan, Leitz, Colop, Zebra, Staedtler, Durable, Tork, Parker, Waterman ir kt.\",\"publisher\":{\"@id\":\"https:\\\/\\\/rutana.lt\\\/#organization\"},\"potentialAction\":[{\"@type\":\"SearchAction\",\"target\":{\"@type\":\"EntryPoint\",\"urlTemplate\":\"https:\\\/\\\/rutana.lt\\\/?s={search_term_string}\"},\"query-input\":{\"@type\":\"PropertyValueSpecification\",\"valueRequired\":true,\"valueName\":\"search_term_string\"}}],\"inLanguage\":\"en-US\"},{\"@type\":\"Organization\",\"@id\":\"https:\\\/\\\/rutana.lt\\\/#organization\",\"name\":\"Rutana - Ra\u0161tin\u0117s reikmenys\",\"url\":\"https:\\\/\\\/rutana.lt\\\/\",\"logo\":{\"@type\":\"ImageObject\",\"inLanguage\":\"en-US\",\"@id\":\"https:\\\/\\\/rutana.lt\\\/#\\\/schema\\\/logo\\\/image\\\/\",\"url\":\"https:\\\/\\\/rutana.lt\\\/wp-content\\\/uploads\\\/2025\\\/10\\\/Asset-32.png\",\"contentUrl\":\"https:\\\/\\\/rutana.lt\\\/wp-content\\\/uploads\\\/2025\\\/10\\\/Asset-32.png\",\"width\":433,\"height\":119,\"caption\":\"Rutana - Ra\u0161tin\u0117s reikmenys\"},\"image\":{\"@id\":\"https:\\\/\\\/rutana.lt\\\/#\\\/schema\\\/logo\\\/image\\\/\"},\"sameAs\":[\"https:\\\/\\\/www.facebook.com\\\/RutanaKanceliarinesPrekes\\\/\"]}]}<\/script>\n<!-- \/ Yoast SEO plugin. -->","yoast_head_json":{"title":"Pirkimas ir pristatymas - Rutana - Ra\u0161tin\u0117s reikmenys","robots":{"index":"index","follow":"follow","max-snippet":"max-snippet:-1","max-image-preview":"max-image-preview:large","max-video-preview":"max-video-preview:-1"},"canonical":"https:\/\/rutana.lt\/en\/pirkimas-ir-pristatymas\/","og_locale":"en_US","og_type":"article","og_title":"Pirkimas ir pristatymas - Rutana - Ra\u0161tin\u0117s reikmenys","og_description":"Preki\u0173 pirkimas ir pristatymas Rutana.lt &#8211; nuolat atnaujinama elektronin\u0117 parduotuv\u0117, kurioje taupydami savo laik\u0105 ir pinigus galite nesud\u0117tingai ir maloniai apsipirkti nei\u0161eidami i\u0161 nam\u0173 ar biuro. Preki\u0173 u\u017esakymas I\u0161sirinkite reikaling\u0105 prek\u0119, pasirinkite kiek\u012f ir \u012fd\u0117kite \u012f preki\u0173 krep\u0161el\u012f Kai i\u0161sirinkote visas prekes, pasirinkite preki\u0173 krep\u0161el\u012f ir spauskite &#8222;ATSISKAITYMAS&#8221; Jei esate i\u0161 anks\u010diau registruotas vartotojas, prisijunkite [&hellip;]","og_url":"https:\/\/rutana.lt\/en\/pirkimas-ir-pristatymas\/","og_site_name":"Rutana - Ra\u0161tin\u0117s reikmenys","article_publisher":"https:\/\/www.facebook.com\/RutanaKanceliarinesPrekes\/","article_modified_time":"2025-09-15T08:09:30+00:00","og_image":[{"url":"https:\/\/rutana.lt\/wp-content\/uploads\/2025\/09\/shutter-speed-BQ9usyzHx_w-unsplash-768x768.jpg","type":"","width":"","height":""}],"twitter_card":"summary_large_image","twitter_misc":{"Est. reading time":"1 minute"},"schema":{"@context":"https:\/\/schema.org","@graph":[{"@type":"WebPage","@id":"https:\/\/rutana.lt\/pirkimas-ir-pristatymas\/","url":"https:\/\/rutana.lt\/pirkimas-ir-pristatymas\/","name":"Pirkimas ir pristatymas - Rutana - Ra\u0161tin\u0117s reikmenys","isPartOf":{"@id":"https:\/\/rutana.lt\/#website"},"primaryImageOfPage":{"@id":"https:\/\/rutana.lt\/pirkimas-ir-pristatymas\/#primaryimage"},"image":{"@id":"https:\/\/rutana.lt\/pirkimas-ir-pristatymas\/#primaryimage"},"thumbnailUrl":"https:\/\/rutana.lt\/wp-content\/uploads\/2025\/09\/shutter-speed-BQ9usyzHx_w-unsplash-768x768.jpg","datePublished":"2025-09-10T07:41:35+00:00","dateModified":"2025-09-15T08:09:30+00:00","breadcrumb":{"@id":"https:\/\/rutana.lt\/pirkimas-ir-pristatymas\/#breadcrumb"},"inLanguage":"en-US","potentialAction":[{"@type":"ReadAction","target":["https:\/\/rutana.lt\/pirkimas-ir-pristatymas\/"]}]},{"@type":"ImageObject","inLanguage":"en-US","@id":"https:\/\/rutana.lt\/pirkimas-ir-pristatymas\/#primaryimage","url":"https:\/\/rutana.lt\/wp-content\/uploads\/2025\/09\/shutter-speed-BQ9usyzHx_w-unsplash-768x768.jpg","contentUrl":"https:\/\/rutana.lt\/wp-content\/uploads\/2025\/09\/shutter-speed-BQ9usyzHx_w-unsplash-768x768.jpg"},{"@type":"BreadcrumbList","@id":"https:\/\/rutana.lt\/pirkimas-ir-pristatymas\/#breadcrumb","itemListElement":[{"@type":"ListItem","position":1,"name":"Home","item":"https:\/\/rutana.lt\/"},{"@type":"ListItem","position":2,"name":"Pirkimas ir pristatymas"}]},{"@type":"WebSite","@id":"https:\/\/rutana.lt\/#website","url":"https:\/\/rutana.lt\/","name":"Rutana - Ra\u0161tin\u0117s reikmenys","description":"Prekiaujame pasaulin\u0117je rinkoje pripa\u017eintomis, kokybi\u0161komis biuro prek\u0117mis toki\u0173  gamintoj\u0173 kaip: Schneider, Esselte, Novus, 3M, Faber-Castell, Citizen, Milan, Leitz, Colop, Zebra, Staedtler, Durable, Tork, Parker, Waterman ir kt.","publisher":{"@id":"https:\/\/rutana.lt\/#organization"},"potentialAction":[{"@type":"SearchAction","target":{"@type":"EntryPoint","urlTemplate":"https:\/\/rutana.lt\/?s={search_term_string}"},"query-input":{"@type":"PropertyValueSpecification","valueRequired":true,"valueName":"search_term_string"}}],"inLanguage":"en-US"},{"@type":"Organization","@id":"https:\/\/rutana.lt\/#organization","name":"Rutana - Ra\u0161tin\u0117s reikmenys","url":"https:\/\/rutana.lt\/","logo":{"@type":"ImageObject","inLanguage":"en-US","@id":"https:\/\/rutana.lt\/#\/schema\/logo\/image\/","url":"https:\/\/rutana.lt\/wp-content\/uploads\/2025\/10\/Asset-32.png","contentUrl":"https:\/\/rutana.lt\/wp-content\/uploads\/2025\/10\/Asset-32.png","width":433,"height":119,"caption":"Rutana - Ra\u0161tin\u0117s reikmenys"},"image":{"@id":"https:\/\/rutana.lt\/#\/schema\/logo\/image\/"},"sameAs":["https:\/\/www.facebook.com\/RutanaKanceliarinesPrekes\/"]}]}},"_links":{"self":[{"href":"https:\/\/rutana.lt\/en\/wp-json\/wp\/v2\/pages\/21202","targetHints":{"allow":["GET"]}}],"collection":[{"href":"https:\/\/rutana.lt\/en\/wp-json\/wp\/v2\/pages"}],"about":[{"href":"https:\/\/rutana.lt\/en\/wp-json\/wp\/v2\/types\/page"}],"author":[{"embeddable":true,"href":"https:\/\/rutana.lt\/en\/wp-json\/wp\/v2\/users\/1"}],"replies":[{"embeddable":true,"href":"https:\/\/rutana.lt\/en\/wp-json\/wp\/v2\/comments?post=21202"}],"version-history":[{"count":14,"href":"https:\/\/rutana.lt\/en\/wp-json\/wp\/v2\/pages\/21202\/revisions"}],"predecessor-version":[{"id":21387,"href":"https:\/\/rutana.lt\/en\/wp-json\/wp\/v2\/pages\/21202\/revisions\/21387"}],"wp:attachment":[{"href":"https:\/\/rutana.lt\/en\/wp-json\/wp\/v2\/media?parent=21202"}],"curies":[{"name":"wp","href":"https:\/\/api.w.org\/{rel}","templated":true}]}}